{"id":26964,"date":"2026-02-27T00:34:51","date_gmt":"2026-02-27T00:34:51","guid":{"rendered":"https:\/\/nordicmart.andreevmaster.com\/product\/berg-jeep-passagersaede-sort-op-til-30-kg\/"},"modified":"2026-02-27T09:13:54","modified_gmt":"2026-02-27T09:13:54","slug":"berg-jeep-passagersaede-sort-op-til-30-kg","status":"publish","type":"product","link":"https:\/\/nordicmart.andreevmaster.com\/da\/vare\/berg-jeep-passagersaede-sort-op-til-30-kg\/","title":{"rendered":"Berg Jeep passagers\u00e6de sort op til 30 kg"},"content":{"rendered":"<p>Ekstra Jeep-licenseret passagers\u00e6de til Berg gokarts. Dette s\u00e6de er et fantastisk tilbeh\u00f8r til din gokart, n\u00e5r du vil give din ven, s\u00f8ster eller bror en tur! St\u00f8tten under s\u00e6det forhindrer k\u00f8ret\u00f8jet i at v\u00e6lte, n\u00e5r det er overbelastet. S\u00e6det er lavet af materialer af h\u00f8j kvalitet og af h\u00f8jeste tekniske standard. S\u00e6dets v\u00e6gt: 4,6 kg, maksimal s\u00e6debelastning: 30 kg. S\u00e6det er ikke kompatibelt med gokarts fra Buddy- og Rally-serien og kan ikke monteres samtidig med rullestangen. BERG er et hollandsk firma med over 30 \u00e5rs erfaring i produktion og salg af leget\u00f8j. Berg-k\u00f8ret\u00f8jer er udelukkende fremstillet af ekstremt holdbare og sikre materialer af h\u00f8jeste kvalitet. Hvert stykke leget\u00f8j testes med b\u00f8rn for at sikre, at det forbliver fejlfrit i mange, mange \u00e5r!<\/p>\n","protected":false},"excerpt":{"rendered":"<p>Ekstra Jeep-licenseret passagers\u00e6de til Berg gokarts. Dette s\u00e6de er et fantastisk tilbeh\u00f8r til din gokart, n\u00e5r du vil give din ven, s\u00f8ster eller bror en tur! St\u00f8tten under s\u00e6det forhindrer k\u00f8ret\u00f8jet i at v\u00e6lte, n\u00e5r det er overbelastet. S\u00e6det er lavet af materialer af h\u00f8j kvalitet og af h\u00f8jeste tekniske standard. S\u00e6dets v\u00e6gt: 4,6 kg, [&hellip;]<\/p>\n","protected":false},"featured_media":0,"comment_status":"open","ping_status":"closed","template":"","meta":[],"product_brand":[],"product_cat":[31],"product_tag":[],"class_list":{"0":"post-26964","1":"product","2":"type-product","3":"status-publish","5":"product_cat-uncategorized-da","7":"first","8":"instock","9":"shipping-taxable","10":"purchasable","11":"product-type-simple"},"_links":{"self":[{"href":"https:\/\/nordicmart.andreevmaster.com\/da\/wp-json\/wp\/v2\/product\/26964","targetHints":{"allow":["GET"]}}],"collection":[{"href":"https:\/\/nordicmart.andreevmaster.com\/da\/wp-json\/wp\/v2\/product"}],"about":[{"href":"https:\/\/nordicmart.andreevmaster.com\/da\/wp-json\/wp\/v2\/types\/product"}],"replies":[{"embeddable":true,"href":"https:\/\/nordicmart.andreevmaster.com\/da\/wp-json\/wp\/v2\/comments?post=26964"}],"wp:attachment":[{"href":"https:\/\/nordicmart.andreevmaster.com\/da\/wp-json\/wp\/v2\/media?parent=26964"}],"wp:term":[{"taxonomy":"product_brand","embeddable":true,"href":"https:\/\/nordicmart.andreevmaster.com\/da\/wp-json\/wp\/v2\/product_brand?post=26964"},{"taxonomy":"product_cat","embeddable":true,"href":"https:\/\/nordicmart.andreevmaster.com\/da\/wp-json\/wp\/v2\/product_cat?post=26964"},{"taxonomy":"product_tag","embeddable":true,"href":"https:\/\/nordicmart.andreevmaster.com\/da\/wp-json\/wp\/v2\/product_tag?post=26964"}],"curies":[{"name":"wp","href":"https:\/\/api.w.org\/{rel}","templated":true}]}}