{"id":26963,"date":"2026-02-27T00:34:51","date_gmt":"2026-02-27T00:34:51","guid":{"rendered":"https:\/\/nordicmart.andreevmaster.com\/product\/berg-led-lyssaet-til-gokarts-reflekser\/"},"modified":"2026-02-27T09:13:54","modified_gmt":"2026-02-27T09:13:54","slug":"berg-led-lyssaet-til-gokarts-reflekser","status":"publish","type":"product","link":"https:\/\/nordicmart.andreevmaster.com\/da\/vare\/berg-led-lyssaet-til-gokarts-reflekser\/","title":{"rendered":"BERG LED-lyss\u00e6t til gokarts + reflekser"},"content":{"rendered":"<p>Et komplet LED-lyss\u00e6t til Berg gokarts. S\u00e6ttet indeholder: forlygte, baglygte og to reflekterende skiver. Lysene er udstyret med robuste metalbeslag. LED-s\u00e6ttet er ikke kompatibelt med BERG Buddy-serien gokarts, Rally Orange gokart og Jeep Adventure gokart.<\/p>\n<p>S\u00e6ttet indeholder batterier.<\/p>\n<p>BERG er et hollandsk firma med over 30 \u00e5rs erfaring i produktion og salg af leget\u00f8j. Berg-k\u00f8ret\u00f8jer er udelukkende fremstillet af ekstremt holdbare og sikre materialer af h\u00f8jeste kvalitet. Hvert stykke leget\u00f8j testes af b\u00f8rn, hvilket garanterer dets p\u00e5lidelighed i mange, mange \u00e5r!<\/p>\n","protected":false},"excerpt":{"rendered":"<p>Et komplet LED-lyss\u00e6t til Berg gokarts. S\u00e6ttet indeholder: forlygte, baglygte og to reflekterende skiver. Lysene er udstyret med robuste metalbeslag. LED-s\u00e6ttet er ikke kompatibelt med BERG Buddy-serien gokarts, Rally Orange gokart og Jeep Adventure gokart. S\u00e6ttet indeholder batterier. BERG er et hollandsk firma med over 30 \u00e5rs erfaring i produktion og salg af leget\u00f8j. Berg-k\u00f8ret\u00f8jer [&hellip;]<\/p>\n","protected":false},"featured_media":0,"comment_status":"open","ping_status":"closed","template":"","meta":[],"product_brand":[],"product_cat":[31],"product_tag":[],"class_list":{"0":"post-26963","1":"product","2":"type-product","3":"status-publish","5":"product_cat-uncategorized-da","7":"first","8":"instock","9":"shipping-taxable","10":"purchasable","11":"product-type-simple"},"_links":{"self":[{"href":"https:\/\/nordicmart.andreevmaster.com\/da\/wp-json\/wp\/v2\/product\/26963","targetHints":{"allow":["GET"]}}],"collection":[{"href":"https:\/\/nordicmart.andreevmaster.com\/da\/wp-json\/wp\/v2\/product"}],"about":[{"href":"https:\/\/nordicmart.andreevmaster.com\/da\/wp-json\/wp\/v2\/types\/product"}],"replies":[{"embeddable":true,"href":"https:\/\/nordicmart.andreevmaster.com\/da\/wp-json\/wp\/v2\/comments?post=26963"}],"wp:attachment":[{"href":"https:\/\/nordicmart.andreevmaster.com\/da\/wp-json\/wp\/v2\/media?parent=26963"}],"wp:term":[{"taxonomy":"product_brand","embeddable":true,"href":"https:\/\/nordicmart.andreevmaster.com\/da\/wp-json\/wp\/v2\/product_brand?post=26963"},{"taxonomy":"product_cat","embeddable":true,"href":"https:\/\/nordicmart.andreevmaster.com\/da\/wp-json\/wp\/v2\/product_cat?post=26963"},{"taxonomy":"product_tag","embeddable":true,"href":"https:\/\/nordicmart.andreevmaster.com\/da\/wp-json\/wp\/v2\/product_tag?post=26963"}],"curies":[{"name":"wp","href":"https:\/\/api.w.org\/{rel}","templated":true}]}}