{"id":26962,"date":"2026-02-27T00:34:51","date_gmt":"2026-02-27T00:34:51","guid":{"rendered":"https:\/\/nordicmart.andreevmaster.com\/product\/falk-volvo-leddelt-gravemaskine-med-roterende-kabine-skovl-og-plov\/"},"modified":"2026-02-27T09:13:53","modified_gmt":"2026-02-27T09:13:53","slug":"falk-volvo-leddelt-gravemaskine-med-roterende-kabine-skovl-og-plov","status":"publish","type":"product","link":"https:\/\/nordicmart.andreevmaster.com\/da\/vare\/falk-volvo-leddelt-gravemaskine-med-roterende-kabine-skovl-og-plov\/","title":{"rendered":"FALK Volvo leddelt gravemaskine med roterende kabine, skovl og plov"},"content":{"rendered":"<p>Realistisk Volvo gravemaskine fra FALK Hver detalje er designet med omhu og omtanke, og gravemaskinen ligner den \u00e6gte vare p\u00e5 en prik. Volvo gravemaskinen er meget solidt konstrueret af holdbare materialer af h\u00f8j kvalitet. Kabinen kan drejes 360\u00b0, og gravemaskine skovlen kan drejes. Leget\u00f8jet er meget man\u00f8vredygtigt og let at bruge \u2013 perfekt til haven eller stranden.<br \/>\nEgenskaber:<br \/>\n* &#8211; Til b\u00f8rn fra 3 \u00e5r<br \/>\n* &#8211; Fremstillet af materialer af h\u00f8j kvalitet<br \/>\n* &#8211; Maksimal belastning 50 kg<br \/>\n* &#8211; Den 360\u00b0 drejelige kabine g\u00f8r det muligt at grave og t\u00f8mme materiale uden at flytte k\u00f8ret\u00f8jet.<br \/>\n* &#8211; Fuldt bev\u00e6gelig arm og skovl, ligesom en rigtig gravemaskine.* &#8211; Det \u00e5bne s\u00e6de fungerer som et praktisk opbevaringsrum til sm\u00e5 genstande. Leget\u00f8jet udvikler:* &#8211; Logik* &#8211; Fantasi* &#8211; Motoriske f\u00e6rdigheder<\/p>\n","protected":false},"excerpt":{"rendered":"<p>Realistisk Volvo gravemaskine fra FALK Hver detalje er designet med omhu og omtanke, og gravemaskinen ligner den \u00e6gte vare p\u00e5 en prik. Volvo gravemaskinen er meget solidt konstrueret af holdbare materialer af h\u00f8j kvalitet. Kabinen kan drejes 360\u00b0, og gravemaskine skovlen kan drejes. Leget\u00f8jet er meget man\u00f8vredygtigt og let at bruge \u2013 perfekt til haven [&hellip;]<\/p>\n","protected":false},"featured_media":0,"comment_status":"open","ping_status":"closed","template":"","meta":[],"product_brand":[],"product_cat":[31],"product_tag":[],"class_list":{"0":"post-26962","1":"product","2":"type-product","3":"status-publish","5":"product_cat-uncategorized-da","7":"first","8":"instock","9":"shipping-taxable","10":"purchasable","11":"product-type-simple"},"_links":{"self":[{"href":"https:\/\/nordicmart.andreevmaster.com\/da\/wp-json\/wp\/v2\/product\/26962","targetHints":{"allow":["GET"]}}],"collection":[{"href":"https:\/\/nordicmart.andreevmaster.com\/da\/wp-json\/wp\/v2\/product"}],"about":[{"href":"https:\/\/nordicmart.andreevmaster.com\/da\/wp-json\/wp\/v2\/types\/product"}],"replies":[{"embeddable":true,"href":"https:\/\/nordicmart.andreevmaster.com\/da\/wp-json\/wp\/v2\/comments?post=26962"}],"wp:attachment":[{"href":"https:\/\/nordicmart.andreevmaster.com\/da\/wp-json\/wp\/v2\/media?parent=26962"}],"wp:term":[{"taxonomy":"product_brand","embeddable":true,"href":"https:\/\/nordicmart.andreevmaster.com\/da\/wp-json\/wp\/v2\/product_brand?post=26962"},{"taxonomy":"product_cat","embeddable":true,"href":"https:\/\/nordicmart.andreevmaster.com\/da\/wp-json\/wp\/v2\/product_cat?post=26962"},{"taxonomy":"product_tag","embeddable":true,"href":"https:\/\/nordicmart.andreevmaster.com\/da\/wp-json\/wp\/v2\/product_tag?post=26962"}],"curies":[{"name":"wp","href":"https:\/\/api.w.org\/{rel}","templated":true}]}}