{"id":26961,"date":"2026-02-27T00:34:50","date_gmt":"2026-02-27T00:34:50","guid":{"rendered":"https:\/\/nordicmart.andreevmaster.com\/product\/smoby-little-first-ride-on-pony-ride-on-pony-med-trailer\/"},"modified":"2026-02-27T09:13:53","modified_gmt":"2026-02-27T09:13:53","slug":"smoby-little-first-ride-on-pony-ride-on-pony-med-trailer","status":"publish","type":"product","link":"https:\/\/nordicmart.andreevmaster.com\/da\/vare\/smoby-little-first-ride-on-pony-ride-on-pony-med-trailer\/","title":{"rendered":"SMOBY Little First Ride-On Pony Ride-On Pony med trailer"},"content":{"rendered":"<p>Little Smoby-serien er skabt med de yngste b\u00f8rn i tankerne. Her finder du mange leget\u00f8jsartikler \u2013 garager, ride-ons, k\u00f8kkener og sm\u00e5 leget\u00f8jsartikler. Alt er holdt i pastelfarver. Det er leget\u00f8j, som b\u00f8rn elsker \u2013 i en helt ny version. <\/p>\n<p>Egenskaber:<\/p>\n<p>* &#8211; Pony Ride-On Pony med et behageligt s\u00e6de, h\u00e5ndtag og trailer til at transportere sm\u00e5 genstande,<br \/>\n* &#8211; ponyen opmuntrer b\u00f8rn til at l\u00e6re at g\u00e5 og l\u00e6rer dem balance og kropsstyring,* &#8211; takket v\u00e6re h\u00e5ndtaget kan for\u00e6ldrene hj\u00e6lpe i de f\u00f8rste dage,<br \/>\n* &#8211; den lille trailer giver b\u00f8rnene mulighed for at transportere forskellige sm\u00e5 genstande, leget\u00f8j eller tage deres juice eller yndlingsbamse med p\u00e5 tur med deres for\u00e6ldre,<br \/>\n* &#8211; s\u00e6ttet indeholder et leget\u00f8j med trailer,<br \/>\n* &#8211; s\u00e6deh\u00f8jde fra jorden &#8211; 21 cm.<\/p>\n","protected":false},"excerpt":{"rendered":"<p>Little Smoby-serien er skabt med de yngste b\u00f8rn i tankerne. Her finder du mange leget\u00f8jsartikler \u2013 garager, ride-ons, k\u00f8kkener og sm\u00e5 leget\u00f8jsartikler. Alt er holdt i pastelfarver. Det er leget\u00f8j, som b\u00f8rn elsker \u2013 i en helt ny version. Egenskaber: * &#8211; Pony Ride-On Pony med et behageligt s\u00e6de, h\u00e5ndtag og trailer til at transportere [&hellip;]<\/p>\n","protected":false},"featured_media":0,"comment_status":"open","ping_status":"closed","template":"","meta":[],"product_brand":[],"product_cat":[31],"product_tag":[],"class_list":{"0":"post-26961","1":"product","2":"type-product","3":"status-publish","5":"product_cat-uncategorized-da","7":"first","8":"instock","9":"shipping-taxable","10":"purchasable","11":"product-type-simple"},"_links":{"self":[{"href":"https:\/\/nordicmart.andreevmaster.com\/da\/wp-json\/wp\/v2\/product\/26961","targetHints":{"allow":["GET"]}}],"collection":[{"href":"https:\/\/nordicmart.andreevmaster.com\/da\/wp-json\/wp\/v2\/product"}],"about":[{"href":"https:\/\/nordicmart.andreevmaster.com\/da\/wp-json\/wp\/v2\/types\/product"}],"replies":[{"embeddable":true,"href":"https:\/\/nordicmart.andreevmaster.com\/da\/wp-json\/wp\/v2\/comments?post=26961"}],"wp:attachment":[{"href":"https:\/\/nordicmart.andreevmaster.com\/da\/wp-json\/wp\/v2\/media?parent=26961"}],"wp:term":[{"taxonomy":"product_brand","embeddable":true,"href":"https:\/\/nordicmart.andreevmaster.com\/da\/wp-json\/wp\/v2\/product_brand?post=26961"},{"taxonomy":"product_cat","embeddable":true,"href":"https:\/\/nordicmart.andreevmaster.com\/da\/wp-json\/wp\/v2\/product_cat?post=26961"},{"taxonomy":"product_tag","embeddable":true,"href":"https:\/\/nordicmart.andreevmaster.com\/da\/wp-json\/wp\/v2\/product_tag?post=26961"}],"curies":[{"name":"wp","href":"https:\/\/api.w.org\/{rel}","templated":true}]}}