{"id":26960,"date":"2026-02-27T00:34:50","date_gmt":"2026-02-27T00:34:50","guid":{"rendered":"https:\/\/nordicmart.andreevmaster.com\/product\/smoby-lille-sensorisk-aktivitets-terning-til-born-13-i-1-labyrint-sorterer\/"},"modified":"2026-02-27T09:13:53","modified_gmt":"2026-02-27T09:13:53","slug":"smoby-lille-sensorisk-aktivitets-terning-til-born-13-i-1-labyrint-sorterer","status":"publish","type":"product","link":"https:\/\/nordicmart.andreevmaster.com\/da\/vare\/smoby-lille-sensorisk-aktivitets-terning-til-born-13-i-1-labyrint-sorterer\/","title":{"rendered":"SMOBY Lille sensorisk aktivitets-terning til b\u00f8rn 13-i-1 labyrint-sorterer"},"content":{"rendered":"<p>Motor- og sensorisk aktivitetskube fra Little Smoby-serien, designet til de yngste b\u00f8rn, er et multifunktionelt leget\u00f8j, der p\u00e5 naturlig vis underst\u00f8tter udviklingen af b\u00f8rn fra 12 m\u00e5neder. Dens forskellige funktioner giver masser af sjov og gl\u00e6de ved at opdage! Den farverige kube tilbyder tretten attraktive aktiviteter. Leget\u00f8jet hj\u00e6lper med barnets motoriske udvikling. Roterende tandhjul, knapper og bev\u00e6gelige dele vil stimulere din lille ones nysgerrighed.<br \/>\nEgenskaber:<br \/>\n* &#8211; leget\u00f8j til b\u00f8rn fra 12 m\u00e5neder og opefter,<br \/>\n* &#8211; 13 forskellige aktiviteter,<br \/>\n* &#8211; formsorterer, motorisk l\u00f8kke, spejl, drejelige hjul, bev\u00e6gelig bj\u00f8rn<br \/>\n* &#8211; konvekse former med forskellige teksturer<br \/>\n* &#8211; produktet og emballagen kan genbruges<\/p>\n","protected":false},"excerpt":{"rendered":"<p>Motor- og sensorisk aktivitetskube fra Little Smoby-serien, designet til de yngste b\u00f8rn, er et multifunktionelt leget\u00f8j, der p\u00e5 naturlig vis underst\u00f8tter udviklingen af b\u00f8rn fra 12 m\u00e5neder. Dens forskellige funktioner giver masser af sjov og gl\u00e6de ved at opdage! Den farverige kube tilbyder tretten attraktive aktiviteter. Leget\u00f8jet hj\u00e6lper med barnets motoriske udvikling. Roterende tandhjul, knapper [&hellip;]<\/p>\n","protected":false},"featured_media":0,"comment_status":"open","ping_status":"closed","template":"","meta":[],"product_brand":[],"product_cat":[31],"product_tag":[],"class_list":{"0":"post-26960","1":"product","2":"type-product","3":"status-publish","5":"product_cat-uncategorized-da","7":"first","8":"instock","9":"shipping-taxable","10":"purchasable","11":"product-type-simple"},"_links":{"self":[{"href":"https:\/\/nordicmart.andreevmaster.com\/da\/wp-json\/wp\/v2\/product\/26960","targetHints":{"allow":["GET"]}}],"collection":[{"href":"https:\/\/nordicmart.andreevmaster.com\/da\/wp-json\/wp\/v2\/product"}],"about":[{"href":"https:\/\/nordicmart.andreevmaster.com\/da\/wp-json\/wp\/v2\/types\/product"}],"replies":[{"embeddable":true,"href":"https:\/\/nordicmart.andreevmaster.com\/da\/wp-json\/wp\/v2\/comments?post=26960"}],"wp:attachment":[{"href":"https:\/\/nordicmart.andreevmaster.com\/da\/wp-json\/wp\/v2\/media?parent=26960"}],"wp:term":[{"taxonomy":"product_brand","embeddable":true,"href":"https:\/\/nordicmart.andreevmaster.com\/da\/wp-json\/wp\/v2\/product_brand?post=26960"},{"taxonomy":"product_cat","embeddable":true,"href":"https:\/\/nordicmart.andreevmaster.com\/da\/wp-json\/wp\/v2\/product_cat?post=26960"},{"taxonomy":"product_tag","embeddable":true,"href":"https:\/\/nordicmart.andreevmaster.com\/da\/wp-json\/wp\/v2\/product_tag?post=26960"}],"curies":[{"name":"wp","href":"https:\/\/api.w.org\/{rel}","templated":true}]}}