{"id":26959,"date":"2026-02-27T00:34:50","date_gmt":"2026-02-27T00:34:50","guid":{"rendered":"https:\/\/nordicmart.andreevmaster.com\/product\/smoby-little-walker-3-i-1-interaktivt-skubbelegetoj\/"},"modified":"2026-02-27T09:13:53","modified_gmt":"2026-02-27T09:13:53","slug":"smoby-little-walker-3-i-1-interaktivt-skubbelegetoj","status":"publish","type":"product","link":"https:\/\/nordicmart.andreevmaster.com\/da\/vare\/smoby-little-walker-3-i-1-interaktivt-skubbelegetoj\/","title":{"rendered":"SMOBY Little Walker 3-i-1 interaktivt skubbeleget\u00f8j"},"content":{"rendered":"<p>Little Smoby-serien er skabt med de yngste b\u00f8rn i tankerne. Den omfatter mange leget\u00f8jsprodukter \u2013 garager, leget\u00f8jsbiler, legek\u00f8kkener og sm\u00e5 leget\u00f8jsprodukter. Alt er dekoreret i pastelfarver. Det er leget\u00f8j, som b\u00f8rn elsker \u2013 i en helt ny version.<br \/>\nEgenskaber:<br \/>\n* &#8211; 3-i-1 leget\u00f8j \u2013 skubbeleget\u00f8j, dukkevogn og interaktivt br\u00e6t,<br \/>\n* &#8211; udvikler motoriske f\u00e6rdigheder, stimulerer sensorisk udvikling og h\u00e5nd-\u00f8je-koordination,<br \/>\n* &#8211; ergonomisk h\u00e5ndtag og sikkerhedsbremse sikrer stabilitet, n\u00e5r de f\u00f8rste skridt tages,<br \/>\n* &#8211; robust konstruktion,<br \/>\n* &#8211; base p\u00e5 4 store hjul,* &#8211; det interaktive br\u00e6t kan tages af, s\u00e5 barnet kan b\u00e6re det med overalt \u2013 h\u00e5ndtaget p\u00e5 toppen er designet til sm\u00e5 h\u00e6nder,* &#8211; har et roterende \u00f8je, en n\u00f8glebetjent skattekiste, en bev\u00e6gelig fane med spejl, en roterende blomst, en bev\u00e6gelig marieh\u00f8ne og en horn,* &#8211; giver mulighed for b\u00e5de st\u00e5ende og siddende leg,<br \/>\n* &#8211; bev\u00e6gelige elementer hj\u00e6lper med at udvikle dit barns fingerf\u00e6rdighed og stimulerer deres f\u00f8rste forst\u00e5else af \u00e5rsag og virkning,<br \/>\n* &#8211; afrundede former garanterer sikker leg.<\/p>\n","protected":false},"excerpt":{"rendered":"<p>Little Smoby-serien er skabt med de yngste b\u00f8rn i tankerne. Den omfatter mange leget\u00f8jsprodukter \u2013 garager, leget\u00f8jsbiler, legek\u00f8kkener og sm\u00e5 leget\u00f8jsprodukter. Alt er dekoreret i pastelfarver. Det er leget\u00f8j, som b\u00f8rn elsker \u2013 i en helt ny version. Egenskaber: * &#8211; 3-i-1 leget\u00f8j \u2013 skubbeleget\u00f8j, dukkevogn og interaktivt br\u00e6t, * &#8211; udvikler motoriske f\u00e6rdigheder, stimulerer [&hellip;]<\/p>\n","protected":false},"featured_media":0,"comment_status":"open","ping_status":"closed","template":"","meta":[],"product_brand":[],"product_cat":[31],"product_tag":[],"class_list":{"0":"post-26959","1":"product","2":"type-product","3":"status-publish","5":"product_cat-uncategorized-da","7":"first","8":"instock","9":"shipping-taxable","10":"purchasable","11":"product-type-simple"},"_links":{"self":[{"href":"https:\/\/nordicmart.andreevmaster.com\/da\/wp-json\/wp\/v2\/product\/26959","targetHints":{"allow":["GET"]}}],"collection":[{"href":"https:\/\/nordicmart.andreevmaster.com\/da\/wp-json\/wp\/v2\/product"}],"about":[{"href":"https:\/\/nordicmart.andreevmaster.com\/da\/wp-json\/wp\/v2\/types\/product"}],"replies":[{"embeddable":true,"href":"https:\/\/nordicmart.andreevmaster.com\/da\/wp-json\/wp\/v2\/comments?post=26959"}],"wp:attachment":[{"href":"https:\/\/nordicmart.andreevmaster.com\/da\/wp-json\/wp\/v2\/media?parent=26959"}],"wp:term":[{"taxonomy":"product_brand","embeddable":true,"href":"https:\/\/nordicmart.andreevmaster.com\/da\/wp-json\/wp\/v2\/product_brand?post=26959"},{"taxonomy":"product_cat","embeddable":true,"href":"https:\/\/nordicmart.andreevmaster.com\/da\/wp-json\/wp\/v2\/product_cat?post=26959"},{"taxonomy":"product_tag","embeddable":true,"href":"https:\/\/nordicmart.andreevmaster.com\/da\/wp-json\/wp\/v2\/product_tag?post=26959"}],"curies":[{"name":"wp","href":"https:\/\/api.w.org\/{rel}","templated":true}]}}