{"id":26958,"date":"2026-02-27T00:34:50","date_gmt":"2026-02-27T00:34:50","guid":{"rendered":"https:\/\/nordicmart.andreevmaster.com\/product\/smoby-lille-interaktivt-laeringsbord\/"},"modified":"2026-02-27T09:13:53","modified_gmt":"2026-02-27T09:13:53","slug":"smoby-lille-interaktivt-laeringsbord","status":"publish","type":"product","link":"https:\/\/nordicmart.andreevmaster.com\/da\/vare\/smoby-lille-interaktivt-laeringsbord\/","title":{"rendered":"SMOBY Lille interaktivt l\u00e6ringsbord"},"content":{"rendered":"<p>Little Smoby-serien er skabt med de yngste b\u00f8rn i tankerne. Her finder du mange leget\u00f8jsartikler \u2013 garager, leget\u00f8jsbiler, k\u00f8kkener og sm\u00e5 leget\u00f8jsartikler. Alt er holdt i pastelfarver. Det er leget\u00f8j, som b\u00f8rn elsker \u2013 i en helt ny version.<br \/>\nEgenskaber:<br \/>\n* &#8211; interaktivt bord med en r\u00e6kke forskellige legemuligheder,<br \/>\n* &#8211; udvikler motoriske f\u00e6rdigheder gennem leg,<br \/>\n* &#8211; har mange funktioner, der underst\u00f8tter legen \u2013 formsorterer, kuglebane, abacus, horn og roterende spejl,<br \/>\n* &#8211; s\u00e6ttet indeholder ogs\u00e5 en katapult til at kaste kugler med, hvilket hj\u00e6lper med at tr\u00e6ne selv de yngste b\u00f8rns motoriske f\u00e6rdigheder.<\/p>\n","protected":false},"excerpt":{"rendered":"<p>Little Smoby-serien er skabt med de yngste b\u00f8rn i tankerne. Her finder du mange leget\u00f8jsartikler \u2013 garager, leget\u00f8jsbiler, k\u00f8kkener og sm\u00e5 leget\u00f8jsartikler. Alt er holdt i pastelfarver. Det er leget\u00f8j, som b\u00f8rn elsker \u2013 i en helt ny version. Egenskaber: * &#8211; interaktivt bord med en r\u00e6kke forskellige legemuligheder, * &#8211; udvikler motoriske f\u00e6rdigheder gennem [&hellip;]<\/p>\n","protected":false},"featured_media":0,"comment_status":"open","ping_status":"closed","template":"","meta":[],"product_brand":[],"product_cat":[31],"product_tag":[],"class_list":{"0":"post-26958","1":"product","2":"type-product","3":"status-publish","5":"product_cat-uncategorized-da","7":"first","8":"instock","9":"shipping-taxable","10":"purchasable","11":"product-type-simple"},"_links":{"self":[{"href":"https:\/\/nordicmart.andreevmaster.com\/da\/wp-json\/wp\/v2\/product\/26958","targetHints":{"allow":["GET"]}}],"collection":[{"href":"https:\/\/nordicmart.andreevmaster.com\/da\/wp-json\/wp\/v2\/product"}],"about":[{"href":"https:\/\/nordicmart.andreevmaster.com\/da\/wp-json\/wp\/v2\/types\/product"}],"replies":[{"embeddable":true,"href":"https:\/\/nordicmart.andreevmaster.com\/da\/wp-json\/wp\/v2\/comments?post=26958"}],"wp:attachment":[{"href":"https:\/\/nordicmart.andreevmaster.com\/da\/wp-json\/wp\/v2\/media?parent=26958"}],"wp:term":[{"taxonomy":"product_brand","embeddable":true,"href":"https:\/\/nordicmart.andreevmaster.com\/da\/wp-json\/wp\/v2\/product_brand?post=26958"},{"taxonomy":"product_cat","embeddable":true,"href":"https:\/\/nordicmart.andreevmaster.com\/da\/wp-json\/wp\/v2\/product_cat?post=26958"},{"taxonomy":"product_tag","embeddable":true,"href":"https:\/\/nordicmart.andreevmaster.com\/da\/wp-json\/wp\/v2\/product_tag?post=26958"}],"curies":[{"name":"wp","href":"https:\/\/api.w.org\/{rel}","templated":true}]}}