{"id":26957,"date":"2026-02-27T00:34:50","date_gmt":"2026-02-27T00:34:50","guid":{"rendered":"https:\/\/nordicmart.andreevmaster.com\/product\/smoby-little-my-first-garage-vroom-planet-toy-car-2\/"},"modified":"2026-02-27T09:13:52","modified_gmt":"2026-02-27T09:13:52","slug":"smoby-little-my-first-garage-vroom-planet-toy-car-2","status":"publish","type":"product","link":"https:\/\/nordicmart.andreevmaster.com\/da\/vare\/smoby-little-my-first-garage-vroom-planet-toy-car-2\/","title":{"rendered":"SMOBY Little My First Garage Vroom Planet Toy Car"},"content":{"rendered":"<p>Little Smoby-serien er skabt med de yngste b\u00f8rn i tankerne. Her finder du mange leget\u00f8jsprodukter \u2013 garager, leget\u00f8jsbiler, k\u00f8kkener og sm\u00e5 leget\u00f8jsprodukter. Alt er holdt i pastelfarver. Det er leget\u00f8j, som b\u00f8rn elsker \u2013 i en helt ny version.<br \/>\nEgenskaber:<br \/>\n* &#8211; garagen har to etager med elevator,<br \/>\n* &#8211; i bilvasken (med roterende vaskemaskiner) kan dit barn vaske sit k\u00f8ret\u00f8j,<br \/>\n* &#8211; p\u00e5 garagens anden etage er der en helikopterlandingsplads (helikopter medf\u00f8lger ikke)<br \/>\n* &#8211; biler kan glide ned ad rutsjebanen fra anden etage,* &#8211; s\u00e6ttet indeholder en leget\u00f8jsbil,<br \/>\n* &#8211; en kasse med 3 k\u00f8ret\u00f8jer kan k\u00f8bes separat (produktkode 140204).<\/p>\n","protected":false},"excerpt":{"rendered":"<p>Little Smoby-serien er skabt med de yngste b\u00f8rn i tankerne. Her finder du mange leget\u00f8jsprodukter \u2013 garager, leget\u00f8jsbiler, k\u00f8kkener og sm\u00e5 leget\u00f8jsprodukter. Alt er holdt i pastelfarver. Det er leget\u00f8j, som b\u00f8rn elsker \u2013 i en helt ny version. Egenskaber: * &#8211; garagen har to etager med elevator, * &#8211; i bilvasken (med roterende vaskemaskiner) [&hellip;]<\/p>\n","protected":false},"featured_media":0,"comment_status":"open","ping_status":"closed","template":"","meta":[],"product_brand":[],"product_cat":[31],"product_tag":[],"class_list":{"0":"post-26957","1":"product","2":"type-product","3":"status-publish","5":"product_cat-uncategorized-da","7":"first","8":"instock","9":"shipping-taxable","10":"purchasable","11":"product-type-simple"},"_links":{"self":[{"href":"https:\/\/nordicmart.andreevmaster.com\/da\/wp-json\/wp\/v2\/product\/26957","targetHints":{"allow":["GET"]}}],"collection":[{"href":"https:\/\/nordicmart.andreevmaster.com\/da\/wp-json\/wp\/v2\/product"}],"about":[{"href":"https:\/\/nordicmart.andreevmaster.com\/da\/wp-json\/wp\/v2\/types\/product"}],"replies":[{"embeddable":true,"href":"https:\/\/nordicmart.andreevmaster.com\/da\/wp-json\/wp\/v2\/comments?post=26957"}],"wp:attachment":[{"href":"https:\/\/nordicmart.andreevmaster.com\/da\/wp-json\/wp\/v2\/media?parent=26957"}],"wp:term":[{"taxonomy":"product_brand","embeddable":true,"href":"https:\/\/nordicmart.andreevmaster.com\/da\/wp-json\/wp\/v2\/product_brand?post=26957"},{"taxonomy":"product_cat","embeddable":true,"href":"https:\/\/nordicmart.andreevmaster.com\/da\/wp-json\/wp\/v2\/product_cat?post=26957"},{"taxonomy":"product_tag","embeddable":true,"href":"https:\/\/nordicmart.andreevmaster.com\/da\/wp-json\/wp\/v2\/product_tag?post=26957"}],"curies":[{"name":"wp","href":"https:\/\/api.w.org\/{rel}","templated":true}]}}