{"id":26956,"date":"2026-02-27T00:34:49","date_gmt":"2026-02-27T00:34:49","guid":{"rendered":"https:\/\/nordicmart.andreevmaster.com\/product\/feber-dobbelt-sidet-transparent-tegnebraet-artfun-board\/"},"modified":"2026-02-27T09:13:52","modified_gmt":"2026-02-27T09:13:52","slug":"feber-dobbelt-sidet-transparent-tegnebraet-artfun-board","status":"publish","type":"product","link":"https:\/\/nordicmart.andreevmaster.com\/da\/vare\/feber-dobbelt-sidet-transparent-tegnebraet-artfun-board\/","title":{"rendered":"FEBER Dobbelt-sidet transparent tegnebr\u00e6t Art&amp;Fun Board"},"content":{"rendered":"<p>Det dobbeltsidede transparente Art&amp;Fun Board fra det kendte m\u00e6rke FEBER er et transparent og kunstnerisk tavle til dobbeltsidet brug. Det leveres med klisterm\u00e6rker, der kan placeres hvor som helst p\u00e5 tavlen for at give den et personligt pr\u00e6g. Tavlen indeholder specielle forbindelsesstykker, der g\u00f8r det muligt at placere de medf\u00f8lgende skabeloner eller dine egne tegninger p\u00e5 den. Du kan ogs\u00e5 bruge tavlen uden skabeloner.<br \/>\nDette kreative v\u00e6rkt\u00f8j giver dine sm\u00e5 mulighed for at udtrykke deres fantasi og udvikle deres manuelle f\u00e6rdigheder.<br \/>\nEgenskaber:<br \/>\n* To mark\u00f8rer til kreativ tegning.<br \/>\n* En bakke til opbevaring af mark\u00f8rer eller andre tegneredskaber.<br \/>\n* Velegnet til b\u00e5de indend\u00f8rs og udend\u00f8rs leg.<br \/>\n* Hj\u00e6lper med at udvikle kognitive og motoriske f\u00e6rdigheder, samtidig med at det tilskynder til rollespil.<br \/>\n* Designet til b\u00f8rn fra 3 \u00e5r og opefter.<\/p>\n","protected":false},"excerpt":{"rendered":"<p>Det dobbeltsidede transparente Art&amp;Fun Board fra det kendte m\u00e6rke FEBER er et transparent og kunstnerisk tavle til dobbeltsidet brug. Det leveres med klisterm\u00e6rker, der kan placeres hvor som helst p\u00e5 tavlen for at give den et personligt pr\u00e6g. Tavlen indeholder specielle forbindelsesstykker, der g\u00f8r det muligt at placere de medf\u00f8lgende skabeloner eller dine egne tegninger [&hellip;]<\/p>\n","protected":false},"featured_media":0,"comment_status":"open","ping_status":"closed","template":"","meta":[],"product_brand":[],"product_cat":[31],"product_tag":[],"class_list":{"0":"post-26956","1":"product","2":"type-product","3":"status-publish","5":"product_cat-uncategorized-da","7":"first","8":"instock","9":"shipping-taxable","10":"purchasable","11":"product-type-simple"},"_links":{"self":[{"href":"https:\/\/nordicmart.andreevmaster.com\/da\/wp-json\/wp\/v2\/product\/26956","targetHints":{"allow":["GET"]}}],"collection":[{"href":"https:\/\/nordicmart.andreevmaster.com\/da\/wp-json\/wp\/v2\/product"}],"about":[{"href":"https:\/\/nordicmart.andreevmaster.com\/da\/wp-json\/wp\/v2\/types\/product"}],"replies":[{"embeddable":true,"href":"https:\/\/nordicmart.andreevmaster.com\/da\/wp-json\/wp\/v2\/comments?post=26956"}],"wp:attachment":[{"href":"https:\/\/nordicmart.andreevmaster.com\/da\/wp-json\/wp\/v2\/media?parent=26956"}],"wp:term":[{"taxonomy":"product_brand","embeddable":true,"href":"https:\/\/nordicmart.andreevmaster.com\/da\/wp-json\/wp\/v2\/product_brand?post=26956"},{"taxonomy":"product_cat","embeddable":true,"href":"https:\/\/nordicmart.andreevmaster.com\/da\/wp-json\/wp\/v2\/product_cat?post=26956"},{"taxonomy":"product_tag","embeddable":true,"href":"https:\/\/nordicmart.andreevmaster.com\/da\/wp-json\/wp\/v2\/product_tag?post=26956"}],"curies":[{"name":"wp","href":"https:\/\/api.w.org\/{rel}","templated":true}]}}