{"id":26955,"date":"2026-02-27T00:34:49","date_gmt":"2026-02-27T00:34:49","guid":{"rendered":"https:\/\/nordicmart.andreevmaster.com\/product\/feber-activity-house-multifunktionelt-6-i-1-legehus-med-inkluderede-spil\/"},"modified":"2026-02-27T09:13:52","modified_gmt":"2026-02-27T09:13:52","slug":"feber-activity-house-multifunktionelt-6-i-1-legehus-med-inkluderede-spil","status":"publish","type":"product","link":"https:\/\/nordicmart.andreevmaster.com\/da\/vare\/feber-activity-house-multifunktionelt-6-i-1-legehus-med-inkluderede-spil\/","title":{"rendered":"FEBER Activity House Multifunktionelt 6-i-1 legehus med inkluderede spil"},"content":{"rendered":"<p>FEBER Activity House Multifunktionelt 6-i-1 legehus med medf\u00f8lgende spil er det f\u00f8rste legehus, der kommer med 6 spil, s\u00e5 dit barn aldrig kommer til at kede sig! S\u00e6ttet indeholder spil som bowling, ketcherspil, fodbold, basketball (med justerbar kurv) og en velcro-boldm\u00e5lskive. N\u00e5r legetiden er slut, kan alt pakkes v\u00e6k, s\u00e5 der ikke er rod! Legehuset er solidt bygget og meget let at samle. Derudover er det udstyret med et UV-beskyttelsessystem, der beskytter farven mod at falme. Designet til b\u00f8rn over 3 \u00e5r. <\/p>\n<p>Funktioner: <\/p>\n<p>* &#8211; beregnet til b\u00f8rn over 3 \u00e5r<br \/>\n* &#8211; s\u00e6ttet indeholder spil: basketball, fodbold, velcro-boldm\u00e5l, ketcherspil,<br \/>\n* &#8211; udstyret med et UV-beskyttelsessystem, der forhindrer farvefading,<br \/>\n* &#8211; solid konstruktion, fremstillet af materialer af h\u00f8j kvalitet,<br \/>\n* &#8211; nemt at samle,<br \/>\n* &#8211; huset kan foldes sammen for nem opbevaring.<\/p>\n<p>Leget\u00f8j:<\/p>\n<p>* &#8211; udvikler barnets kreativitet og fantasi,<br \/>\n* &#8211; l\u00e6rer teamwork,<br \/>\n* &#8211; l\u00e6rer at dele,<br \/>\n* &#8211; opmuntrer b\u00f8rn til at v\u00e6re fysisk aktive.<\/p>\n<p>Ved du, hvorfor FEBER bringer s\u00e5 meget gl\u00e6de til b\u00f8rn? &#8220;Fordi vi i 50 \u00e5r har leget som b\u00f8rn og designet det bedste leget\u00f8j,&#8221; siger FEBER.<\/p>\n<p>FEBER-leget\u00f8j omfatter: haveleget\u00f8j, gynger, legepladser, rutsjebaner og vandrutsjebaner, trehjulede cykler og meget andet. FEBER-leget\u00f8j er certificeret af AENOR ISO 9001, ISO 14001 og OSHAS18001, hvilket vidner om excellence og kvalitet i alle processer relateret til leget\u00f8jsproduktion: fra design og produktion til service.<\/p>\n","protected":false},"excerpt":{"rendered":"<p>FEBER Activity House Multifunktionelt 6-i-1 legehus med medf\u00f8lgende spil er det f\u00f8rste legehus, der kommer med 6 spil, s\u00e5 dit barn aldrig kommer til at kede sig! S\u00e6ttet indeholder spil som bowling, ketcherspil, fodbold, basketball (med justerbar kurv) og en velcro-boldm\u00e5lskive. N\u00e5r legetiden er slut, kan alt pakkes v\u00e6k, s\u00e5 der ikke er rod! Legehuset [&hellip;]<\/p>\n","protected":false},"featured_media":0,"comment_status":"open","ping_status":"closed","template":"","meta":[],"product_brand":[],"product_cat":[31],"product_tag":[],"class_list":{"0":"post-26955","1":"product","2":"type-product","3":"status-publish","5":"product_cat-uncategorized-da","7":"first","8":"instock","9":"shipping-taxable","10":"purchasable","11":"product-type-simple"},"_links":{"self":[{"href":"https:\/\/nordicmart.andreevmaster.com\/da\/wp-json\/wp\/v2\/product\/26955","targetHints":{"allow":["GET"]}}],"collection":[{"href":"https:\/\/nordicmart.andreevmaster.com\/da\/wp-json\/wp\/v2\/product"}],"about":[{"href":"https:\/\/nordicmart.andreevmaster.com\/da\/wp-json\/wp\/v2\/types\/product"}],"replies":[{"embeddable":true,"href":"https:\/\/nordicmart.andreevmaster.com\/da\/wp-json\/wp\/v2\/comments?post=26955"}],"wp:attachment":[{"href":"https:\/\/nordicmart.andreevmaster.com\/da\/wp-json\/wp\/v2\/media?parent=26955"}],"wp:term":[{"taxonomy":"product_brand","embeddable":true,"href":"https:\/\/nordicmart.andreevmaster.com\/da\/wp-json\/wp\/v2\/product_brand?post=26955"},{"taxonomy":"product_cat","embeddable":true,"href":"https:\/\/nordicmart.andreevmaster.com\/da\/wp-json\/wp\/v2\/product_cat?post=26955"},{"taxonomy":"product_tag","embeddable":true,"href":"https:\/\/nordicmart.andreevmaster.com\/da\/wp-json\/wp\/v2\/product_tag?post=26955"}],"curies":[{"name":"wp","href":"https:\/\/api.w.org\/{rel}","templated":true}]}}