{"id":26954,"date":"2026-02-27T00:34:49","date_gmt":"2026-02-27T00:34:49","guid":{"rendered":"https:\/\/nordicmart.andreevmaster.com\/product\/feber-super-villa-havehus-med-bord-og-stole-stort\/"},"modified":"2026-02-27T09:13:52","modified_gmt":"2026-02-27T09:13:52","slug":"feber-super-villa-havehus-med-bord-og-stole-stort","status":"publish","type":"product","link":"https:\/\/nordicmart.andreevmaster.com\/da\/vare\/feber-super-villa-havehus-med-bord-og-stole-stort\/","title":{"rendered":"FEBER Super Villa havehus med bord og stole, stort"},"content":{"rendered":"<p>Super Villa-huset fra Feber er det st\u00f8rste og sjoveste hus med et stort indvendigt rum til leg i to h\u00f8jdezoner. Indgangsd\u00f8ren har en spr\u00e6kke, der fungerer som brevkasse, og der er ogs\u00e5 en d\u00f8rklokke. Husets v\u00e6gge er dekoreret med mursten og blomsterm\u00f8nstre. Legehuset har ogs\u00e5 et bord og to b\u00e6nke til at sidde p\u00e5. Det hele er lavet af farverigt plast, der er modstandsdygtigt over for sollys og temperatur. Feber Super Villa legehuset er ekstremt nemt at samle.<\/p>\n<p>Funktioner:<\/p>\n<p>* &#8211; d\u00f8rklokke,<br \/>\n* &#8211; egnet til b\u00f8rn fra 3 \u00e5r og opefter,<br \/>\n* &#8211; halv d\u00f8r med brevspalte,<br \/>\n* &#8211; bord og to b\u00e6nke til at sidde p\u00e5,<br \/>\n* &#8211; vinduer med skodder, der kan \u00e5bnes,<br \/>\n* &#8211; lyst og meget rummeligt interi\u00f8r til leg,<br \/>\n* &#8211; Anti-UV-bel\u00e6gning,<br \/>\n* &#8211; meget nemt at samle.<\/p>\n<p>Ved du, hvorfor FEBER bringer s\u00e5 meget gl\u00e6de til b\u00f8rn? &#8220;Fordi vi i 50 \u00e5r har leget som b\u00f8rn og designet det bedste leget\u00f8j,&#8221; siger FEBER. FEBER-leget\u00f8j omfatter: haveleget\u00f8j, gynger, legepladser, rutsjebaner og vandrutsjebaner, trehjulede cykler og meget andet. FEBER-leget\u00f8j er certificeret af AENOR ISO 9001, ISO 14001 og OSHAS18001, hvilket vidner om excellence og kvalitet i alle processer relateret til leget\u00f8jsproduktion: fra design og produktion til service.<\/p>\n","protected":false},"excerpt":{"rendered":"<p>Super Villa-huset fra Feber er det st\u00f8rste og sjoveste hus med et stort indvendigt rum til leg i to h\u00f8jdezoner. Indgangsd\u00f8ren har en spr\u00e6kke, der fungerer som brevkasse, og der er ogs\u00e5 en d\u00f8rklokke. Husets v\u00e6gge er dekoreret med mursten og blomsterm\u00f8nstre. Legehuset har ogs\u00e5 et bord og to b\u00e6nke til at sidde p\u00e5. Det [&hellip;]<\/p>\n","protected":false},"featured_media":0,"comment_status":"open","ping_status":"closed","template":"","meta":[],"product_brand":[],"product_cat":[31],"product_tag":[],"class_list":{"0":"post-26954","1":"product","2":"type-product","3":"status-publish","5":"product_cat-uncategorized-da","7":"first","8":"instock","9":"shipping-taxable","10":"purchasable","11":"product-type-simple"},"_links":{"self":[{"href":"https:\/\/nordicmart.andreevmaster.com\/da\/wp-json\/wp\/v2\/product\/26954","targetHints":{"allow":["GET"]}}],"collection":[{"href":"https:\/\/nordicmart.andreevmaster.com\/da\/wp-json\/wp\/v2\/product"}],"about":[{"href":"https:\/\/nordicmart.andreevmaster.com\/da\/wp-json\/wp\/v2\/types\/product"}],"replies":[{"embeddable":true,"href":"https:\/\/nordicmart.andreevmaster.com\/da\/wp-json\/wp\/v2\/comments?post=26954"}],"wp:attachment":[{"href":"https:\/\/nordicmart.andreevmaster.com\/da\/wp-json\/wp\/v2\/media?parent=26954"}],"wp:term":[{"taxonomy":"product_brand","embeddable":true,"href":"https:\/\/nordicmart.andreevmaster.com\/da\/wp-json\/wp\/v2\/product_brand?post=26954"},{"taxonomy":"product_cat","embeddable":true,"href":"https:\/\/nordicmart.andreevmaster.com\/da\/wp-json\/wp\/v2\/product_cat?post=26954"},{"taxonomy":"product_tag","embeddable":true,"href":"https:\/\/nordicmart.andreevmaster.com\/da\/wp-json\/wp\/v2\/product_tag?post=26954"}],"curies":[{"name":"wp","href":"https:\/\/api.w.org\/{rel}","templated":true}]}}