{"id":26953,"date":"2026-02-27T00:34:49","date_gmt":"2026-02-27T00:34:49","guid":{"rendered":"https:\/\/nordicmart.andreevmaster.com\/product\/big-bobby-car-classic-push-car-2\/"},"modified":"2026-02-27T09:13:52","modified_gmt":"2026-02-27T09:13:52","slug":"big-bobby-car-classic-push-car-2","status":"publish","type":"product","link":"https:\/\/nordicmart.andreevmaster.com\/da\/vare\/big-bobby-car-classic-push-car-2\/","title":{"rendered":"BIG Bobby Car Classic Push Car"},"content":{"rendered":"<p>Dette klassiske k\u00f8ret\u00f8j fra det kendte m\u00e6rke BIG er en bestseller blandt leget\u00f8jsbiler og et yndet leget\u00f8j blandt b\u00f8rn i hele Europa. Det giver b\u00f8rnene masser af sjov og gl\u00e6de p\u00e5 fantastiske ture. <\/p>\n<p>Bobby Car Classic er meget stabil og frem for alt sikker takket v\u00e6re sit lave tyngdepunkt og st\u00e6rke hjul. S\u00e6det er specielt formet, s\u00e5 b\u00f8rnene kan k\u00f8re komfortabelt, mens de skubber fra med f\u00f8dderne og udvikler deres motoriske f\u00e6rdigheder. De drejelige hjul garanterer fremragende tr\u00e6kkraft og man\u00f8vredygtighed.<\/p>\n<p>Egenskaber:<\/p>\n<p>* &#8211; Universel r\u00f8d farve.<br \/>\n* &#8211; Fremstillet af h\u00f8jkvalitetsplast, der er modstandsdygtig over for revner og ridser.<br \/>\n* &#8211; Takket v\u00e6re det lave tyngdepunkt og de st\u00e6rke hjul er k\u00f8ret\u00f8jet stabilt.* &#8211; Leget\u00f8jet har en tr\u00e6kstang foran og en krog til en trailer foran.<br \/>\n* &#8211; Kompatibelt med andet BIG-tilbeh\u00f8r, der f\u00e5s i vores butik.<br \/>\n* &#8211; Egnet til b\u00f8rn fra 12 m\u00e5neder.<\/p>\n<p>BIG tilh\u00f8rer den store Simba Dickie Group &#8211; Serien omfatter en bred vifte af innovative leget\u00f8j, der stimulerer motorisk udvikling hos b\u00f8rn. BIG-produkterne giver mange ideer til leg. Sortimentet omfatter biler, leget\u00f8jsbiler, gynger, traktorer, b\u00e5de, rutsjebaner, flydende leget\u00f8j og sandkasser. BIG-leget\u00f8j er af meget h\u00f8j kvalitet. Det er fremstillet i Tyskland af UV-bestandige materialer af h\u00f8j kvalitet. Sikkerheden af vores leget\u00f8j er garanteret og bekr\u00e6ftet af LGA\/T\u00dcV-tests.<\/p>\n","protected":false},"excerpt":{"rendered":"<p>Dette klassiske k\u00f8ret\u00f8j fra det kendte m\u00e6rke BIG er en bestseller blandt leget\u00f8jsbiler og et yndet leget\u00f8j blandt b\u00f8rn i hele Europa. Det giver b\u00f8rnene masser af sjov og gl\u00e6de p\u00e5 fantastiske ture. Bobby Car Classic er meget stabil og frem for alt sikker takket v\u00e6re sit lave tyngdepunkt og st\u00e6rke hjul. S\u00e6det er specielt [&hellip;]<\/p>\n","protected":false},"featured_media":0,"comment_status":"open","ping_status":"closed","template":"","meta":[],"product_brand":[],"product_cat":[31],"product_tag":[],"class_list":{"0":"post-26953","1":"product","2":"type-product","3":"status-publish","5":"product_cat-uncategorized-da","7":"first","8":"instock","9":"shipping-taxable","10":"purchasable","11":"product-type-simple"},"_links":{"self":[{"href":"https:\/\/nordicmart.andreevmaster.com\/da\/wp-json\/wp\/v2\/product\/26953","targetHints":{"allow":["GET"]}}],"collection":[{"href":"https:\/\/nordicmart.andreevmaster.com\/da\/wp-json\/wp\/v2\/product"}],"about":[{"href":"https:\/\/nordicmart.andreevmaster.com\/da\/wp-json\/wp\/v2\/types\/product"}],"replies":[{"embeddable":true,"href":"https:\/\/nordicmart.andreevmaster.com\/da\/wp-json\/wp\/v2\/comments?post=26953"}],"wp:attachment":[{"href":"https:\/\/nordicmart.andreevmaster.com\/da\/wp-json\/wp\/v2\/media?parent=26953"}],"wp:term":[{"taxonomy":"product_brand","embeddable":true,"href":"https:\/\/nordicmart.andreevmaster.com\/da\/wp-json\/wp\/v2\/product_brand?post=26953"},{"taxonomy":"product_cat","embeddable":true,"href":"https:\/\/nordicmart.andreevmaster.com\/da\/wp-json\/wp\/v2\/product_cat?post=26953"},{"taxonomy":"product_tag","embeddable":true,"href":"https:\/\/nordicmart.andreevmaster.com\/da\/wp-json\/wp\/v2\/product_tag?post=26953"}],"curies":[{"name":"wp","href":"https:\/\/api.w.org\/{rel}","templated":true}]}}