{"id":26952,"date":"2026-02-27T00:34:48","date_gmt":"2026-02-27T00:34:48","guid":{"rendered":"https:\/\/nordicmart.andreevmaster.com\/product\/big-bobby-car-rod-trailer\/"},"modified":"2026-02-27T09:13:51","modified_gmt":"2026-02-27T09:13:51","slug":"big-bobby-car-rod-trailer","status":"publish","type":"product","link":"https:\/\/nordicmart.andreevmaster.com\/da\/vare\/big-bobby-car-rod-trailer\/","title":{"rendered":"BIG Bobby Car r\u00f8d trailer"},"content":{"rendered":"<p>B\u00f8rn elsker at udforske verden p\u00e5 deres yndlingsleget\u00f8j fra BIG. Den praktiske r\u00f8de trailer fra BIG giver variation i legen og masser af gl\u00e6de. Traileren kan bruges til at transportere alt, hvad den lille chauff\u00f8r kan l\u00e6sse p\u00e5 den. En bamse, en kuffert, blomster til prinsessen og endda sand til at bygge et slot kan nemt v\u00e6re i traileren!<\/p>\n<p>Traileren passer til f\u00f8lgende leget\u00f8jsbiler:<\/p>\n<p>* Bobby Car Classic,<br \/>\n* New Bobby Car,<br \/>\n* NEXT Bobby Car,<br \/>\n* Neo Bobby Car,<br \/>\n* Bobby Scooter.<\/p>\n<p>BIG tilh\u00f8rer den store Simba Dickie Group \u2013 Serien omfatter en bred vifte af innovative leget\u00f8jsprodukter, der stimulerer b\u00f8rns motoriske udvikling. BIG-produkterne giver mange muligheder for leg. Sortimentet omfatter biler, leget\u00f8jsbiler, gynger, traktorer, b\u00e5de, rutsjebaner, flydende leget\u00f8j og sandkasser. BIG-leget\u00f8jet er af meget h\u00f8j kvalitet. Det er fremstillet i Tyskland af UV-bestandige materialer af h\u00f8j kvalitet. Sikkerheden af vores leget\u00f8j er garanteret og bekr\u00e6ftet af LGA\/T\u00dcV-tests.<\/p>\n","protected":false},"excerpt":{"rendered":"<p>B\u00f8rn elsker at udforske verden p\u00e5 deres yndlingsleget\u00f8j fra BIG. Den praktiske r\u00f8de trailer fra BIG giver variation i legen og masser af gl\u00e6de. Traileren kan bruges til at transportere alt, hvad den lille chauff\u00f8r kan l\u00e6sse p\u00e5 den. En bamse, en kuffert, blomster til prinsessen og endda sand til at bygge et slot kan [&hellip;]<\/p>\n","protected":false},"featured_media":0,"comment_status":"open","ping_status":"closed","template":"","meta":[],"product_brand":[],"product_cat":[31],"product_tag":[],"class_list":{"0":"post-26952","1":"product","2":"type-product","3":"status-publish","5":"product_cat-uncategorized-da","7":"first","8":"instock","9":"shipping-taxable","10":"purchasable","11":"product-type-simple"},"_links":{"self":[{"href":"https:\/\/nordicmart.andreevmaster.com\/da\/wp-json\/wp\/v2\/product\/26952","targetHints":{"allow":["GET"]}}],"collection":[{"href":"https:\/\/nordicmart.andreevmaster.com\/da\/wp-json\/wp\/v2\/product"}],"about":[{"href":"https:\/\/nordicmart.andreevmaster.com\/da\/wp-json\/wp\/v2\/types\/product"}],"replies":[{"embeddable":true,"href":"https:\/\/nordicmart.andreevmaster.com\/da\/wp-json\/wp\/v2\/comments?post=26952"}],"wp:attachment":[{"href":"https:\/\/nordicmart.andreevmaster.com\/da\/wp-json\/wp\/v2\/media?parent=26952"}],"wp:term":[{"taxonomy":"product_brand","embeddable":true,"href":"https:\/\/nordicmart.andreevmaster.com\/da\/wp-json\/wp\/v2\/product_brand?post=26952"},{"taxonomy":"product_cat","embeddable":true,"href":"https:\/\/nordicmart.andreevmaster.com\/da\/wp-json\/wp\/v2\/product_cat?post=26952"},{"taxonomy":"product_tag","embeddable":true,"href":"https:\/\/nordicmart.andreevmaster.com\/da\/wp-json\/wp\/v2\/product_tag?post=26952"}],"curies":[{"name":"wp","href":"https:\/\/api.w.org\/{rel}","templated":true}]}}