{"id":26951,"date":"2026-02-27T00:34:48","date_gmt":"2026-02-27T00:34:48","guid":{"rendered":"https:\/\/nordicmart.andreevmaster.com\/product\/rolly-toys-rolly-kipper-trailer-til-john-deere-traktor\/"},"modified":"2026-02-27T09:13:51","modified_gmt":"2026-02-27T09:13:51","slug":"rolly-toys-rolly-kipper-trailer-til-john-deere-traktor","status":"publish","type":"product","link":"https:\/\/nordicmart.andreevmaster.com\/da\/vare\/rolly-toys-rolly-kipper-trailer-til-john-deere-traktor\/","title":{"rendered":"Rolly Toys Rolly Kipper trailer til John Deere traktor"},"content":{"rendered":"<p>Rolly Toys &#8220;Rolly Kipper II&#8221; John Deere \u2013 en gr\u00f8n supertrailer til sm\u00e5 traktorf\u00f8rere! En gr\u00f8n tipper \u2013 smidig og man\u00f8vredygtig \u2013 nem at fastg\u00f8re til en Rolly Toys-traktor fra KID-serien. Traileren har en automatisk l\u00e5s.<br \/>\n* traileren har en tipperfunktion,<br \/>\n* hjul af h\u00f8jkvalitetsplast,<br \/>\n* Produktet kr\u00e6ver delvis samling, enkel vejledning medf\u00f8lger,<br \/>\n* traileren er velegnet til traktorer i aldersgruppen 3-8 og 3-10 \u00e5r.<\/p>\n<p>Fra i dag kan vores lille landmand sprede sand, blade eller frugt og lege med sit yndlingss\u00e6t hver dag!<\/p>\n","protected":false},"excerpt":{"rendered":"<p>Rolly Toys &#8220;Rolly Kipper II&#8221; John Deere \u2013 en gr\u00f8n supertrailer til sm\u00e5 traktorf\u00f8rere! En gr\u00f8n tipper \u2013 smidig og man\u00f8vredygtig \u2013 nem at fastg\u00f8re til en Rolly Toys-traktor fra KID-serien. Traileren har en automatisk l\u00e5s. * traileren har en tipperfunktion, * hjul af h\u00f8jkvalitetsplast, * Produktet kr\u00e6ver delvis samling, enkel vejledning medf\u00f8lger, * traileren [&hellip;]<\/p>\n","protected":false},"featured_media":0,"comment_status":"open","ping_status":"closed","template":"","meta":[],"product_brand":[],"product_cat":[31],"product_tag":[],"class_list":{"0":"post-26951","1":"product","2":"type-product","3":"status-publish","5":"product_cat-uncategorized-da","7":"first","8":"instock","9":"shipping-taxable","10":"purchasable","11":"product-type-simple"},"_links":{"self":[{"href":"https:\/\/nordicmart.andreevmaster.com\/da\/wp-json\/wp\/v2\/product\/26951","targetHints":{"allow":["GET"]}}],"collection":[{"href":"https:\/\/nordicmart.andreevmaster.com\/da\/wp-json\/wp\/v2\/product"}],"about":[{"href":"https:\/\/nordicmart.andreevmaster.com\/da\/wp-json\/wp\/v2\/types\/product"}],"replies":[{"embeddable":true,"href":"https:\/\/nordicmart.andreevmaster.com\/da\/wp-json\/wp\/v2\/comments?post=26951"}],"wp:attachment":[{"href":"https:\/\/nordicmart.andreevmaster.com\/da\/wp-json\/wp\/v2\/media?parent=26951"}],"wp:term":[{"taxonomy":"product_brand","embeddable":true,"href":"https:\/\/nordicmart.andreevmaster.com\/da\/wp-json\/wp\/v2\/product_brand?post=26951"},{"taxonomy":"product_cat","embeddable":true,"href":"https:\/\/nordicmart.andreevmaster.com\/da\/wp-json\/wp\/v2\/product_cat?post=26951"},{"taxonomy":"product_tag","embeddable":true,"href":"https:\/\/nordicmart.andreevmaster.com\/da\/wp-json\/wp\/v2\/product_tag?post=26951"}],"curies":[{"name":"wp","href":"https:\/\/api.w.org\/{rel}","templated":true}]}}