{"id":26950,"date":"2026-02-27T00:34:48","date_gmt":"2026-02-27T00:34:48","guid":{"rendered":"https:\/\/nordicmart.andreevmaster.com\/product\/rolly-toys-stor-john-deere-toakslet-tipvogn\/"},"modified":"2026-02-27T09:13:51","modified_gmt":"2026-02-27T09:13:51","slug":"rolly-toys-stor-john-deere-toakslet-tipvogn","status":"publish","type":"product","link":"https:\/\/nordicmart.andreevmaster.com\/da\/vare\/rolly-toys-stor-john-deere-toakslet-tipvogn\/","title":{"rendered":"Rolly Toys Stor John Deere toakslet tipvogn"},"content":{"rendered":"<p>Tipvognen fra Rolly Toys, licenseret af John Deere, er en fantastisk tilf\u00f8jelse til enhver samling af leget\u00f8jslandbrugsmaskiner og giver timevis af kreativ leg. Med sin tippefunktion og sider, der kan \u00e5bnes, bliver legen mere interaktiv og sp\u00e6ndende. Produktet er fremstillet af holdbare materialer, der sikrer langvarig brug og modstandsdygtighed over for skader. Traileren passer til alle Rolly Toys-traktorer, der er udstyret med en trailerkobling. Dette g\u00f8r det nemt at tilslutte og bruge den med forskellige traktormodeller. <\/p>\n<p>FUNKTIONER:<\/p>\n<p>&#8211; Traileren har sider, der kan \u00e5bnes bagtil, hvilket letter afl\u00e6sning af transporterede materialer.<\/p>\n<p>&#8211; Udstyret med en rummelig container, der kan rumme en stor m\u00e6ngde transporteret materiale<\/p>\n<p>&#8211; Trailerkassen tippes ved hj\u00e6lp af en bom, hvilket g\u00f8r det nemt at afl\u00e6sse indholdet<\/p>\n<p>&#8211; Traileren har to aksler, hvilket sikrer stabilitet under k\u00f8rsel og l\u00e6sning<\/p>\n<p>&#8211; Passer til alle Rolly Toys-traktorer, der er udstyret med en trailerkobling.<\/p>\n","protected":false},"excerpt":{"rendered":"<p>Tipvognen fra Rolly Toys, licenseret af John Deere, er en fantastisk tilf\u00f8jelse til enhver samling af leget\u00f8jslandbrugsmaskiner og giver timevis af kreativ leg. Med sin tippefunktion og sider, der kan \u00e5bnes, bliver legen mere interaktiv og sp\u00e6ndende. Produktet er fremstillet af holdbare materialer, der sikrer langvarig brug og modstandsdygtighed over for skader. Traileren passer til [&hellip;]<\/p>\n","protected":false},"featured_media":0,"comment_status":"open","ping_status":"closed","template":"","meta":[],"product_brand":[],"product_cat":[31],"product_tag":[],"class_list":{"0":"post-26950","1":"product","2":"type-product","3":"status-publish","5":"product_cat-uncategorized-da","7":"first","8":"instock","9":"shipping-taxable","10":"purchasable","11":"product-type-simple"},"_links":{"self":[{"href":"https:\/\/nordicmart.andreevmaster.com\/da\/wp-json\/wp\/v2\/product\/26950","targetHints":{"allow":["GET"]}}],"collection":[{"href":"https:\/\/nordicmart.andreevmaster.com\/da\/wp-json\/wp\/v2\/product"}],"about":[{"href":"https:\/\/nordicmart.andreevmaster.com\/da\/wp-json\/wp\/v2\/types\/product"}],"replies":[{"embeddable":true,"href":"https:\/\/nordicmart.andreevmaster.com\/da\/wp-json\/wp\/v2\/comments?post=26950"}],"wp:attachment":[{"href":"https:\/\/nordicmart.andreevmaster.com\/da\/wp-json\/wp\/v2\/media?parent=26950"}],"wp:term":[{"taxonomy":"product_brand","embeddable":true,"href":"https:\/\/nordicmart.andreevmaster.com\/da\/wp-json\/wp\/v2\/product_brand?post=26950"},{"taxonomy":"product_cat","embeddable":true,"href":"https:\/\/nordicmart.andreevmaster.com\/da\/wp-json\/wp\/v2\/product_cat?post=26950"},{"taxonomy":"product_tag","embeddable":true,"href":"https:\/\/nordicmart.andreevmaster.com\/da\/wp-json\/wp\/v2\/product_tag?post=26950"}],"curies":[{"name":"wp","href":"https:\/\/api.w.org\/{rel}","templated":true}]}}