{"id":26949,"date":"2026-02-27T00:34:48","date_gmt":"2026-02-27T00:34:48","guid":{"rendered":"https:\/\/nordicmart.andreevmaster.com\/product\/rolly-toys-rollymulti-trailer-rolly-multi-john-deere-3-akslet-tippevogn\/"},"modified":"2026-02-27T09:13:51","modified_gmt":"2026-02-27T09:13:51","slug":"rolly-toys-rollymulti-trailer-rolly-multi-john-deere-3-akslet-tippevogn","status":"publish","type":"product","link":"https:\/\/nordicmart.andreevmaster.com\/da\/vare\/rolly-toys-rollymulti-trailer-rolly-multi-john-deere-3-akslet-tippevogn\/","title":{"rendered":"Rolly Toys rollyMulti Trailer &#8211; Rolly Multi John Deere 3-akslet tippevogn"},"content":{"rendered":"<p>Rolly Toys gr\u00f8n treakslet tippevogn &#8211; John Deere Mega Trailer kan l\u00e6sses af p\u00e5 tre sider. Den er stabil takket v\u00e6re sine tre aksler. Den passer til alle Rolly Toys-k\u00f8ret\u00f8jer, der er udstyret med en anh\u00e6ngertr\u00e6k. Rolly Toys er originale tyske produkter af h\u00f8jeste kvalitet, som dine b\u00f8rn vil have gl\u00e6de af i mange \u00e5r. EGENSKABER: &#8211; h\u00f8jkvalitets blank plast, let at holde ren, &#8211; treakslet, stabil affjedring, &#8211; dobbelte sider p\u00e5 overbygningen, &#8211; tippemekanisme betjent med en knap, let for et barn at bruge, &#8211; tipping p\u00e5 tre sider, &#8211; sider, der kan \u00e5bnes p\u00e5 tre sider, &#8211; bagkobling, &#8211; meget stabil og holdbar konstruktion<\/p>\n","protected":false},"excerpt":{"rendered":"<p>Rolly Toys gr\u00f8n treakslet tippevogn &#8211; John Deere Mega Trailer kan l\u00e6sses af p\u00e5 tre sider. Den er stabil takket v\u00e6re sine tre aksler. Den passer til alle Rolly Toys-k\u00f8ret\u00f8jer, der er udstyret med en anh\u00e6ngertr\u00e6k. Rolly Toys er originale tyske produkter af h\u00f8jeste kvalitet, som dine b\u00f8rn vil have gl\u00e6de af i mange \u00e5r. [&hellip;]<\/p>\n","protected":false},"featured_media":0,"comment_status":"open","ping_status":"closed","template":"","meta":[],"product_brand":[],"product_cat":[31],"product_tag":[],"class_list":{"0":"post-26949","1":"product","2":"type-product","3":"status-publish","5":"product_cat-uncategorized-da","7":"first","8":"instock","9":"shipping-taxable","10":"purchasable","11":"product-type-simple"},"_links":{"self":[{"href":"https:\/\/nordicmart.andreevmaster.com\/da\/wp-json\/wp\/v2\/product\/26949","targetHints":{"allow":["GET"]}}],"collection":[{"href":"https:\/\/nordicmart.andreevmaster.com\/da\/wp-json\/wp\/v2\/product"}],"about":[{"href":"https:\/\/nordicmart.andreevmaster.com\/da\/wp-json\/wp\/v2\/types\/product"}],"replies":[{"embeddable":true,"href":"https:\/\/nordicmart.andreevmaster.com\/da\/wp-json\/wp\/v2\/comments?post=26949"}],"wp:attachment":[{"href":"https:\/\/nordicmart.andreevmaster.com\/da\/wp-json\/wp\/v2\/media?parent=26949"}],"wp:term":[{"taxonomy":"product_brand","embeddable":true,"href":"https:\/\/nordicmart.andreevmaster.com\/da\/wp-json\/wp\/v2\/product_brand?post=26949"},{"taxonomy":"product_cat","embeddable":true,"href":"https:\/\/nordicmart.andreevmaster.com\/da\/wp-json\/wp\/v2\/product_cat?post=26949"},{"taxonomy":"product_tag","embeddable":true,"href":"https:\/\/nordicmart.andreevmaster.com\/da\/wp-json\/wp\/v2\/product_tag?post=26949"}],"curies":[{"name":"wp","href":"https:\/\/api.w.org\/{rel}","templated":true}]}}