{"id":26948,"date":"2026-02-27T00:34:47","date_gmt":"2026-02-27T00:34:47","guid":{"rendered":"https:\/\/nordicmart.andreevmaster.com\/product\/rolly-toys-rollytrailer-stor-trailer-3-aksler-multi-trailer\/"},"modified":"2026-02-27T09:13:50","modified_gmt":"2026-02-27T09:13:50","slug":"rolly-toys-rollytrailer-stor-trailer-3-aksler-multi-trailer","status":"publish","type":"product","link":"https:\/\/nordicmart.andreevmaster.com\/da\/vare\/rolly-toys-rollytrailer-stor-trailer-3-aksler-multi-trailer\/","title":{"rendered":"Rolly Toys rollyTrailer Stor trailer 3 aksler Multi Trailer"},"content":{"rendered":"<p>Rolly Toys Stor trailer, 3-akslet multitrailer<\/p>\n<p>Det perfekte leget\u00f8j til unge landm\u00e6nd. Det ideelle tilbeh\u00f8r til enhver Rolly Toys-traktor. Omhyggeligt fremstillet med opm\u00e6rksomhed p\u00e5 selv de mindste detaljer! Ingen rigtig landmand ville afvise den. Den perfekte gave til enhver lejlighed!<\/p>\n<p>Leget\u00f8jets egenskaber:<\/p>\n<p>* h\u00f8jkvalitets skinnende plast, let at holde ren,<br \/>\n* tre aksler, stabil affjedring,<br \/>\n* dobbelte, overlappende sider,<br \/>\n* tippemekanisme betjent med en knap, der er let for b\u00f8rn at bruge,<br \/>\n* tipper p\u00e5 tre sider,<br \/>\n* siderne kan \u00e5bnes p\u00e5 tre sider,<br \/>\n* bageste tr\u00e6kstang,* meget stabil og holdbar konstruktion.<\/p>\n","protected":false},"excerpt":{"rendered":"<p>Rolly Toys Stor trailer, 3-akslet multitrailer Det perfekte leget\u00f8j til unge landm\u00e6nd. Det ideelle tilbeh\u00f8r til enhver Rolly Toys-traktor. Omhyggeligt fremstillet med opm\u00e6rksomhed p\u00e5 selv de mindste detaljer! Ingen rigtig landmand ville afvise den. Den perfekte gave til enhver lejlighed! Leget\u00f8jets egenskaber: * h\u00f8jkvalitets skinnende plast, let at holde ren, * tre aksler, stabil affjedring, [&hellip;]<\/p>\n","protected":false},"featured_media":0,"comment_status":"open","ping_status":"closed","template":"","meta":[],"product_brand":[],"product_cat":[31],"product_tag":[],"class_list":{"0":"post-26948","1":"product","2":"type-product","3":"status-publish","5":"product_cat-uncategorized-da","7":"first","8":"instock","9":"shipping-taxable","10":"purchasable","11":"product-type-simple"},"_links":{"self":[{"href":"https:\/\/nordicmart.andreevmaster.com\/da\/wp-json\/wp\/v2\/product\/26948","targetHints":{"allow":["GET"]}}],"collection":[{"href":"https:\/\/nordicmart.andreevmaster.com\/da\/wp-json\/wp\/v2\/product"}],"about":[{"href":"https:\/\/nordicmart.andreevmaster.com\/da\/wp-json\/wp\/v2\/types\/product"}],"replies":[{"embeddable":true,"href":"https:\/\/nordicmart.andreevmaster.com\/da\/wp-json\/wp\/v2\/comments?post=26948"}],"wp:attachment":[{"href":"https:\/\/nordicmart.andreevmaster.com\/da\/wp-json\/wp\/v2\/media?parent=26948"}],"wp:term":[{"taxonomy":"product_brand","embeddable":true,"href":"https:\/\/nordicmart.andreevmaster.com\/da\/wp-json\/wp\/v2\/product_brand?post=26948"},{"taxonomy":"product_cat","embeddable":true,"href":"https:\/\/nordicmart.andreevmaster.com\/da\/wp-json\/wp\/v2\/product_cat?post=26948"},{"taxonomy":"product_tag","embeddable":true,"href":"https:\/\/nordicmart.andreevmaster.com\/da\/wp-json\/wp\/v2\/product_tag?post=26948"}],"curies":[{"name":"wp","href":"https:\/\/api.w.org\/{rel}","templated":true}]}}