{"id":26947,"date":"2026-02-27T00:34:47","date_gmt":"2026-02-27T00:34:47","guid":{"rendered":"https:\/\/nordicmart.andreevmaster.com\/product\/rolly-toys-rollytrailer-rolly-multi-dobbeltakslet-trailer-gron\/"},"modified":"2026-02-27T09:13:50","modified_gmt":"2026-02-27T09:13:50","slug":"rolly-toys-rollytrailer-rolly-multi-dobbeltakslet-trailer-gron","status":"publish","type":"product","link":"https:\/\/nordicmart.andreevmaster.com\/da\/vare\/rolly-toys-rollytrailer-rolly-multi-dobbeltakslet-trailer-gron\/","title":{"rendered":"Rolly Toys rollyTrailer Rolly Multi dobbeltakslet trailer, gr\u00f8n"},"content":{"rendered":"<p>Rolly Toys gr\u00f8n tippetrailer Mega Traileren kan tippes p\u00e5 3 sider. Den er stabil takket v\u00e6re sine 2 hjulaksler. Den passer til alle Rolly Toys-k\u00f8ret\u00f8jer, der er udstyret med en trailerkobling. Rolly Toys er originale tyske produkter af h\u00f8jeste kvalitet, som dine b\u00f8rn vil have gl\u00e6de af i mange \u00e5r.<\/p>\n","protected":false},"excerpt":{"rendered":"<p>Rolly Toys gr\u00f8n tippetrailer Mega Traileren kan tippes p\u00e5 3 sider. Den er stabil takket v\u00e6re sine 2 hjulaksler. Den passer til alle Rolly Toys-k\u00f8ret\u00f8jer, der er udstyret med en trailerkobling. Rolly Toys er originale tyske produkter af h\u00f8jeste kvalitet, som dine b\u00f8rn vil have gl\u00e6de af i mange \u00e5r.<\/p>\n","protected":false},"featured_media":0,"comment_status":"open","ping_status":"closed","template":"","meta":[],"product_brand":[],"product_cat":[31],"product_tag":[],"class_list":{"0":"post-26947","1":"product","2":"type-product","3":"status-publish","5":"product_cat-uncategorized-da","7":"first","8":"instock","9":"shipping-taxable","10":"purchasable","11":"product-type-simple"},"_links":{"self":[{"href":"https:\/\/nordicmart.andreevmaster.com\/da\/wp-json\/wp\/v2\/product\/26947","targetHints":{"allow":["GET"]}}],"collection":[{"href":"https:\/\/nordicmart.andreevmaster.com\/da\/wp-json\/wp\/v2\/product"}],"about":[{"href":"https:\/\/nordicmart.andreevmaster.com\/da\/wp-json\/wp\/v2\/types\/product"}],"replies":[{"embeddable":true,"href":"https:\/\/nordicmart.andreevmaster.com\/da\/wp-json\/wp\/v2\/comments?post=26947"}],"wp:attachment":[{"href":"https:\/\/nordicmart.andreevmaster.com\/da\/wp-json\/wp\/v2\/media?parent=26947"}],"wp:term":[{"taxonomy":"product_brand","embeddable":true,"href":"https:\/\/nordicmart.andreevmaster.com\/da\/wp-json\/wp\/v2\/product_brand?post=26947"},{"taxonomy":"product_cat","embeddable":true,"href":"https:\/\/nordicmart.andreevmaster.com\/da\/wp-json\/wp\/v2\/product_cat?post=26947"},{"taxonomy":"product_tag","embeddable":true,"href":"https:\/\/nordicmart.andreevmaster.com\/da\/wp-json\/wp\/v2\/product_tag?post=26947"}],"curies":[{"name":"wp","href":"https:\/\/api.w.org\/{rel}","templated":true}]}}