{"id":26946,"date":"2026-02-27T00:34:47","date_gmt":"2026-02-27T00:34:47","guid":{"rendered":"https:\/\/nordicmart.andreevmaster.com\/product\/feber-range-rover-velar-6v-ce-batteridrevet-bil\/"},"modified":"2026-02-27T09:13:50","modified_gmt":"2026-02-27T09:13:50","slug":"feber-range-rover-velar-6v-ce-batteridrevet-bil","status":"publish","type":"product","link":"https:\/\/nordicmart.andreevmaster.com\/da\/vare\/feber-range-rover-velar-6v-ce-batteridrevet-bil\/","title":{"rendered":"FEBER Range Rover Velar 6V CE batteridrevet bil"},"content":{"rendered":"<p>RANGE ROVER VELAR 6v fra det kendte spanske firma FEBER er et ens\u00e6det k\u00f8ret\u00f8j med en 6V-motor udstyret med: forlygter, motor- og hornlyd, gaspedal, elektrisk bremse, foldbare d\u00f8re og gummihjul. Designet til b\u00f8rn i alderen 3 til 7 \u00e5r og med en maksimal v\u00e6gt p\u00e5 35 kg. S\u00e6ttet inkluderer et 6V-batteri og oplader. Den maksimale hastighed for dette unikke k\u00f8ret\u00f8j er 3,5 km\/t. K\u00f8ret\u00f8jets perfekte silhuet vil begejstre enhver bilentusiast! Batteriet holder op til 60 minutters kontinuerlig drift! Den perfekte gave til dit barn!<\/p>\n<p>Funktioner:<\/p>\n<p>* &#8211; k\u00f8ret\u00f8j designet til b\u00f8rn fra 3 \u00e5r,<br \/>\n* &#8211; maksimalt tilladt belastning op til 35 kg,<br \/>\n* &#8211; k\u00f8ret\u00f8j udstyret med: forlygter, motor- og hornlyd, gaspedal, elektrisk bremse, foldbare d\u00f8re og gummihjul,<br \/>\n* &#8211; 6V batteri,<br \/>\n* &#8211; batteri og oplader medf\u00f8lger,<br \/>\n* &#8211; batteriet holder op til 60 minutters kontinuerlig drift.<\/p>\n<p>Leget\u00f8jet udvikler:<\/p>\n<p>* &#8211; motorisk koordination hos b\u00f8rn,<br \/>\n* &#8211; fantasi,<br \/>\n* &#8211; kreativitet,<br \/>\n* &#8211; evnen til at klare forskellige situationer.<\/p>\n<p>FEBER-leget\u00f8j omfatter: haveleget\u00f8j, gynger, legepladser, rutsjebaner og vandrutsjebaner, trehjulede cykler og meget andet. FEBER-leget\u00f8j er certificeret i henhold til AENOR ISO 9001, ISO 14001 og OSHAS18001, hvilket vidner om den h\u00f8je kvalitet i alle processer i forbindelse med leget\u00f8jsproduktion: fra design og produktion til service.<\/p>\n","protected":false},"excerpt":{"rendered":"<p>RANGE ROVER VELAR 6v fra det kendte spanske firma FEBER er et ens\u00e6det k\u00f8ret\u00f8j med en 6V-motor udstyret med: forlygter, motor- og hornlyd, gaspedal, elektrisk bremse, foldbare d\u00f8re og gummihjul. Designet til b\u00f8rn i alderen 3 til 7 \u00e5r og med en maksimal v\u00e6gt p\u00e5 35 kg. S\u00e6ttet inkluderer et 6V-batteri og oplader. Den maksimale [&hellip;]<\/p>\n","protected":false},"featured_media":0,"comment_status":"open","ping_status":"closed","template":"","meta":[],"product_brand":[],"product_cat":[31],"product_tag":[],"class_list":{"0":"post-26946","1":"product","2":"type-product","3":"status-publish","5":"product_cat-uncategorized-da","7":"first","8":"instock","9":"shipping-taxable","10":"purchasable","11":"product-type-simple"},"_links":{"self":[{"href":"https:\/\/nordicmart.andreevmaster.com\/da\/wp-json\/wp\/v2\/product\/26946","targetHints":{"allow":["GET"]}}],"collection":[{"href":"https:\/\/nordicmart.andreevmaster.com\/da\/wp-json\/wp\/v2\/product"}],"about":[{"href":"https:\/\/nordicmart.andreevmaster.com\/da\/wp-json\/wp\/v2\/types\/product"}],"replies":[{"embeddable":true,"href":"https:\/\/nordicmart.andreevmaster.com\/da\/wp-json\/wp\/v2\/comments?post=26946"}],"wp:attachment":[{"href":"https:\/\/nordicmart.andreevmaster.com\/da\/wp-json\/wp\/v2\/media?parent=26946"}],"wp:term":[{"taxonomy":"product_brand","embeddable":true,"href":"https:\/\/nordicmart.andreevmaster.com\/da\/wp-json\/wp\/v2\/product_brand?post=26946"},{"taxonomy":"product_cat","embeddable":true,"href":"https:\/\/nordicmart.andreevmaster.com\/da\/wp-json\/wp\/v2\/product_cat?post=26946"},{"taxonomy":"product_tag","embeddable":true,"href":"https:\/\/nordicmart.andreevmaster.com\/da\/wp-json\/wp\/v2\/product_tag?post=26946"}],"curies":[{"name":"wp","href":"https:\/\/api.w.org\/{rel}","templated":true}]}}