{"id":26945,"date":"2026-02-27T00:34:47","date_gmt":"2026-02-27T00:34:47","guid":{"rendered":"https:\/\/nordicmart.andreevmaster.com\/product\/feber-lamborghini-aventador-pink-elbil-6v-3\/"},"modified":"2026-02-27T09:13:50","modified_gmt":"2026-02-27T09:13:50","slug":"feber-lamborghini-aventador-pink-elbil-6v-3","status":"publish","type":"product","link":"https:\/\/nordicmart.andreevmaster.com\/da\/vare\/feber-lamborghini-aventador-pink-elbil-6v-3\/","title":{"rendered":"FEBER Lamborghini Aventador Pink elbil 6V 3+"},"content":{"rendered":"<p>Lamborghini Aventador 6V med radiostyring fra FEBER er en luksuri\u00f8s batteridrevet bil til b\u00f8rn fra 3 \u00e5r med en anbefalet maksimal v\u00e6gt p\u00e5 30 kg. Udstyret med sikkerhedssele, bremse, forlygter og \u00e6gte lyde. K\u00f8ret\u00f8jet k\u00f8rer fremad og bagud (op til 3,5 km\/t) og kan fjernstyres af for\u00e6ldrene eller betjenes uafh\u00e6ngigt af b\u00f8rnene ved hj\u00e6lp af pedalen og rattet. Batteriets levetid er op til 45 minutter! Batteri og oplader medf\u00f8lger.<\/p>\n<p>Funktioner:<\/p>\n<p>* &#8211; Til b\u00f8rn fra 3 \u00e5r<br \/>\n* &#8211; Maksimal belastning: 30 kg<br \/>\n* &#8211; Batterilevetid: op til 45 minutter<br \/>\n* &#8211; Maksimal hastighed: 3,5 km\/t<br \/>\n* &#8211; Udstyret med sikkerhedsseler og forlygter<br \/>\n* &#8211; Afgiver realistiske lyde<br \/>\n* &#8211; Leveres med fjernbetjening<\/p>\n<p>S\u00e6ttet indeholder:<\/p>\n<p>* &#8211; Batteridrevet k\u00f8ret\u00f8j<br \/>\n* &#8211; Fjernbetjening<br \/>\n* &#8211; Oplader<\/p>\n<p>Leget\u00f8jet udvikler:<\/p>\n<p>* &#8211; Grovmotorik og koordination<br \/>\n* &#8211; Manuelle f\u00e6rdigheder<br \/>\n* &#8211; En f\u00f8lelse af uafh\u00e6ngighed og selvtillid<br \/>\n* &#8211; Fantasi og kreativitet<br \/>\n* &#8211; H\u00f8relse og syn<\/p>\n","protected":false},"excerpt":{"rendered":"<p>Lamborghini Aventador 6V med radiostyring fra FEBER er en luksuri\u00f8s batteridrevet bil til b\u00f8rn fra 3 \u00e5r med en anbefalet maksimal v\u00e6gt p\u00e5 30 kg. Udstyret med sikkerhedssele, bremse, forlygter og \u00e6gte lyde. K\u00f8ret\u00f8jet k\u00f8rer fremad og bagud (op til 3,5 km\/t) og kan fjernstyres af for\u00e6ldrene eller betjenes uafh\u00e6ngigt af b\u00f8rnene ved hj\u00e6lp af [&hellip;]<\/p>\n","protected":false},"featured_media":0,"comment_status":"open","ping_status":"closed","template":"","meta":[],"product_brand":[],"product_cat":[31],"product_tag":[],"class_list":{"0":"post-26945","1":"product","2":"type-product","3":"status-publish","5":"product_cat-uncategorized-da","7":"first","8":"instock","9":"shipping-taxable","10":"purchasable","11":"product-type-simple"},"_links":{"self":[{"href":"https:\/\/nordicmart.andreevmaster.com\/da\/wp-json\/wp\/v2\/product\/26945","targetHints":{"allow":["GET"]}}],"collection":[{"href":"https:\/\/nordicmart.andreevmaster.com\/da\/wp-json\/wp\/v2\/product"}],"about":[{"href":"https:\/\/nordicmart.andreevmaster.com\/da\/wp-json\/wp\/v2\/types\/product"}],"replies":[{"embeddable":true,"href":"https:\/\/nordicmart.andreevmaster.com\/da\/wp-json\/wp\/v2\/comments?post=26945"}],"wp:attachment":[{"href":"https:\/\/nordicmart.andreevmaster.com\/da\/wp-json\/wp\/v2\/media?parent=26945"}],"wp:term":[{"taxonomy":"product_brand","embeddable":true,"href":"https:\/\/nordicmart.andreevmaster.com\/da\/wp-json\/wp\/v2\/product_brand?post=26945"},{"taxonomy":"product_cat","embeddable":true,"href":"https:\/\/nordicmart.andreevmaster.com\/da\/wp-json\/wp\/v2\/product_cat?post=26945"},{"taxonomy":"product_tag","embeddable":true,"href":"https:\/\/nordicmart.andreevmaster.com\/da\/wp-json\/wp\/v2\/product_tag?post=26945"}],"curies":[{"name":"wp","href":"https:\/\/api.w.org\/{rel}","templated":true}]}}