{"id":26944,"date":"2026-02-27T00:34:46","date_gmt":"2026-02-27T00:34:46","guid":{"rendered":"https:\/\/nordicmart.andreevmaster.com\/product\/rolly-toys-rollyscraper-multi-blade-reversible-plow-niemeyer-2\/"},"modified":"2026-02-27T09:13:50","modified_gmt":"2026-02-27T09:13:50","slug":"rolly-toys-rollyscraper-multi-blade-reversible-plow-niemeyer-2","status":"publish","type":"product","link":"https:\/\/nordicmart.andreevmaster.com\/da\/vare\/rolly-toys-rollyscraper-multi-blade-reversible-plow-niemeyer-2\/","title":{"rendered":"Rolly Toys rollyScraper Multi-blade Reversible Plow NIEMEYER"},"content":{"rendered":"<p>Den flerbladede plov er det perfekte tilbeh\u00f8r til Rolly Toys-traktorer. Det er et uundv\u00e6rligt redskab for sm\u00e5 landm\u00e6nd! Med dette leget\u00f8j kan b\u00f8rnene nyde timevis af realistisk leg med uendelige scenarier. Ploven passer perfekt til Rolly Toys-traktorer, hvilket g\u00f8r den til det ideelle tilbeh\u00f8r til leges\u00e6ttet. Takket v\u00e6re de h\u00f8jkvalitative materialer og konstruktionen kan den modst\u00e5 de h\u00e5rdeste eventyr og forts\u00e6tte med at fungere problemfrit og pr\u00e6cist. RollyScraper er ikke kun et fantastisk leget\u00f8j, men ogs\u00e5 et redskab til at forbedre h\u00e5nd-\u00f8je-koordinationen og motoriske f\u00e6rdigheder. <\/p>\n<p>Funktioner: <\/p>\n<p>&#8211; Drejelig metalramme &#8211; Seks plovarme &#8211; To hjul &#8211; Tilskynder b\u00f8rn til at v\u00e6re aktive udend\u00f8rs &#8211; Passer til alle Rolly Toys-k\u00f8ret\u00f8jer, der er udstyret med en trailerkobling<\/p>\n","protected":false},"excerpt":{"rendered":"<p>Den flerbladede plov er det perfekte tilbeh\u00f8r til Rolly Toys-traktorer. Det er et uundv\u00e6rligt redskab for sm\u00e5 landm\u00e6nd! Med dette leget\u00f8j kan b\u00f8rnene nyde timevis af realistisk leg med uendelige scenarier. Ploven passer perfekt til Rolly Toys-traktorer, hvilket g\u00f8r den til det ideelle tilbeh\u00f8r til leges\u00e6ttet. Takket v\u00e6re de h\u00f8jkvalitative materialer og konstruktionen kan den [&hellip;]<\/p>\n","protected":false},"featured_media":0,"comment_status":"open","ping_status":"closed","template":"","meta":[],"product_brand":[],"product_cat":[31],"product_tag":[],"class_list":{"0":"post-26944","1":"product","2":"type-product","3":"status-publish","5":"product_cat-uncategorized-da","7":"first","8":"instock","9":"shipping-taxable","10":"purchasable","11":"product-type-simple"},"_links":{"self":[{"href":"https:\/\/nordicmart.andreevmaster.com\/da\/wp-json\/wp\/v2\/product\/26944","targetHints":{"allow":["GET"]}}],"collection":[{"href":"https:\/\/nordicmart.andreevmaster.com\/da\/wp-json\/wp\/v2\/product"}],"about":[{"href":"https:\/\/nordicmart.andreevmaster.com\/da\/wp-json\/wp\/v2\/types\/product"}],"replies":[{"embeddable":true,"href":"https:\/\/nordicmart.andreevmaster.com\/da\/wp-json\/wp\/v2\/comments?post=26944"}],"wp:attachment":[{"href":"https:\/\/nordicmart.andreevmaster.com\/da\/wp-json\/wp\/v2\/media?parent=26944"}],"wp:term":[{"taxonomy":"product_brand","embeddable":true,"href":"https:\/\/nordicmart.andreevmaster.com\/da\/wp-json\/wp\/v2\/product_brand?post=26944"},{"taxonomy":"product_cat","embeddable":true,"href":"https:\/\/nordicmart.andreevmaster.com\/da\/wp-json\/wp\/v2\/product_cat?post=26944"},{"taxonomy":"product_tag","embeddable":true,"href":"https:\/\/nordicmart.andreevmaster.com\/da\/wp-json\/wp\/v2\/product_tag?post=26944"}],"curies":[{"name":"wp","href":"https:\/\/api.w.org\/{rel}","templated":true}]}}