{"id":26943,"date":"2026-02-27T00:34:46","date_gmt":"2026-02-27T00:34:46","guid":{"rendered":"https:\/\/nordicmart.andreevmaster.com\/product\/rolly-toys-rollycambridge-diskharve-cambridge-tromle-traktorvogn\/"},"modified":"2026-02-27T09:13:49","modified_gmt":"2026-02-27T09:13:49","slug":"rolly-toys-rollycambridge-diskharve-cambridge-tromle-traktorvogn","status":"publish","type":"product","link":"https:\/\/nordicmart.andreevmaster.com\/da\/vare\/rolly-toys-rollycambridge-diskharve-cambridge-tromle-traktorvogn\/","title":{"rendered":"Rolly Toys rollyCambridge Diskharve Cambridge tromle Traktorvogn"},"content":{"rendered":"<p>Cambridge skiveharven passer til alle Rolly Toys k\u00f8ret\u00f8jer, der er udstyret med en trailerkobling. Den perfekte gave til enhver lejlighed! Et fremragende leget\u00f8j til b\u00f8rn, der kan lide at lege landmand, bonde eller gartner.<\/p>\n<p>* Leget\u00f8jet best\u00e5r af tre roterende ruller. Det er fremstillet af metal, hvilket g\u00f8r det mere holdbart under leg.<br \/>\n* Passer til Rolly Toys traktorer, der er udstyret med en trailerkobling.<br \/>\n* Tre roterende ruller.<br \/>\n* Metalkonstruktion.<\/p>\n<p>Rolly Toys er et tysk firma, der blev grundlagt i 1938 af Franz og Rosa Schneider. I dag, efter mere end 75 \u00e5r, drives familievirksomheden stadig af anden og tredje generation med uformindsket engagement. Siden starten har Rolly Toys&#8217; m\u00e5l v\u00e6ret at bringe gl\u00e6de til b\u00f8rn og for\u00e6ldre over hele verden gennem b\u00f8rneleget\u00f8j af h\u00f8jeste kvalitet.<\/p>\n","protected":false},"excerpt":{"rendered":"<p>Cambridge skiveharven passer til alle Rolly Toys k\u00f8ret\u00f8jer, der er udstyret med en trailerkobling. Den perfekte gave til enhver lejlighed! Et fremragende leget\u00f8j til b\u00f8rn, der kan lide at lege landmand, bonde eller gartner. * Leget\u00f8jet best\u00e5r af tre roterende ruller. Det er fremstillet af metal, hvilket g\u00f8r det mere holdbart under leg. * Passer [&hellip;]<\/p>\n","protected":false},"featured_media":0,"comment_status":"open","ping_status":"closed","template":"","meta":[],"product_brand":[],"product_cat":[31],"product_tag":[],"class_list":{"0":"post-26943","1":"product","2":"type-product","3":"status-publish","5":"product_cat-uncategorized-da","7":"first","8":"instock","9":"shipping-taxable","10":"purchasable","11":"product-type-simple"},"_links":{"self":[{"href":"https:\/\/nordicmart.andreevmaster.com\/da\/wp-json\/wp\/v2\/product\/26943","targetHints":{"allow":["GET"]}}],"collection":[{"href":"https:\/\/nordicmart.andreevmaster.com\/da\/wp-json\/wp\/v2\/product"}],"about":[{"href":"https:\/\/nordicmart.andreevmaster.com\/da\/wp-json\/wp\/v2\/types\/product"}],"replies":[{"embeddable":true,"href":"https:\/\/nordicmart.andreevmaster.com\/da\/wp-json\/wp\/v2\/comments?post=26943"}],"wp:attachment":[{"href":"https:\/\/nordicmart.andreevmaster.com\/da\/wp-json\/wp\/v2\/media?parent=26943"}],"wp:term":[{"taxonomy":"product_brand","embeddable":true,"href":"https:\/\/nordicmart.andreevmaster.com\/da\/wp-json\/wp\/v2\/product_brand?post=26943"},{"taxonomy":"product_cat","embeddable":true,"href":"https:\/\/nordicmart.andreevmaster.com\/da\/wp-json\/wp\/v2\/product_cat?post=26943"},{"taxonomy":"product_tag","embeddable":true,"href":"https:\/\/nordicmart.andreevmaster.com\/da\/wp-json\/wp\/v2\/product_tag?post=26943"}],"curies":[{"name":"wp","href":"https:\/\/api.w.org\/{rel}","templated":true}]}}