{"id":26941,"date":"2026-02-27T00:34:46","date_gmt":"2026-02-27T00:34:46","guid":{"rendered":"https:\/\/nordicmart.andreevmaster.com\/product\/rolly-toys-rollytrailer-tankvogn-til-traktor-brandvaesen-5-l\/"},"modified":"2026-02-27T09:13:49","modified_gmt":"2026-02-27T09:13:49","slug":"rolly-toys-rollytrailer-tankvogn-til-traktor-brandvaesen-5-l","status":"publish","type":"product","link":"https:\/\/nordicmart.andreevmaster.com\/da\/vare\/rolly-toys-rollytrailer-tankvogn-til-traktor-brandvaesen-5-l\/","title":{"rendered":"Rolly Toys rollyTrailer Tankvogn til traktor Brandv\u00e6sen 5 l"},"content":{"rendered":"<p>B\u00f8rn ser p\u00e5 verden med begejstring, is\u00e6r n\u00e5r det drejer sig om k\u00f8ret\u00f8jer som dette, s\u00e5 det vil uden tvivl bringe stor gl\u00e6de til alle b\u00f8rn.<\/p>\n<p>Med Rolly Toys-produkter kan alle b\u00f8rn bygge deres egen lille verden. Inspireret af virkelige eksempler og med lidt fantasi vil vidunderlige historier begynde at udspille sig foran dine \u00f8jne. Passer til alle Rolly Toys-k\u00f8ret\u00f8jer. Tankvognen kan fyldes med vand og derefter bruges med en spr\u00f8jte eller dyse til at vande haven, fortovet osv. Det n\u00f8dvendige tryk genereres af en h\u00e5ndpumpe!<\/p>\n","protected":false},"excerpt":{"rendered":"<p>B\u00f8rn ser p\u00e5 verden med begejstring, is\u00e6r n\u00e5r det drejer sig om k\u00f8ret\u00f8jer som dette, s\u00e5 det vil uden tvivl bringe stor gl\u00e6de til alle b\u00f8rn. Med Rolly Toys-produkter kan alle b\u00f8rn bygge deres egen lille verden. Inspireret af virkelige eksempler og med lidt fantasi vil vidunderlige historier begynde at udspille sig foran dine \u00f8jne. [&hellip;]<\/p>\n","protected":false},"featured_media":0,"comment_status":"open","ping_status":"closed","template":"","meta":[],"product_brand":[],"product_cat":[31],"product_tag":[],"class_list":{"0":"post-26941","1":"product","2":"type-product","3":"status-publish","5":"product_cat-uncategorized-da","7":"first","8":"instock","9":"shipping-taxable","10":"purchasable","11":"product-type-simple"},"_links":{"self":[{"href":"https:\/\/nordicmart.andreevmaster.com\/da\/wp-json\/wp\/v2\/product\/26941","targetHints":{"allow":["GET"]}}],"collection":[{"href":"https:\/\/nordicmart.andreevmaster.com\/da\/wp-json\/wp\/v2\/product"}],"about":[{"href":"https:\/\/nordicmart.andreevmaster.com\/da\/wp-json\/wp\/v2\/types\/product"}],"replies":[{"embeddable":true,"href":"https:\/\/nordicmart.andreevmaster.com\/da\/wp-json\/wp\/v2\/comments?post=26941"}],"wp:attachment":[{"href":"https:\/\/nordicmart.andreevmaster.com\/da\/wp-json\/wp\/v2\/media?parent=26941"}],"wp:term":[{"taxonomy":"product_brand","embeddable":true,"href":"https:\/\/nordicmart.andreevmaster.com\/da\/wp-json\/wp\/v2\/product_brand?post=26941"},{"taxonomy":"product_cat","embeddable":true,"href":"https:\/\/nordicmart.andreevmaster.com\/da\/wp-json\/wp\/v2\/product_cat?post=26941"},{"taxonomy":"product_tag","embeddable":true,"href":"https:\/\/nordicmart.andreevmaster.com\/da\/wp-json\/wp\/v2\/product_tag?post=26941"}],"curies":[{"name":"wp","href":"https:\/\/api.w.org\/{rel}","templated":true}]}}