{"id":26940,"date":"2026-02-27T00:34:45","date_gmt":"2026-02-27T00:34:45","guid":{"rendered":"https:\/\/nordicmart.andreevmaster.com\/product\/rolly-toys-rollytrailer-tankvogn-med-sprojte-og-pumpe\/"},"modified":"2026-02-27T09:13:49","modified_gmt":"2026-02-27T09:13:49","slug":"rolly-toys-rollytrailer-tankvogn-med-sprojte-og-pumpe","status":"publish","type":"product","link":"https:\/\/nordicmart.andreevmaster.com\/da\/vare\/rolly-toys-rollytrailer-tankvogn-med-sprojte-og-pumpe\/","title":{"rendered":"Rolly Toys rollyTrailer Tankvogn med spr\u00f8jte og pumpe"},"content":{"rendered":"<p>Det perfekte leget\u00f8j til gartnere og reng\u00f8ringsfreaks! Den ideelle tilf\u00f8jelse til enhver Rolly Toys-traktor. Omhyggeligt fremstillet med opm\u00e6rksomhed p\u00e5 selv de mindste detaljer.<\/p>\n<p>* Tanken kan fyldes med vand og derefter bruges til at vande haven eller indk\u00f8rslen med spr\u00f8jten og h\u00e5ndpumpen.<br \/>\n* Foran p\u00e5 traileren er der et specielt ekstra nedf\u00e6ldeligt hjul, der forhindrer traileren i at v\u00e6lte, n\u00e5r den er koblet fra traktoren.<br \/>\n* Passer til alle Rolly Toys-k\u00f8ret\u00f8jer.<br \/>\n* Kapacitet 30 l.<\/p>\n","protected":false},"excerpt":{"rendered":"<p>Det perfekte leget\u00f8j til gartnere og reng\u00f8ringsfreaks! Den ideelle tilf\u00f8jelse til enhver Rolly Toys-traktor. Omhyggeligt fremstillet med opm\u00e6rksomhed p\u00e5 selv de mindste detaljer. * Tanken kan fyldes med vand og derefter bruges til at vande haven eller indk\u00f8rslen med spr\u00f8jten og h\u00e5ndpumpen. * Foran p\u00e5 traileren er der et specielt ekstra nedf\u00e6ldeligt hjul, der forhindrer [&hellip;]<\/p>\n","protected":false},"featured_media":0,"comment_status":"open","ping_status":"closed","template":"","meta":[],"product_brand":[],"product_cat":[31],"product_tag":[],"class_list":{"0":"post-26940","1":"product","2":"type-product","3":"status-publish","5":"product_cat-uncategorized-da","7":"first","8":"instock","9":"shipping-taxable","10":"purchasable","11":"product-type-simple"},"_links":{"self":[{"href":"https:\/\/nordicmart.andreevmaster.com\/da\/wp-json\/wp\/v2\/product\/26940","targetHints":{"allow":["GET"]}}],"collection":[{"href":"https:\/\/nordicmart.andreevmaster.com\/da\/wp-json\/wp\/v2\/product"}],"about":[{"href":"https:\/\/nordicmart.andreevmaster.com\/da\/wp-json\/wp\/v2\/types\/product"}],"replies":[{"embeddable":true,"href":"https:\/\/nordicmart.andreevmaster.com\/da\/wp-json\/wp\/v2\/comments?post=26940"}],"wp:attachment":[{"href":"https:\/\/nordicmart.andreevmaster.com\/da\/wp-json\/wp\/v2\/media?parent=26940"}],"wp:term":[{"taxonomy":"product_brand","embeddable":true,"href":"https:\/\/nordicmart.andreevmaster.com\/da\/wp-json\/wp\/v2\/product_brand?post=26940"},{"taxonomy":"product_cat","embeddable":true,"href":"https:\/\/nordicmart.andreevmaster.com\/da\/wp-json\/wp\/v2\/product_cat?post=26940"},{"taxonomy":"product_tag","embeddable":true,"href":"https:\/\/nordicmart.andreevmaster.com\/da\/wp-json\/wp\/v2\/product_tag?post=26940"}],"curies":[{"name":"wp","href":"https:\/\/api.w.org\/{rel}","templated":true}]}}