{"id":26938,"date":"2026-02-27T00:34:45","date_gmt":"2026-02-27T00:34:45","guid":{"rendered":"https:\/\/nordicmart.andreevmaster.com\/product\/feber-fantasy-pink-bornehavehus\/"},"modified":"2026-02-27T09:13:49","modified_gmt":"2026-02-27T09:13:49","slug":"feber-fantasy-pink-bornehavehus","status":"publish","type":"product","link":"https:\/\/nordicmart.andreevmaster.com\/da\/vare\/feber-fantasy-pink-bornehavehus\/","title":{"rendered":"FEBER Fantasy Pink b\u00f8rnehavehus"},"content":{"rendered":"<p>Fantasy havehus med rummeligt interi\u00f8r til kreativ leg. Fremstillet ved hj\u00e6lp af den nyeste teknologi og de h\u00f8jeste sikkerhedsstandarder. Indgangsd\u00f8ren er udstyret med en \u00e5bning, der fungerer som brevkasse. Et funktionelt og realistisk legehus med for\u00e5rstema. Det hele er lavet af farverigt plast, der er modstandsdygtigt over for sollys og temperatur. Feber-legehuset er ekstremt nemt at samle. Dit barns gl\u00e6de er uvurderlig!<\/p>\n<p>Egenskaber:<\/p>\n<p>* &#8211; d\u00f8r, der kan \u00e5bnes,<br \/>\n* &#8211; brevkasse i d\u00f8ren,<br \/>\n* &#8211; nem og hurtig montering,<br \/>\n* &#8211; holdbart, stabilt og modstandsdygtigt,<br \/>\n* &#8211; fremstillet udelukkende af holdbart og stabilt plast d\u00e6kket med en ANTI-UV-bel\u00e6gning, der beskytter farverne mod at falme.<\/p>\n<p>Leget\u00f8jet udvikler:<\/p>\n<p>* &#8211; udvikler fantasien,<br \/>\n* &#8211; tilskynder til rollespil,<br \/>\n* &#8211; former kreativiteten,<br \/>\n* &#8211; l\u00e6rer samarbejde med andre b\u00f8rn.<\/p>\n<p>FEBER-leget\u00f8j omfatter: haveleget\u00f8j, gynger, legepladser, rutsjebaner og vandrutsjebaner, trehjulede cykler og meget andet. FEBER-leget\u00f8j er certificeret af AENOR ISO 9001, ISO 14001 og OSHAS18001, hvilket vidner om den h\u00f8je kvalitet i alle processer i forbindelse med leget\u00f8jsproduktion: fra design og produktion til service.<\/p>\n","protected":false},"excerpt":{"rendered":"<p>Fantasy havehus med rummeligt interi\u00f8r til kreativ leg. Fremstillet ved hj\u00e6lp af den nyeste teknologi og de h\u00f8jeste sikkerhedsstandarder. Indgangsd\u00f8ren er udstyret med en \u00e5bning, der fungerer som brevkasse. Et funktionelt og realistisk legehus med for\u00e5rstema. Det hele er lavet af farverigt plast, der er modstandsdygtigt over for sollys og temperatur. Feber-legehuset er ekstremt nemt [&hellip;]<\/p>\n","protected":false},"featured_media":0,"comment_status":"open","ping_status":"closed","template":"","meta":[],"product_brand":[],"product_cat":[31],"product_tag":[],"class_list":{"0":"post-26938","1":"product","2":"type-product","3":"status-publish","5":"product_cat-uncategorized-da","7":"first","8":"instock","9":"shipping-taxable","10":"purchasable","11":"product-type-simple"},"_links":{"self":[{"href":"https:\/\/nordicmart.andreevmaster.com\/da\/wp-json\/wp\/v2\/product\/26938","targetHints":{"allow":["GET"]}}],"collection":[{"href":"https:\/\/nordicmart.andreevmaster.com\/da\/wp-json\/wp\/v2\/product"}],"about":[{"href":"https:\/\/nordicmart.andreevmaster.com\/da\/wp-json\/wp\/v2\/types\/product"}],"replies":[{"embeddable":true,"href":"https:\/\/nordicmart.andreevmaster.com\/da\/wp-json\/wp\/v2\/comments?post=26938"}],"wp:attachment":[{"href":"https:\/\/nordicmart.andreevmaster.com\/da\/wp-json\/wp\/v2\/media?parent=26938"}],"wp:term":[{"taxonomy":"product_brand","embeddable":true,"href":"https:\/\/nordicmart.andreevmaster.com\/da\/wp-json\/wp\/v2\/product_brand?post=26938"},{"taxonomy":"product_cat","embeddable":true,"href":"https:\/\/nordicmart.andreevmaster.com\/da\/wp-json\/wp\/v2\/product_cat?post=26938"},{"taxonomy":"product_tag","embeddable":true,"href":"https:\/\/nordicmart.andreevmaster.com\/da\/wp-json\/wp\/v2\/product_tag?post=26938"}],"curies":[{"name":"wp","href":"https:\/\/api.w.org\/{rel}","templated":true}]}}