{"id":26937,"date":"2026-02-27T00:34:44","date_gmt":"2026-02-27T00:34:44","guid":{"rendered":"https:\/\/nordicmart.andreevmaster.com\/product\/rolly-toys-rollytrailer-claas-halfpipe-tipper-trailer-2\/"},"modified":"2026-02-27T09:13:48","modified_gmt":"2026-02-27T09:13:48","slug":"rolly-toys-rollytrailer-claas-halfpipe-tipper-trailer-2","status":"publish","type":"product","link":"https:\/\/nordicmart.andreevmaster.com\/da\/vare\/rolly-toys-rollytrailer-claas-halfpipe-tipper-trailer-2\/","title":{"rendered":"Rolly Toys rollyTrailer CLAAS Halfpipe tipper trailer"},"content":{"rendered":"<p>Rolly Toys Halfpipe Claas tippevogn Den er stabil, fordi den har 2 hjulaksler. Den passer til alle Rolly Toys-k\u00f8ret\u00f8jer.<\/p>\n<p>Denne vogn passer til alle ROLLY TOYS-traktorer. En fantastisk tilf\u00f8jelse til ethvert k\u00f8ret\u00f8j.<\/p>\n<p>Leget\u00f8jet har: en dobbelt aksel for stabilitet og en l\u00f8ftemekanisme til vognen for nem afl\u00e6sning. Rolly Toys er et tysk firma, der blev grundlagt i 1938 af Franz og Rosa Schneider. I dag, efter mere end 75 \u00e5r, drives familievirksomheden stadig af anden og tredje generation med uformindsket engagement. Siden starten har Rolly Toys&#8217; m\u00e5l v\u00e6ret at bringe gl\u00e6de til b\u00f8rn og for\u00e6ldre over hele verden gennem b\u00f8rneleget\u00f8j af h\u00f8jeste kvalitet.<\/p>\n","protected":false},"excerpt":{"rendered":"<p>Rolly Toys Halfpipe Claas tippevogn Den er stabil, fordi den har 2 hjulaksler. Den passer til alle Rolly Toys-k\u00f8ret\u00f8jer. Denne vogn passer til alle ROLLY TOYS-traktorer. En fantastisk tilf\u00f8jelse til ethvert k\u00f8ret\u00f8j. Leget\u00f8jet har: en dobbelt aksel for stabilitet og en l\u00f8ftemekanisme til vognen for nem afl\u00e6sning. Rolly Toys er et tysk firma, der blev [&hellip;]<\/p>\n","protected":false},"featured_media":0,"comment_status":"open","ping_status":"closed","template":"","meta":[],"product_brand":[],"product_cat":[31],"product_tag":[],"class_list":{"0":"post-26937","1":"product","2":"type-product","3":"status-publish","5":"product_cat-uncategorized-da","7":"first","8":"instock","9":"shipping-taxable","10":"purchasable","11":"product-type-simple"},"_links":{"self":[{"href":"https:\/\/nordicmart.andreevmaster.com\/da\/wp-json\/wp\/v2\/product\/26937","targetHints":{"allow":["GET"]}}],"collection":[{"href":"https:\/\/nordicmart.andreevmaster.com\/da\/wp-json\/wp\/v2\/product"}],"about":[{"href":"https:\/\/nordicmart.andreevmaster.com\/da\/wp-json\/wp\/v2\/types\/product"}],"replies":[{"embeddable":true,"href":"https:\/\/nordicmart.andreevmaster.com\/da\/wp-json\/wp\/v2\/comments?post=26937"}],"wp:attachment":[{"href":"https:\/\/nordicmart.andreevmaster.com\/da\/wp-json\/wp\/v2\/media?parent=26937"}],"wp:term":[{"taxonomy":"product_brand","embeddable":true,"href":"https:\/\/nordicmart.andreevmaster.com\/da\/wp-json\/wp\/v2\/product_brand?post=26937"},{"taxonomy":"product_cat","embeddable":true,"href":"https:\/\/nordicmart.andreevmaster.com\/da\/wp-json\/wp\/v2\/product_cat?post=26937"},{"taxonomy":"product_tag","embeddable":true,"href":"https:\/\/nordicmart.andreevmaster.com\/da\/wp-json\/wp\/v2\/product_tag?post=26937"}],"curies":[{"name":"wp","href":"https:\/\/api.w.org\/{rel}","templated":true}]}}