{"id":26936,"date":"2026-02-27T00:34:44","date_gmt":"2026-02-27T00:34:44","guid":{"rendered":"https:\/\/nordicmart.andreevmaster.com\/product\/rolly-toys-rollytrailer-mega-trailer-traktorvogn\/"},"modified":"2026-02-27T09:13:48","modified_gmt":"2026-02-27T09:13:48","slug":"rolly-toys-rollytrailer-mega-trailer-traktorvogn","status":"publish","type":"product","link":"https:\/\/nordicmart.andreevmaster.com\/da\/vare\/rolly-toys-rollytrailer-mega-trailer-traktorvogn\/","title":{"rendered":"Rolly Toys rollyTrailer Mega Trailer Traktorvogn"},"content":{"rendered":"<p>Rolly Toys 2-akslet tippetrailer, gr\u00f8n Traileren med tippelad p\u00e5 3 sider er stabil. Den har robuste hjul, s\u00e5 din lille kan transportere mange ting i den. Passer til alle Rolly Toys-k\u00f8ret\u00f8jer undtagen rollyKids- og rollyDumperKid-modellerne. Passer til alle Rolly Toys-k\u00f8ret\u00f8jer<\/p>\n<p>Rolly Toys er et tysk firma, der blev grundlagt i 1938 af Franz og Rosa Schneider. I dag, efter mere end 75 \u00e5r, drives familievirksomheden stadig af anden og tredje generation med uformindsket engagement. Siden starten har Rolly Toys&#8217; m\u00e5l v\u00e6ret at bringe gl\u00e6de til b\u00f8rn og for\u00e6ldre over hele verden gennem b\u00f8rneleget\u00f8j af h\u00f8jeste kvalitet.<\/p>\n","protected":false},"excerpt":{"rendered":"<p>Rolly Toys 2-akslet tippetrailer, gr\u00f8n Traileren med tippelad p\u00e5 3 sider er stabil. Den har robuste hjul, s\u00e5 din lille kan transportere mange ting i den. Passer til alle Rolly Toys-k\u00f8ret\u00f8jer undtagen rollyKids- og rollyDumperKid-modellerne. Passer til alle Rolly Toys-k\u00f8ret\u00f8jer Rolly Toys er et tysk firma, der blev grundlagt i 1938 af Franz og Rosa [&hellip;]<\/p>\n","protected":false},"featured_media":0,"comment_status":"open","ping_status":"closed","template":"","meta":[],"product_brand":[],"product_cat":[31],"product_tag":[],"class_list":{"0":"post-26936","1":"product","2":"type-product","3":"status-publish","5":"product_cat-uncategorized-da","7":"first","8":"instock","9":"shipping-taxable","10":"purchasable","11":"product-type-simple"},"_links":{"self":[{"href":"https:\/\/nordicmart.andreevmaster.com\/da\/wp-json\/wp\/v2\/product\/26936","targetHints":{"allow":["GET"]}}],"collection":[{"href":"https:\/\/nordicmart.andreevmaster.com\/da\/wp-json\/wp\/v2\/product"}],"about":[{"href":"https:\/\/nordicmart.andreevmaster.com\/da\/wp-json\/wp\/v2\/types\/product"}],"replies":[{"embeddable":true,"href":"https:\/\/nordicmart.andreevmaster.com\/da\/wp-json\/wp\/v2\/comments?post=26936"}],"wp:attachment":[{"href":"https:\/\/nordicmart.andreevmaster.com\/da\/wp-json\/wp\/v2\/media?parent=26936"}],"wp:term":[{"taxonomy":"product_brand","embeddable":true,"href":"https:\/\/nordicmart.andreevmaster.com\/da\/wp-json\/wp\/v2\/product_brand?post=26936"},{"taxonomy":"product_cat","embeddable":true,"href":"https:\/\/nordicmart.andreevmaster.com\/da\/wp-json\/wp\/v2\/product_cat?post=26936"},{"taxonomy":"product_tag","embeddable":true,"href":"https:\/\/nordicmart.andreevmaster.com\/da\/wp-json\/wp\/v2\/product_tag?post=26936"}],"curies":[{"name":"wp","href":"https:\/\/api.w.org\/{rel}","templated":true}]}}