{"id":26934,"date":"2026-02-27T00:34:44","date_gmt":"2026-02-27T00:34:44","guid":{"rendered":"https:\/\/nordicmart.andreevmaster.com\/product\/rolly-toys-rollytrailer-traktorvogn-med-abne-sider\/"},"modified":"2026-02-27T09:13:48","modified_gmt":"2026-02-27T09:13:48","slug":"rolly-toys-rollytrailer-traktorvogn-med-abne-sider","status":"publish","type":"product","link":"https:\/\/nordicmart.andreevmaster.com\/da\/vare\/rolly-toys-rollytrailer-traktorvogn-med-abne-sider\/","title":{"rendered":"Rolly Toys rollyTrailer Traktorvogn med \u00e5bne sider"},"content":{"rendered":"<p>Den r\u00f8de og gr\u00e5 vogn med \u00e5bne sider er det perfekte tilbeh\u00f8r til Rolly Toys-traktoren.<br \/>\n* har nedf\u00e6ldelige sider<br \/>\n* Enkeltakslet trailer<br \/>\n* passer til alle Rolly Toys-traktorer, der er udstyret med en trailerkobling<br \/>\n* M\u00e5l: l\u00e6ngde: 62 cm, bredde: 46 cm, h\u00f8jde: 37 cm<br \/>\n* Produktv\u00e6gt: 3,1 kg<\/p>\n<p>Rolly Toys er et tysk firma, der blev grundlagt i 1938 af Franz og Rosa Schneider. I dag, efter mere end 75 \u00e5r, drives familievirksomheden stadig af anden og tredje generation med uformindsket engagement. Siden starten har Rolly Toys&#8217; m\u00e5l v\u00e6ret at bringe gl\u00e6de til b\u00f8rn og for\u00e6ldre over hele verden gennem b\u00f8rneleget\u00f8j af h\u00f8jeste kvalitet.<\/p>\n","protected":false},"excerpt":{"rendered":"<p>Den r\u00f8de og gr\u00e5 vogn med \u00e5bne sider er det perfekte tilbeh\u00f8r til Rolly Toys-traktoren. * har nedf\u00e6ldelige sider * Enkeltakslet trailer * passer til alle Rolly Toys-traktorer, der er udstyret med en trailerkobling * M\u00e5l: l\u00e6ngde: 62 cm, bredde: 46 cm, h\u00f8jde: 37 cm * Produktv\u00e6gt: 3,1 kg Rolly Toys er et tysk firma, [&hellip;]<\/p>\n","protected":false},"featured_media":0,"comment_status":"open","ping_status":"closed","template":"","meta":[],"product_brand":[],"product_cat":[31],"product_tag":[],"class_list":{"0":"post-26934","1":"product","2":"type-product","3":"status-publish","5":"product_cat-uncategorized-da","7":"first","8":"instock","9":"shipping-taxable","10":"purchasable","11":"product-type-simple"},"_links":{"self":[{"href":"https:\/\/nordicmart.andreevmaster.com\/da\/wp-json\/wp\/v2\/product\/26934","targetHints":{"allow":["GET"]}}],"collection":[{"href":"https:\/\/nordicmart.andreevmaster.com\/da\/wp-json\/wp\/v2\/product"}],"about":[{"href":"https:\/\/nordicmart.andreevmaster.com\/da\/wp-json\/wp\/v2\/types\/product"}],"replies":[{"embeddable":true,"href":"https:\/\/nordicmart.andreevmaster.com\/da\/wp-json\/wp\/v2\/comments?post=26934"}],"wp:attachment":[{"href":"https:\/\/nordicmart.andreevmaster.com\/da\/wp-json\/wp\/v2\/media?parent=26934"}],"wp:term":[{"taxonomy":"product_brand","embeddable":true,"href":"https:\/\/nordicmart.andreevmaster.com\/da\/wp-json\/wp\/v2\/product_brand?post=26934"},{"taxonomy":"product_cat","embeddable":true,"href":"https:\/\/nordicmart.andreevmaster.com\/da\/wp-json\/wp\/v2\/product_cat?post=26934"},{"taxonomy":"product_tag","embeddable":true,"href":"https:\/\/nordicmart.andreevmaster.com\/da\/wp-json\/wp\/v2\/product_tag?post=26934"}],"curies":[{"name":"wp","href":"https:\/\/api.w.org\/{rel}","templated":true}]}}