{"id":26933,"date":"2026-02-27T00:34:44","date_gmt":"2026-02-27T00:34:44","guid":{"rendered":"https:\/\/nordicmart.andreevmaster.com\/product\/mini-guitar-15-cm-bmg-042-slash-stil\/"},"modified":"2026-02-27T09:13:47","modified_gmt":"2026-02-27T09:13:47","slug":"mini-guitar-15-cm-bmg-042-slash-stil","status":"publish","type":"product","link":"https:\/\/nordicmart.andreevmaster.com\/da\/vare\/mini-guitar-15-cm-bmg-042-slash-stil\/","title":{"rendered":"Mini guitar 15 cm &#8211; BMG-042 &#8211; Slash-stil"},"content":{"rendered":"<p>Mini-guitar 15 cm &#8211; BMG-042 &#8211; Slash-stil&nbsp;&nbsp;&nbsp;&nbsp;Denne mini-guitar er h\u00e5ndlavet af mahogni. Guitaren er ikke et leget\u00f8j. Den kan ikke bruges til at spille p\u00e5.&nbsp;&nbsp;Produktinformation:&nbsp;M\u00e5l: 15,5 x 6 x 0,4 cmSkala: 1:6Materiale: mahogniTr\u00e6Farve: sort, hvid, brunLeveres med et stativ af plast og metal til at stille guitaren p\u00e5&nbsp;Mini Slash-stil guitar er perfekt som:&nbsp;gave til en guitaristgave til en rockfan&nbsp;&nbsp;Bem\u00e6rk, at s\u00e6lgeren p\u00e5 ingen m\u00e5de er tilknyttet producenterne af de faktiske instrumenter eller de enkelte kunstnere. Navnene p\u00e5 modeller eller kunstnere er eksempler. De kendte navne bruges kun for at vise en bestemt musikstil. Ingen af instrumenterne er en tro kopi med hensyn til proportioner, st\u00f8rrelse og design.&nbsp;<\/p>\n","protected":false},"excerpt":{"rendered":"<p>Mini-guitar 15 cm &#8211; BMG-042 &#8211; Slash-stil&nbsp;&nbsp;&nbsp;&nbsp;Denne mini-guitar er h\u00e5ndlavet af mahogni. Guitaren er ikke et leget\u00f8j. Den kan ikke bruges til at spille p\u00e5.&nbsp;&nbsp;Produktinformation:&nbsp;M\u00e5l: 15,5 x 6 x 0,4 cmSkala: 1:6Materiale: mahogniTr\u00e6Farve: sort, hvid, brunLeveres med et stativ af plast og metal til at stille guitaren p\u00e5&nbsp;Mini Slash-stil guitar er perfekt som:&nbsp;gave til en [&hellip;]<\/p>\n","protected":false},"featured_media":44772,"comment_status":"open","ping_status":"closed","template":"","meta":[],"product_brand":[],"product_cat":[31],"product_tag":[],"class_list":{"0":"post-26933","1":"product","2":"type-product","3":"status-publish","4":"has-post-thumbnail","6":"product_cat-uncategorized-da","8":"first","9":"instock","10":"shipping-taxable","11":"purchasable","12":"product-type-simple"},"_links":{"self":[{"href":"https:\/\/nordicmart.andreevmaster.com\/da\/wp-json\/wp\/v2\/product\/26933","targetHints":{"allow":["GET"]}}],"collection":[{"href":"https:\/\/nordicmart.andreevmaster.com\/da\/wp-json\/wp\/v2\/product"}],"about":[{"href":"https:\/\/nordicmart.andreevmaster.com\/da\/wp-json\/wp\/v2\/types\/product"}],"replies":[{"embeddable":true,"href":"https:\/\/nordicmart.andreevmaster.com\/da\/wp-json\/wp\/v2\/comments?post=26933"}],"wp:featuredmedia":[{"embeddable":true,"href":"https:\/\/nordicmart.andreevmaster.com\/da\/wp-json\/wp\/v2\/media\/44772"}],"wp:attachment":[{"href":"https:\/\/nordicmart.andreevmaster.com\/da\/wp-json\/wp\/v2\/media?parent=26933"}],"wp:term":[{"taxonomy":"product_brand","embeddable":true,"href":"https:\/\/nordicmart.andreevmaster.com\/da\/wp-json\/wp\/v2\/product_brand?post=26933"},{"taxonomy":"product_cat","embeddable":true,"href":"https:\/\/nordicmart.andreevmaster.com\/da\/wp-json\/wp\/v2\/product_cat?post=26933"},{"taxonomy":"product_tag","embeddable":true,"href":"https:\/\/nordicmart.andreevmaster.com\/da\/wp-json\/wp\/v2\/product_tag?post=26933"}],"curies":[{"name":"wp","href":"https:\/\/api.w.org\/{rel}","templated":true}]}}