{"id":26932,"date":"2026-02-27T00:34:43","date_gmt":"2026-02-27T00:34:43","guid":{"rendered":"https:\/\/nordicmart.andreevmaster.com\/product\/mini-guitar-15-cm-i-stil-med-e-clapton-bmg-030\/"},"modified":"2026-02-27T09:13:47","modified_gmt":"2026-02-27T09:13:47","slug":"mini-guitar-15-cm-i-stil-med-e-clapton-bmg-030","status":"publish","type":"product","link":"https:\/\/nordicmart.andreevmaster.com\/da\/vare\/mini-guitar-15-cm-i-stil-med-e-clapton-bmg-030\/","title":{"rendered":"Mini-guitar 15 cm i stil med E. Clapton &#8211; BMG-030"},"content":{"rendered":"<p>Mini-guitar 15 cm i stil med E. Clapton &#8211; BMG-030 &nbsp;&nbsp;Mini-guitar 15 cm &#8211; BMG-030 i stil med E. Clapton er en miniatureversion af det ber\u00f8mte instrument, der vil gl\u00e6de enhver guitarfan. Den ser perfekt ud p\u00e5 en hylde, et skrivebord eller i en udstillingsmontre. Den leveres med et praktisk stativ. Dette er en fremragende id\u00e9 til en lille gave til en musikelsker.&nbsp;&nbsp;Produktinformation:&nbsp;Mini-guitar lavet af tr\u00e6, h\u00e5ndmaletBlisteremballageM\u00e5l: 15,5 x 6 x 0,4 cm Plaststativ medf\u00f8lgerFremstillet i skala 1:6Samlerobjekt&nbsp;&nbsp;Bem\u00e6rk, at produktet ikke er et leget\u00f8j. Det er ikke en officiel kopi af instrumentet. S\u00e6lgeren er p\u00e5 ingen m\u00e5de tilknyttet producenter af \u00e6gte instrumenter eller individuelle kunstnere. Navnene p\u00e5 modeller eller kunstnere er eksempler. Ingen af instrumenterne er tro kopier med hensyn til proportioner, st\u00f8rrelse og design.<\/p>\n","protected":false},"excerpt":{"rendered":"<p>Mini-guitar 15 cm i stil med E. Clapton &#8211; BMG-030 &nbsp;&nbsp;Mini-guitar 15 cm &#8211; BMG-030 i stil med E. Clapton er en miniatureversion af det ber\u00f8mte instrument, der vil gl\u00e6de enhver guitarfan. Den ser perfekt ud p\u00e5 en hylde, et skrivebord eller i en udstillingsmontre. Den leveres med et praktisk stativ. Dette er en fremragende [&hellip;]<\/p>\n","protected":false},"featured_media":44771,"comment_status":"open","ping_status":"closed","template":"","meta":[],"product_brand":[],"product_cat":[31],"product_tag":[],"class_list":{"0":"post-26932","1":"product","2":"type-product","3":"status-publish","4":"has-post-thumbnail","6":"product_cat-uncategorized-da","8":"first","9":"instock","10":"shipping-taxable","11":"purchasable","12":"product-type-simple"},"_links":{"self":[{"href":"https:\/\/nordicmart.andreevmaster.com\/da\/wp-json\/wp\/v2\/product\/26932","targetHints":{"allow":["GET"]}}],"collection":[{"href":"https:\/\/nordicmart.andreevmaster.com\/da\/wp-json\/wp\/v2\/product"}],"about":[{"href":"https:\/\/nordicmart.andreevmaster.com\/da\/wp-json\/wp\/v2\/types\/product"}],"replies":[{"embeddable":true,"href":"https:\/\/nordicmart.andreevmaster.com\/da\/wp-json\/wp\/v2\/comments?post=26932"}],"wp:featuredmedia":[{"embeddable":true,"href":"https:\/\/nordicmart.andreevmaster.com\/da\/wp-json\/wp\/v2\/media\/44771"}],"wp:attachment":[{"href":"https:\/\/nordicmart.andreevmaster.com\/da\/wp-json\/wp\/v2\/media?parent=26932"}],"wp:term":[{"taxonomy":"product_brand","embeddable":true,"href":"https:\/\/nordicmart.andreevmaster.com\/da\/wp-json\/wp\/v2\/product_brand?post=26932"},{"taxonomy":"product_cat","embeddable":true,"href":"https:\/\/nordicmart.andreevmaster.com\/da\/wp-json\/wp\/v2\/product_cat?post=26932"},{"taxonomy":"product_tag","embeddable":true,"href":"https:\/\/nordicmart.andreevmaster.com\/da\/wp-json\/wp\/v2\/product_tag?post=26932"}],"curies":[{"name":"wp","href":"https:\/\/api.w.org\/{rel}","templated":true}]}}