{"id":26930,"date":"2026-02-27T00:34:43","date_gmt":"2026-02-27T00:34:43","guid":{"rendered":"https:\/\/nordicmart.andreevmaster.com\/product\/mini-guitar-15-cm-bmg-024-i-slash-stil\/"},"modified":"2026-02-27T09:13:47","modified_gmt":"2026-02-27T09:13:47","slug":"mini-guitar-15-cm-bmg-024-i-slash-stil","status":"publish","type":"product","link":"https:\/\/nordicmart.andreevmaster.com\/da\/vare\/mini-guitar-15-cm-bmg-024-i-slash-stil\/","title":{"rendered":"Mini-guitar 15 cm &#8211; BMG-024 i Slash-stil"},"content":{"rendered":"<p>Mini-guitar 15 cm i Slash-stil &#8211; BMG-024 &nbsp;&nbsp;&nbsp;Produktinformation:&nbsp;Mini-guitar &#8211; h\u00e5ndlavet af mahogni-tr\u00e6Dimensioner: 15,5 x 6 x 0,4 cm, skala 1:6Guitarstativ medf\u00f8lgerDenne guitar er et samlerobjekt, ikke et leget\u00f8j. Guitaren kan ikke spilles p\u00e5. Den er et dekorativt produkt.Blisteremballage&nbsp;OBS! Miniguitaren er ikke en eksakt kopi af denne kunstners guitar. Den afspejler kun en bestemt musikstil. S\u00e6lgeren er p\u00e5 ingen m\u00e5de tilknyttet kunstneren.&nbsp;&nbsp;<\/p>\n","protected":false},"excerpt":{"rendered":"<p>Mini-guitar 15 cm i Slash-stil &#8211; BMG-024 &nbsp;&nbsp;&nbsp;Produktinformation:&nbsp;Mini-guitar &#8211; h\u00e5ndlavet af mahogni-tr\u00e6Dimensioner: 15,5 x 6 x 0,4 cm, skala 1:6Guitarstativ medf\u00f8lgerDenne guitar er et samlerobjekt, ikke et leget\u00f8j. Guitaren kan ikke spilles p\u00e5. Den er et dekorativt produkt.Blisteremballage&nbsp;OBS! Miniguitaren er ikke en eksakt kopi af denne kunstners guitar. Den afspejler kun en bestemt musikstil. S\u00e6lgeren [&hellip;]<\/p>\n","protected":false},"featured_media":44769,"comment_status":"open","ping_status":"closed","template":"","meta":[],"product_brand":[],"product_cat":[31],"product_tag":[],"class_list":{"0":"post-26930","1":"product","2":"type-product","3":"status-publish","4":"has-post-thumbnail","6":"product_cat-uncategorized-da","8":"first","9":"instock","10":"shipping-taxable","11":"purchasable","12":"product-type-simple"},"_links":{"self":[{"href":"https:\/\/nordicmart.andreevmaster.com\/da\/wp-json\/wp\/v2\/product\/26930","targetHints":{"allow":["GET"]}}],"collection":[{"href":"https:\/\/nordicmart.andreevmaster.com\/da\/wp-json\/wp\/v2\/product"}],"about":[{"href":"https:\/\/nordicmart.andreevmaster.com\/da\/wp-json\/wp\/v2\/types\/product"}],"replies":[{"embeddable":true,"href":"https:\/\/nordicmart.andreevmaster.com\/da\/wp-json\/wp\/v2\/comments?post=26930"}],"wp:featuredmedia":[{"embeddable":true,"href":"https:\/\/nordicmart.andreevmaster.com\/da\/wp-json\/wp\/v2\/media\/44769"}],"wp:attachment":[{"href":"https:\/\/nordicmart.andreevmaster.com\/da\/wp-json\/wp\/v2\/media?parent=26930"}],"wp:term":[{"taxonomy":"product_brand","embeddable":true,"href":"https:\/\/nordicmart.andreevmaster.com\/da\/wp-json\/wp\/v2\/product_brand?post=26930"},{"taxonomy":"product_cat","embeddable":true,"href":"https:\/\/nordicmart.andreevmaster.com\/da\/wp-json\/wp\/v2\/product_cat?post=26930"},{"taxonomy":"product_tag","embeddable":true,"href":"https:\/\/nordicmart.andreevmaster.com\/da\/wp-json\/wp\/v2\/product_tag?post=26930"}],"curies":[{"name":"wp","href":"https:\/\/api.w.org\/{rel}","templated":true}]}}