{"id":26929,"date":"2026-02-27T00:34:42","date_gmt":"2026-02-27T00:34:42","guid":{"rendered":"https:\/\/nordicmart.andreevmaster.com\/product\/mini-guitar-15-cm-sting-bmg-022\/"},"modified":"2026-02-27T09:13:47","modified_gmt":"2026-02-27T09:13:47","slug":"mini-guitar-15-cm-sting-bmg-022","status":"publish","type":"product","link":"https:\/\/nordicmart.andreevmaster.com\/da\/vare\/mini-guitar-15-cm-sting-bmg-022\/","title":{"rendered":"Mini guitar 15 cm &#8211; Sting &#8211; BMG-022"},"content":{"rendered":"<p>Mini-guitar 15 cm &#8211; BMG-022&nbsp;&nbsp;F\u00e5 et stykke rock&#8217;n&#8217;roll til din samling! Vi pr\u00e6senterer en mini-guitar inspireret af den ikoniske Les Paul-model, h\u00e5ndlavet af mahogni af h\u00f8j kvalitet. Det er ikke kun en perfekt replika, men ogs\u00e5 et unikt samlerobjekt, der vil gl\u00e6de enhver musikelsker. Kompakte dimensioner og sans for detaljer g\u00f8r denne miniguitar til en rigtig perle for rockfans.&nbsp;Produktinformation:&nbsp;Miniguitar &#8211; h\u00e5ndlavet af mahogniDimensioner: 15,5 x 6 x 0,4 cm, skala 1:6Guitarstativ medf\u00f8lgerDenne guitar er et samlerobjekt, det er ikke et leget\u00f8j. Guitaren kan ikke spilles p\u00e5. Det er et dekorativt produkt. Blisteremballage&nbsp;&nbsp;OBS! Miniguitaren er ikke en eksakt kopi af denne kunstners guitar. Den afspejler kun en bestemt stil inden for musik. S\u00e6lgeren er p\u00e5 ingen m\u00e5de tilknyttet kunstneren.&nbsp;&nbsp;&nbsp;<\/p>\n","protected":false},"excerpt":{"rendered":"<p>Mini-guitar 15 cm &#8211; BMG-022&nbsp;&nbsp;F\u00e5 et stykke rock&#8217;n&#8217;roll til din samling! Vi pr\u00e6senterer en mini-guitar inspireret af den ikoniske Les Paul-model, h\u00e5ndlavet af mahogni af h\u00f8j kvalitet. Det er ikke kun en perfekt replika, men ogs\u00e5 et unikt samlerobjekt, der vil gl\u00e6de enhver musikelsker. Kompakte dimensioner og sans for detaljer g\u00f8r denne miniguitar til en [&hellip;]<\/p>\n","protected":false},"featured_media":44768,"comment_status":"open","ping_status":"closed","template":"","meta":[],"product_brand":[],"product_cat":[31],"product_tag":[],"class_list":{"0":"post-26929","1":"product","2":"type-product","3":"status-publish","4":"has-post-thumbnail","6":"product_cat-uncategorized-da","8":"first","9":"instock","10":"shipping-taxable","11":"purchasable","12":"product-type-simple"},"_links":{"self":[{"href":"https:\/\/nordicmart.andreevmaster.com\/da\/wp-json\/wp\/v2\/product\/26929","targetHints":{"allow":["GET"]}}],"collection":[{"href":"https:\/\/nordicmart.andreevmaster.com\/da\/wp-json\/wp\/v2\/product"}],"about":[{"href":"https:\/\/nordicmart.andreevmaster.com\/da\/wp-json\/wp\/v2\/types\/product"}],"replies":[{"embeddable":true,"href":"https:\/\/nordicmart.andreevmaster.com\/da\/wp-json\/wp\/v2\/comments?post=26929"}],"wp:featuredmedia":[{"embeddable":true,"href":"https:\/\/nordicmart.andreevmaster.com\/da\/wp-json\/wp\/v2\/media\/44768"}],"wp:attachment":[{"href":"https:\/\/nordicmart.andreevmaster.com\/da\/wp-json\/wp\/v2\/media?parent=26929"}],"wp:term":[{"taxonomy":"product_brand","embeddable":true,"href":"https:\/\/nordicmart.andreevmaster.com\/da\/wp-json\/wp\/v2\/product_brand?post=26929"},{"taxonomy":"product_cat","embeddable":true,"href":"https:\/\/nordicmart.andreevmaster.com\/da\/wp-json\/wp\/v2\/product_cat?post=26929"},{"taxonomy":"product_tag","embeddable":true,"href":"https:\/\/nordicmart.andreevmaster.com\/da\/wp-json\/wp\/v2\/product_tag?post=26929"}],"curies":[{"name":"wp","href":"https:\/\/api.w.org\/{rel}","templated":true}]}}