{"id":26928,"date":"2026-02-27T00:34:42","date_gmt":"2026-02-27T00:34:42","guid":{"rendered":"https:\/\/nordicmart.andreevmaster.com\/product\/mini-guitar-15-cm-bmg-020-jimmy-page-stil\/"},"modified":"2026-02-27T09:13:47","modified_gmt":"2026-02-27T09:13:47","slug":"mini-guitar-15-cm-bmg-020-jimmy-page-stil","status":"publish","type":"product","link":"https:\/\/nordicmart.andreevmaster.com\/da\/vare\/mini-guitar-15-cm-bmg-020-jimmy-page-stil\/","title":{"rendered":"Mini guitar 15 cm &#8211; BMG-020 Jimmy Page-stil"},"content":{"rendered":"<p>Mini-guitar 15 cm &#8211; BMG-020 Jimmy Page-stil&nbsp;Mini-guitaren er inspireret af rockguitaristen Jimmy Page og hans dobbelthalsede Gibson og vil appellere til fans af det legendariske band Led Zeppelin. Guitaren er en fantastisk musikgadget til Zeppelin-fans, elskere af rockklassikere og musikere. Den vil se godt ud sammen med din pladesamling eller p\u00e5 en musikelskers kommode.&nbsp;Mini-guitaren er h\u00e5ndlavet af mahogni. Samlerobjekt. Guitaren er ikke et leget\u00f8j. Kan ikke spilles p\u00e5.&nbsp;Mini-guitar 15 cm &#8211; Jimmy Page-stil BMG-020 specifikationer:&nbsp;&bull; M\u00e5l: 15,5 x 6 x 0,4 cm&bull; Skala: 1:6&bull; Materiale: mahogni&bull; Farve: brun, sort&bull; S\u00e6ttet indeholder et plastik-metalstativ til at placere guitaren p\u00e5&bull; Blisterpakning&nbsp;Mini-guitar 15 cm &#8211; BMG-020 i Jimmy Page-stil er ideel som:&nbsp;&bull; En gadget til en fan af Jimmy Page&bull; Gadget til guitaristen&bull; En gave til en Zeppelin-fan&bull; Musikdekoration til dit hjemmestudie&nbsp;OBS! S\u00e6lgeren er p\u00e5 ingen m\u00e5de tilknyttet producenterne af \u00e6gte instrumenter eller individuelle kunstnere. Modellernes navne eller kunstnernes navne er eksempler. Ber\u00f8mte navne tjener kun til at vise en bestemt musikstil. Ingen af instrumenterne er en n\u00f8jagtig kopi med hensyn til proportioner, st\u00f8rrelse og design.&nbsp;<\/p>\n","protected":false},"excerpt":{"rendered":"<p>Mini-guitar 15 cm &#8211; BMG-020 Jimmy Page-stil&nbsp;Mini-guitaren er inspireret af rockguitaristen Jimmy Page og hans dobbelthalsede Gibson og vil appellere til fans af det legendariske band Led Zeppelin. Guitaren er en fantastisk musikgadget til Zeppelin-fans, elskere af rockklassikere og musikere. Den vil se godt ud sammen med din pladesamling eller p\u00e5 en musikelskers kommode.&nbsp;Mini-guitaren er [&hellip;]<\/p>\n","protected":false},"featured_media":44767,"comment_status":"open","ping_status":"closed","template":"","meta":[],"product_brand":[],"product_cat":[31],"product_tag":[],"class_list":{"0":"post-26928","1":"product","2":"type-product","3":"status-publish","4":"has-post-thumbnail","6":"product_cat-uncategorized-da","8":"first","9":"instock","10":"shipping-taxable","11":"purchasable","12":"product-type-simple"},"_links":{"self":[{"href":"https:\/\/nordicmart.andreevmaster.com\/da\/wp-json\/wp\/v2\/product\/26928","targetHints":{"allow":["GET"]}}],"collection":[{"href":"https:\/\/nordicmart.andreevmaster.com\/da\/wp-json\/wp\/v2\/product"}],"about":[{"href":"https:\/\/nordicmart.andreevmaster.com\/da\/wp-json\/wp\/v2\/types\/product"}],"replies":[{"embeddable":true,"href":"https:\/\/nordicmart.andreevmaster.com\/da\/wp-json\/wp\/v2\/comments?post=26928"}],"wp:featuredmedia":[{"embeddable":true,"href":"https:\/\/nordicmart.andreevmaster.com\/da\/wp-json\/wp\/v2\/media\/44767"}],"wp:attachment":[{"href":"https:\/\/nordicmart.andreevmaster.com\/da\/wp-json\/wp\/v2\/media?parent=26928"}],"wp:term":[{"taxonomy":"product_brand","embeddable":true,"href":"https:\/\/nordicmart.andreevmaster.com\/da\/wp-json\/wp\/v2\/product_brand?post=26928"},{"taxonomy":"product_cat","embeddable":true,"href":"https:\/\/nordicmart.andreevmaster.com\/da\/wp-json\/wp\/v2\/product_cat?post=26928"},{"taxonomy":"product_tag","embeddable":true,"href":"https:\/\/nordicmart.andreevmaster.com\/da\/wp-json\/wp\/v2\/product_tag?post=26928"}],"curies":[{"name":"wp","href":"https:\/\/api.w.org\/{rel}","templated":true}]}}