{"id":26927,"date":"2026-02-27T00:34:42","date_gmt":"2026-02-27T00:34:42","guid":{"rendered":"https:\/\/nordicmart.andreevmaster.com\/product\/mini-guitar-15-cm-i-j-lennon-stil-bmg-017\/"},"modified":"2026-02-27T09:13:46","modified_gmt":"2026-02-27T09:13:46","slug":"mini-guitar-15-cm-i-j-lennon-stil-bmg-017","status":"publish","type":"product","link":"https:\/\/nordicmart.andreevmaster.com\/da\/vare\/mini-guitar-15-cm-i-j-lennon-stil-bmg-017\/","title":{"rendered":"Mini-guitar 15 cm i J. Lennon-stil &#8211; BMG-017"},"content":{"rendered":"<p>Mini-guitar 15 cm i J. Lennon-stil &#8211; BMG-017 &nbsp;&nbsp;Produktinformation:&nbsp;Mini-guitar lavet af tr\u00e6, h\u00e5ndmalet Blisteremballage M\u00e5l: 15,5 x 6 x 0,4 cm Plaststativ medf\u00f8lger Fremstillet i skala 1:6 Samlerobjekt Bem\u00e6rk, at produktet ikke er et leget\u00f8j. Det er ikke en officiel kopi af instrumentet. S\u00e6lgeren er p\u00e5 ingen m\u00e5de tilknyttet producenter af \u00e6gte instrumenter eller individuelle kunstnere. Navnene p\u00e5 modeller eller kunstnere er eksempler. Ingen af instrumenterne er tro kopier med hensyn til proportioner, st\u00f8rrelse og design.<\/p>\n","protected":false},"excerpt":{"rendered":"<p>Mini-guitar 15 cm i J. Lennon-stil &#8211; BMG-017 &nbsp;&nbsp;Produktinformation:&nbsp;Mini-guitar lavet af tr\u00e6, h\u00e5ndmalet Blisteremballage M\u00e5l: 15,5 x 6 x 0,4 cm Plaststativ medf\u00f8lger Fremstillet i skala 1:6 Samlerobjekt Bem\u00e6rk, at produktet ikke er et leget\u00f8j. Det er ikke en officiel kopi af instrumentet. S\u00e6lgeren er p\u00e5 ingen m\u00e5de tilknyttet producenter af \u00e6gte instrumenter eller individuelle [&hellip;]<\/p>\n","protected":false},"featured_media":44766,"comment_status":"open","ping_status":"closed","template":"","meta":[],"product_brand":[],"product_cat":[31],"product_tag":[],"class_list":{"0":"post-26927","1":"product","2":"type-product","3":"status-publish","4":"has-post-thumbnail","6":"product_cat-uncategorized-da","8":"first","9":"instock","10":"shipping-taxable","11":"purchasable","12":"product-type-simple"},"_links":{"self":[{"href":"https:\/\/nordicmart.andreevmaster.com\/da\/wp-json\/wp\/v2\/product\/26927","targetHints":{"allow":["GET"]}}],"collection":[{"href":"https:\/\/nordicmart.andreevmaster.com\/da\/wp-json\/wp\/v2\/product"}],"about":[{"href":"https:\/\/nordicmart.andreevmaster.com\/da\/wp-json\/wp\/v2\/types\/product"}],"replies":[{"embeddable":true,"href":"https:\/\/nordicmart.andreevmaster.com\/da\/wp-json\/wp\/v2\/comments?post=26927"}],"wp:featuredmedia":[{"embeddable":true,"href":"https:\/\/nordicmart.andreevmaster.com\/da\/wp-json\/wp\/v2\/media\/44766"}],"wp:attachment":[{"href":"https:\/\/nordicmart.andreevmaster.com\/da\/wp-json\/wp\/v2\/media?parent=26927"}],"wp:term":[{"taxonomy":"product_brand","embeddable":true,"href":"https:\/\/nordicmart.andreevmaster.com\/da\/wp-json\/wp\/v2\/product_brand?post=26927"},{"taxonomy":"product_cat","embeddable":true,"href":"https:\/\/nordicmart.andreevmaster.com\/da\/wp-json\/wp\/v2\/product_cat?post=26927"},{"taxonomy":"product_tag","embeddable":true,"href":"https:\/\/nordicmart.andreevmaster.com\/da\/wp-json\/wp\/v2\/product_tag?post=26927"}],"curies":[{"name":"wp","href":"https:\/\/api.w.org\/{rel}","templated":true}]}}