{"id":26926,"date":"2026-02-27T00:34:42","date_gmt":"2026-02-27T00:34:42","guid":{"rendered":"https:\/\/nordicmart.andreevmaster.com\/product\/elvis-presley-style-mini-guitar-15-cm-bmg-011\/"},"modified":"2026-02-27T09:13:46","modified_gmt":"2026-02-27T09:13:46","slug":"elvis-presley-style-mini-guitar-15-cm-bmg-011","status":"publish","type":"product","link":"https:\/\/nordicmart.andreevmaster.com\/da\/vare\/elvis-presley-style-mini-guitar-15-cm-bmg-011\/","title":{"rendered":"Elvis Presley Style Mini Guitar 15 cm &#8211; BMG-011"},"content":{"rendered":"<p>Elvis Presley Style Mini Guitar 15 cm &#8211; BMG-011 &nbsp;&nbsp;Mini-guitar inspireret af det geniale legende amerikanske sangtalent Elvis Presley vil stj\u00e6le hjerterne hos fans af k\u00e6rlighedssange. Guitaren er en fantastisk gave til Elvis-fans og elskere af musik- og scenelegender. Miniguitaren vil se godt ud omgivet af din pladesamling eller p\u00e5 en musikelskers skrivebord.&nbsp;Miniguitaren er h\u00e5ndlavet af mahogni. Samlerobjekt. Guitaren er ikke et leget\u00f8j. Kan ikke spilles p\u00e5.&nbsp;&nbsp;Produktinformation:&nbsp;M\u00e5l: 15,5 x 6 x 0,4 cmSkala: 1:6Materiale: mahogniTr\u00e6Farve: brun, gul, sortS\u00e6ttet indeholder et plastik-metalstativ til at placere guitaren p\u00e5Blisterpakning&nbsp;&nbsp;OBS! S\u00e6lgeren er p\u00e5 ingen m\u00e5de tilknyttet producenter af \u00e6gte instrumenter eller individuelle kunstnere. Navnene p\u00e5 modellerne eller kunstnerne er eksempler. Ber\u00f8mte navne tjener kun til at vise en bestemt musikstil. Ingen af instrumenterne er en n\u00f8jagtig kopi med hensyn til proportioner, st\u00f8rrelse og design.<\/p>\n","protected":false},"excerpt":{"rendered":"<p>Elvis Presley Style Mini Guitar 15 cm &#8211; BMG-011 &nbsp;&nbsp;Mini-guitar inspireret af det geniale legende amerikanske sangtalent Elvis Presley vil stj\u00e6le hjerterne hos fans af k\u00e6rlighedssange. Guitaren er en fantastisk gave til Elvis-fans og elskere af musik- og scenelegender. Miniguitaren vil se godt ud omgivet af din pladesamling eller p\u00e5 en musikelskers skrivebord.&nbsp;Miniguitaren er h\u00e5ndlavet [&hellip;]<\/p>\n","protected":false},"featured_media":44765,"comment_status":"open","ping_status":"closed","template":"","meta":[],"product_brand":[],"product_cat":[31],"product_tag":[],"class_list":{"0":"post-26926","1":"product","2":"type-product","3":"status-publish","4":"has-post-thumbnail","6":"product_cat-uncategorized-da","8":"first","9":"instock","10":"shipping-taxable","11":"purchasable","12":"product-type-simple"},"_links":{"self":[{"href":"https:\/\/nordicmart.andreevmaster.com\/da\/wp-json\/wp\/v2\/product\/26926","targetHints":{"allow":["GET"]}}],"collection":[{"href":"https:\/\/nordicmart.andreevmaster.com\/da\/wp-json\/wp\/v2\/product"}],"about":[{"href":"https:\/\/nordicmart.andreevmaster.com\/da\/wp-json\/wp\/v2\/types\/product"}],"replies":[{"embeddable":true,"href":"https:\/\/nordicmart.andreevmaster.com\/da\/wp-json\/wp\/v2\/comments?post=26926"}],"wp:featuredmedia":[{"embeddable":true,"href":"https:\/\/nordicmart.andreevmaster.com\/da\/wp-json\/wp\/v2\/media\/44765"}],"wp:attachment":[{"href":"https:\/\/nordicmart.andreevmaster.com\/da\/wp-json\/wp\/v2\/media?parent=26926"}],"wp:term":[{"taxonomy":"product_brand","embeddable":true,"href":"https:\/\/nordicmart.andreevmaster.com\/da\/wp-json\/wp\/v2\/product_brand?post=26926"},{"taxonomy":"product_cat","embeddable":true,"href":"https:\/\/nordicmart.andreevmaster.com\/da\/wp-json\/wp\/v2\/product_cat?post=26926"},{"taxonomy":"product_tag","embeddable":true,"href":"https:\/\/nordicmart.andreevmaster.com\/da\/wp-json\/wp\/v2\/product_tag?post=26926"}],"curies":[{"name":"wp","href":"https:\/\/api.w.org\/{rel}","templated":true}]}}