{"id":26923,"date":"2026-02-27T00:34:41","date_gmt":"2026-02-27T00:34:41","guid":{"rendered":"https:\/\/nordicmart.andreevmaster.com\/product\/mini-guitar-15-cm-brian-may-stil-bmg-006\/"},"modified":"2026-02-27T09:13:46","modified_gmt":"2026-02-27T09:13:46","slug":"mini-guitar-15-cm-brian-may-stil-bmg-006","status":"publish","type":"product","link":"https:\/\/nordicmart.andreevmaster.com\/da\/vare\/mini-guitar-15-cm-brian-may-stil-bmg-006\/","title":{"rendered":"Mini guitar 15 cm Brian May-stil &#8211; BMG-006"},"content":{"rendered":"<p>Mini-guitar 15 cm Brian May-stil &#8211; BMG-006 &nbsp;&nbsp;Mini-guitaren i stil med Brian May &#8211; den legendariske guitarist og medstifter af bandet Queen &#8211; er et musikalsk gadget, der vil appellere til fans af den britiske kunstners arbejde. Mini-guitaren er en perfekt gave til fans af Brian May, Queen og rockklassikere.&nbsp;Mini-guitaren er h\u00e5ndlavet af mahogni. Samlerobjekt. Guitaren er ikke et leget\u00f8j. Kan ikke spilles p\u00e5.&nbsp;&nbsp;Mini-guitar 15 cm \u2013 BMG-006 Brian May-stil specifikation:&nbsp;M\u00e5l: 15,5 x 6 x 0,4 cmSkala: 1:6Materiale: mahogniTr\u00e6Farve: sort, hvid, brunS\u00e6ttet indeholder et plastik-metalstativ til at placere guitaren p\u00e5&nbsp;&nbsp;OBS! S\u00e6lgeren er p\u00e5 ingen m\u00e5de tilknyttet producenterne af \u00e6gte instrumenter eller individuelle kunstnere. Navnene p\u00e5 modellerne eller kunstnerne er eksempler. Ber\u00f8mte navne tjener kun til at vise en bestemt musikstil. Ingen af instrumenterne er en n\u00f8jagtig kopi med hensyn til proportioner, st\u00f8rrelse og design.&nbsp;<\/p>\n","protected":false},"excerpt":{"rendered":"<p>Mini-guitar 15 cm Brian May-stil &#8211; BMG-006 &nbsp;&nbsp;Mini-guitaren i stil med Brian May &#8211; den legendariske guitarist og medstifter af bandet Queen &#8211; er et musikalsk gadget, der vil appellere til fans af den britiske kunstners arbejde. Mini-guitaren er en perfekt gave til fans af Brian May, Queen og rockklassikere.&nbsp;Mini-guitaren er h\u00e5ndlavet af mahogni. Samlerobjekt. [&hellip;]<\/p>\n","protected":false},"featured_media":44762,"comment_status":"open","ping_status":"closed","template":"","meta":[],"product_brand":[],"product_cat":[31],"product_tag":[],"class_list":{"0":"post-26923","1":"product","2":"type-product","3":"status-publish","4":"has-post-thumbnail","6":"product_cat-uncategorized-da","8":"first","9":"instock","10":"shipping-taxable","11":"purchasable","12":"product-type-simple"},"_links":{"self":[{"href":"https:\/\/nordicmart.andreevmaster.com\/da\/wp-json\/wp\/v2\/product\/26923","targetHints":{"allow":["GET"]}}],"collection":[{"href":"https:\/\/nordicmart.andreevmaster.com\/da\/wp-json\/wp\/v2\/product"}],"about":[{"href":"https:\/\/nordicmart.andreevmaster.com\/da\/wp-json\/wp\/v2\/types\/product"}],"replies":[{"embeddable":true,"href":"https:\/\/nordicmart.andreevmaster.com\/da\/wp-json\/wp\/v2\/comments?post=26923"}],"wp:featuredmedia":[{"embeddable":true,"href":"https:\/\/nordicmart.andreevmaster.com\/da\/wp-json\/wp\/v2\/media\/44762"}],"wp:attachment":[{"href":"https:\/\/nordicmart.andreevmaster.com\/da\/wp-json\/wp\/v2\/media?parent=26923"}],"wp:term":[{"taxonomy":"product_brand","embeddable":true,"href":"https:\/\/nordicmart.andreevmaster.com\/da\/wp-json\/wp\/v2\/product_brand?post=26923"},{"taxonomy":"product_cat","embeddable":true,"href":"https:\/\/nordicmart.andreevmaster.com\/da\/wp-json\/wp\/v2\/product_cat?post=26923"},{"taxonomy":"product_tag","embeddable":true,"href":"https:\/\/nordicmart.andreevmaster.com\/da\/wp-json\/wp\/v2\/product_tag?post=26923"}],"curies":[{"name":"wp","href":"https:\/\/api.w.org\/{rel}","templated":true}]}}