{"id":26922,"date":"2026-02-27T00:34:41","date_gmt":"2026-02-27T00:34:41","guid":{"rendered":"https:\/\/nordicmart.andreevmaster.com\/product\/feber-2-i-1-stort-picnicbord-ghost-gyngestol\/"},"modified":"2026-02-27T09:13:45","modified_gmt":"2026-02-27T09:13:45","slug":"feber-2-i-1-stort-picnicbord-ghost-gyngestol","status":"publish","type":"product","link":"https:\/\/nordicmart.andreevmaster.com\/da\/vare\/feber-2-i-1-stort-picnicbord-ghost-gyngestol\/","title":{"rendered":"FEBER 2-i-1 stort picnicbord &#8211; Ghost gyngestol"},"content":{"rendered":"<p>Dette bord-gyngestol fra Feber, med \u00f8jne der bev\u00e6ger sig n\u00e5r man gynger, er det perfekte supplement til din legeplads derhjemme. N\u00e5r det vendes p\u00e5 hovedet, forvandles bordet til en gyngestol. Leget\u00f8jet har fire komfortable s\u00e6der. Det hele er lavet af h\u00f8jkvalitetsplast, der er modstandsdygtig over for vejrforhold og UV-str\u00e5ler. Dens design g\u00f8r det i\u00f8jnefaldende for alle b\u00f8rn. Dit barns gl\u00e6de er garanteret!<\/p>\n<p>Egenskaber:<\/p>\n<p>* &#8211; bordet kan vendes og blive til en gyngestol,<br \/>\n* &#8211; leget\u00f8jet har 4 s\u00e6der,<br \/>\n* &#8211; det hele er lavet af holdbart og stabilt plast d\u00e6kket med en ANTI-UV-bel\u00e6gning, der beskytter farverne mod at falme,<br \/>\n* &#8211; den solide konstruktion g\u00f8r det sikkert for b\u00f8rn.<\/p>\n<p>Feber er et kendt spansk firma, der har eksisteret i flere \u00e5rtier, og hvis produkter giver mange muligheder for kreativ leg. Kreativitet, innovation og sikkerhed er Feber&#8217;s vigtigste principper. Firmaet tilbyder ogs\u00e5 leget\u00f8j med licens. Fokus p\u00e5 h\u00f8j kvalitet og holdbarhed af leget\u00f8jet er grundlaget for produktionen. Alt leget\u00f8j er fremstillet i overensstemmelse med europ\u00e6iske sikkerhedsstandarder.<\/p>\n","protected":false},"excerpt":{"rendered":"<p>Dette bord-gyngestol fra Feber, med \u00f8jne der bev\u00e6ger sig n\u00e5r man gynger, er det perfekte supplement til din legeplads derhjemme. N\u00e5r det vendes p\u00e5 hovedet, forvandles bordet til en gyngestol. Leget\u00f8jet har fire komfortable s\u00e6der. Det hele er lavet af h\u00f8jkvalitetsplast, der er modstandsdygtig over for vejrforhold og UV-str\u00e5ler. Dens design g\u00f8r det i\u00f8jnefaldende for [&hellip;]<\/p>\n","protected":false},"featured_media":0,"comment_status":"open","ping_status":"closed","template":"","meta":[],"product_brand":[],"product_cat":[31],"product_tag":[],"class_list":{"0":"post-26922","1":"product","2":"type-product","3":"status-publish","5":"product_cat-uncategorized-da","7":"first","8":"instock","9":"shipping-taxable","10":"purchasable","11":"product-type-simple"},"_links":{"self":[{"href":"https:\/\/nordicmart.andreevmaster.com\/da\/wp-json\/wp\/v2\/product\/26922","targetHints":{"allow":["GET"]}}],"collection":[{"href":"https:\/\/nordicmart.andreevmaster.com\/da\/wp-json\/wp\/v2\/product"}],"about":[{"href":"https:\/\/nordicmart.andreevmaster.com\/da\/wp-json\/wp\/v2\/types\/product"}],"replies":[{"embeddable":true,"href":"https:\/\/nordicmart.andreevmaster.com\/da\/wp-json\/wp\/v2\/comments?post=26922"}],"wp:attachment":[{"href":"https:\/\/nordicmart.andreevmaster.com\/da\/wp-json\/wp\/v2\/media?parent=26922"}],"wp:term":[{"taxonomy":"product_brand","embeddable":true,"href":"https:\/\/nordicmart.andreevmaster.com\/da\/wp-json\/wp\/v2\/product_brand?post=26922"},{"taxonomy":"product_cat","embeddable":true,"href":"https:\/\/nordicmart.andreevmaster.com\/da\/wp-json\/wp\/v2\/product_cat?post=26922"},{"taxonomy":"product_tag","embeddable":true,"href":"https:\/\/nordicmart.andreevmaster.com\/da\/wp-json\/wp\/v2\/product_tag?post=26922"}],"curies":[{"name":"wp","href":"https:\/\/api.w.org\/{rel}","templated":true}]}}