{"id":26921,"date":"2026-02-27T00:34:40","date_gmt":"2026-02-27T00:34:40","guid":{"rendered":"https:\/\/nordicmart.andreevmaster.com\/product\/feber-stor-haveglider-med-vandrutsjebane-285-cm\/"},"modified":"2026-02-27T09:13:45","modified_gmt":"2026-02-27T09:13:45","slug":"feber-stor-haveglider-med-vandrutsjebane-285-cm","status":"publish","type":"product","link":"https:\/\/nordicmart.andreevmaster.com\/da\/vare\/feber-stor-haveglider-med-vandrutsjebane-285-cm\/","title":{"rendered":"FEBER Stor haveglider med vandrutsjebane 285 cm"},"content":{"rendered":"<p>En stor glider med vandtilslutning, raffineret i alle detaljer, sikker og stabil konstruktion p\u00e5 en metalramme. En s\u00e5dan glider er et perfekt supplement til din legeplads derhjemme! H\u00f8je gel\u00e6ndere over platformen og skridsikre trin sikrer vores b\u00f8rns sikkerhed. Ved at tilslutte en haveslange forvandles en almindelig rutsjebane til et vandeventyr. Den lange rutsjebane \u2013 285 cm \u2013 g\u00f8r det endnu sjovere. <\/p>\n<p>Egenskaber:<\/p>\n<p>* &#8211; rutsjebanen er udstyret med en 285 cm lang rutsjebane,<br \/>\n* &#8211; der kan tilsluttes en haveslange til rutsjebanen,* &#8211; den har h\u00f8je sidev\u00e6gge og afrundede kanter for behagelig og sikker leg,<br \/>\n* &#8211; den har ogs\u00e5 moderne formede trin, indbyggede h\u00e5ndtag, en specielt formet rygl\u00e6n og en bred, stabil base,<br \/>\n* &#8211; plasten er d\u00e6kket med en UV-bel\u00e6gning, som bevarer farvernes kvalitet i lang tid,<br \/>\n* &#8211; maksimal belastning anbefalet af producenten op til 50 kg.<\/p>\n<p>M\u00e5l: 209 x 302 x 117 (cm). Pakkem\u00e5l: 143 x 52 x 74,5 (cm). Alder: fra 3 \u00e5r. V\u00e6gt: 38 kg.<\/p>\n<p>FEBER leget\u00f8j omfatter: haveleget\u00f8j, gynger, legepladser, rutsjebaner og vandrutsjebaner, trehjulede cykler og meget mere. FEBER-leget\u00f8j er certificeret af AENOR ISO 9001, ISO 14001 og OSHAS18001, hvilket vidner om den h\u00f8je kvalitet i alle processer i forbindelse med leget\u00f8jsfremstilling: fra design og produktion til service.<\/p>\n","protected":false},"excerpt":{"rendered":"<p>En stor glider med vandtilslutning, raffineret i alle detaljer, sikker og stabil konstruktion p\u00e5 en metalramme. En s\u00e5dan glider er et perfekt supplement til din legeplads derhjemme! H\u00f8je gel\u00e6ndere over platformen og skridsikre trin sikrer vores b\u00f8rns sikkerhed. Ved at tilslutte en haveslange forvandles en almindelig rutsjebane til et vandeventyr. Den lange rutsjebane \u2013 285 [&hellip;]<\/p>\n","protected":false},"featured_media":0,"comment_status":"open","ping_status":"closed","template":"","meta":[],"product_brand":[],"product_cat":[31],"product_tag":[],"class_list":{"0":"post-26921","1":"product","2":"type-product","3":"status-publish","5":"product_cat-uncategorized-da","7":"first","8":"instock","9":"shipping-taxable","10":"purchasable","11":"product-type-simple"},"_links":{"self":[{"href":"https:\/\/nordicmart.andreevmaster.com\/da\/wp-json\/wp\/v2\/product\/26921","targetHints":{"allow":["GET"]}}],"collection":[{"href":"https:\/\/nordicmart.andreevmaster.com\/da\/wp-json\/wp\/v2\/product"}],"about":[{"href":"https:\/\/nordicmart.andreevmaster.com\/da\/wp-json\/wp\/v2\/types\/product"}],"replies":[{"embeddable":true,"href":"https:\/\/nordicmart.andreevmaster.com\/da\/wp-json\/wp\/v2\/comments?post=26921"}],"wp:attachment":[{"href":"https:\/\/nordicmart.andreevmaster.com\/da\/wp-json\/wp\/v2\/media?parent=26921"}],"wp:term":[{"taxonomy":"product_brand","embeddable":true,"href":"https:\/\/nordicmart.andreevmaster.com\/da\/wp-json\/wp\/v2\/product_brand?post=26921"},{"taxonomy":"product_cat","embeddable":true,"href":"https:\/\/nordicmart.andreevmaster.com\/da\/wp-json\/wp\/v2\/product_cat?post=26921"},{"taxonomy":"product_tag","embeddable":true,"href":"https:\/\/nordicmart.andreevmaster.com\/da\/wp-json\/wp\/v2\/product_tag?post=26921"}],"curies":[{"name":"wp","href":"https:\/\/api.w.org\/{rel}","templated":true}]}}