{"id":26920,"date":"2026-02-27T00:34:40","date_gmt":"2026-02-27T00:34:40","guid":{"rendered":"https:\/\/nordicmart.andreevmaster.com\/product\/fortuna-gudinde-for-lykke-og-rigdom-mc-9633\/"},"modified":"2026-02-27T09:13:45","modified_gmt":"2026-02-27T09:13:45","slug":"fortuna-gudinde-for-lykke-og-rigdom-mc-9633","status":"publish","type":"product","link":"https:\/\/nordicmart.andreevmaster.com\/da\/vare\/fortuna-gudinde-for-lykke-og-rigdom-mc-9633\/","title":{"rendered":"Fortuna, gudinde for lykke og rigdom MC-9633"},"content":{"rendered":"<p>Fortuna, gudinde for lykke og rigdom MC-9633&nbsp;&nbsp;Fortuna er en romersk gudinde, der styrer menneskers sk\u00e6bne. Hun svarede til den gr\u00e6ske gudinde Tyche. Hun blev is\u00e6r tilbedt i imperiets havnebyer som s\u00f8m\u00e6ndenes beskytterinde. Hendes vigtigste attribut, som hun ogs\u00e5 er afbildet med p\u00e5 figuren, er overfl\u00f8dighedshornet. Fortuna-figuren forestiller en kvinde med englevinger, der spreder guldm\u00f8nter omkring sig. Det er en smuk gave til en, vi holder af, og som vi \u00f8nsker fremgang i forretningen og i livet.&nbsp;Fortuna-figuren ser meget stilfuld ud i klassiske rum og kontorer. Du kan placere den i stuen, sovev\u00e6relset eller entreen og stole p\u00e5, at Fortuna er p\u00e5 din side. &nbsp;Produktinformation:&nbsp;Materiale: harpikskonglomerat &#8211; polyresinFarve: nuancer af brunt og kobberDimensioner: H\u00f8jde 29 cm, bredde 12 cm, dybde 8,5 cm&nbsp;<\/p>\n","protected":false},"excerpt":{"rendered":"<p>Fortuna, gudinde for lykke og rigdom MC-9633&nbsp;&nbsp;Fortuna er en romersk gudinde, der styrer menneskers sk\u00e6bne. Hun svarede til den gr\u00e6ske gudinde Tyche. Hun blev is\u00e6r tilbedt i imperiets havnebyer som s\u00f8m\u00e6ndenes beskytterinde. Hendes vigtigste attribut, som hun ogs\u00e5 er afbildet med p\u00e5 figuren, er overfl\u00f8dighedshornet. Fortuna-figuren forestiller en kvinde med englevinger, der spreder guldm\u00f8nter omkring [&hellip;]<\/p>\n","protected":false},"featured_media":44761,"comment_status":"open","ping_status":"closed","template":"","meta":[],"product_brand":[],"product_cat":[31],"product_tag":[],"class_list":{"0":"post-26920","1":"product","2":"type-product","3":"status-publish","4":"has-post-thumbnail","6":"product_cat-uncategorized-da","8":"first","9":"instock","10":"shipping-taxable","11":"purchasable","12":"product-type-simple"},"_links":{"self":[{"href":"https:\/\/nordicmart.andreevmaster.com\/da\/wp-json\/wp\/v2\/product\/26920","targetHints":{"allow":["GET"]}}],"collection":[{"href":"https:\/\/nordicmart.andreevmaster.com\/da\/wp-json\/wp\/v2\/product"}],"about":[{"href":"https:\/\/nordicmart.andreevmaster.com\/da\/wp-json\/wp\/v2\/types\/product"}],"replies":[{"embeddable":true,"href":"https:\/\/nordicmart.andreevmaster.com\/da\/wp-json\/wp\/v2\/comments?post=26920"}],"wp:featuredmedia":[{"embeddable":true,"href":"https:\/\/nordicmart.andreevmaster.com\/da\/wp-json\/wp\/v2\/media\/44761"}],"wp:attachment":[{"href":"https:\/\/nordicmart.andreevmaster.com\/da\/wp-json\/wp\/v2\/media?parent=26920"}],"wp:term":[{"taxonomy":"product_brand","embeddable":true,"href":"https:\/\/nordicmart.andreevmaster.com\/da\/wp-json\/wp\/v2\/product_brand?post=26920"},{"taxonomy":"product_cat","embeddable":true,"href":"https:\/\/nordicmart.andreevmaster.com\/da\/wp-json\/wp\/v2\/product_cat?post=26920"},{"taxonomy":"product_tag","embeddable":true,"href":"https:\/\/nordicmart.andreevmaster.com\/da\/wp-json\/wp\/v2\/product_tag?post=26920"}],"curies":[{"name":"wp","href":"https:\/\/api.w.org\/{rel}","templated":true}]}}