{"id":26919,"date":"2026-02-27T00:34:40","date_gmt":"2026-02-27T00:34:40","guid":{"rendered":"https:\/\/nordicmart.andreevmaster.com\/product\/feber-stor-tunnel-til-born-caterpillar-xxl-modulaer-legeplads\/"},"modified":"2026-02-27T09:13:45","modified_gmt":"2026-02-27T09:13:45","slug":"feber-stor-tunnel-til-born-caterpillar-xxl-modulaer-legeplads","status":"publish","type":"product","link":"https:\/\/nordicmart.andreevmaster.com\/da\/vare\/feber-stor-tunnel-til-born-caterpillar-xxl-modulaer-legeplads\/","title":{"rendered":"FEBER Stor tunnel til b\u00f8rn Caterpillar XXL Modul\u00e6r legeplads"},"content":{"rendered":"<p>Farverig FEBER Caterpillar-tunnel \u2013 en legeplads fuld af gl\u00e6de!<\/p>\n<p>FEBER Caterpillar-tunnelen er den perfekte l\u00f8sning til b\u00e5de private haver og uddannelsesinstitutioner \u2013 b\u00f8rnehaver, vuggestuer og legerum. Denne farverige, stabile og overraskende legeplads tilskynder til fysisk aktivitet, gruppeleg og udvikling af motoriske f\u00e6rdigheder \u2013 alt sammen under overholdelse af de h\u00f8jeste sikkerhedsstandarder. Fremstillet i Spanien ved hj\u00e6lp af den nyeste teknologi og de h\u00f8jeste sikkerhedsstandarder.<\/p>\n<p>Egenskaber:<\/p>\n<p>* &#8211; En stor, holdbar tunnel i form af en smilende larve \u2013 1,7 m lang!<br \/>\n* Best\u00e5r af farverige moduler, der kan kombineres i forskellige konfigurationer, s\u00e5 de passer til den tilg\u00e6ngelige plads<br \/>\n* &#8211; Anti-UV-bel\u00e6gning \u2013 \u00e6ndrer ikke farve, n\u00e5r den uds\u00e6ttes for sollys<br \/>\n* &#8211; Modulerne kan forbindes i forskellige konfigurationer<br \/>\n* &#8211; S\u00e6ttet er designet til b\u00f8rn i alderen 3 til 8 \u00e5r<br \/>\n* &#8211; Maksimal belastning 25 kg pr. modul<br \/>\n* &#8211; Nem montering \u2013 g\u00f8r-det-selv-s\u00e6t<\/p>\n<p>Leget\u00f8jet udvikler:<\/p>\n<p>* &#8211; fremmer fysisk aktivitet og integration<br \/>\n* &#8211; udvikler motoriske f\u00e6rdigheder og rumlig orientering<br \/>\n* &#8211; underst\u00f8tter kreativt holdspil<\/p>\n<p>S\u00f8rg for dine b\u00f8rns sunde udvikling gennem aktiv leg \u2013 v\u00e6lg gennempr\u00f8vet FEBER-kvalitet!<\/p>\n","protected":false},"excerpt":{"rendered":"<p>Farverig FEBER Caterpillar-tunnel \u2013 en legeplads fuld af gl\u00e6de! FEBER Caterpillar-tunnelen er den perfekte l\u00f8sning til b\u00e5de private haver og uddannelsesinstitutioner \u2013 b\u00f8rnehaver, vuggestuer og legerum. Denne farverige, stabile og overraskende legeplads tilskynder til fysisk aktivitet, gruppeleg og udvikling af motoriske f\u00e6rdigheder \u2013 alt sammen under overholdelse af de h\u00f8jeste sikkerhedsstandarder. Fremstillet i Spanien ved [&hellip;]<\/p>\n","protected":false},"featured_media":0,"comment_status":"open","ping_status":"closed","template":"","meta":[],"product_brand":[],"product_cat":[31],"product_tag":[],"class_list":{"0":"post-26919","1":"product","2":"type-product","3":"status-publish","5":"product_cat-uncategorized-da","7":"first","8":"instock","9":"shipping-taxable","10":"purchasable","11":"product-type-simple"},"_links":{"self":[{"href":"https:\/\/nordicmart.andreevmaster.com\/da\/wp-json\/wp\/v2\/product\/26919","targetHints":{"allow":["GET"]}}],"collection":[{"href":"https:\/\/nordicmart.andreevmaster.com\/da\/wp-json\/wp\/v2\/product"}],"about":[{"href":"https:\/\/nordicmart.andreevmaster.com\/da\/wp-json\/wp\/v2\/types\/product"}],"replies":[{"embeddable":true,"href":"https:\/\/nordicmart.andreevmaster.com\/da\/wp-json\/wp\/v2\/comments?post=26919"}],"wp:attachment":[{"href":"https:\/\/nordicmart.andreevmaster.com\/da\/wp-json\/wp\/v2\/media?parent=26919"}],"wp:term":[{"taxonomy":"product_brand","embeddable":true,"href":"https:\/\/nordicmart.andreevmaster.com\/da\/wp-json\/wp\/v2\/product_brand?post=26919"},{"taxonomy":"product_cat","embeddable":true,"href":"https:\/\/nordicmart.andreevmaster.com\/da\/wp-json\/wp\/v2\/product_cat?post=26919"},{"taxonomy":"product_tag","embeddable":true,"href":"https:\/\/nordicmart.andreevmaster.com\/da\/wp-json\/wp\/v2\/product_tag?post=26919"}],"curies":[{"name":"wp","href":"https:\/\/api.w.org\/{rel}","templated":true}]}}