{"id":26918,"date":"2026-02-27T00:34:40","date_gmt":"2026-02-27T00:34:40","guid":{"rendered":"https:\/\/nordicmart.andreevmaster.com\/product\/feber-stor-haveglider-med-vandrutsjebane-190-cm\/"},"modified":"2026-02-27T09:13:45","modified_gmt":"2026-02-27T09:13:45","slug":"feber-stor-haveglider-med-vandrutsjebane-190-cm","status":"publish","type":"product","link":"https:\/\/nordicmart.andreevmaster.com\/da\/vare\/feber-stor-haveglider-med-vandrutsjebane-190-cm\/","title":{"rendered":"FEBER Stor haveglider med vandrutsjebane 190 cm"},"content":{"rendered":"<p>En farverig glider fra det spanske m\u00e6rke Feber til b\u00f8rn fra 3 \u00e5r og opefter. Den 190 cm lange glider og den komfortable stige med h\u00e5ndtag, som b\u00f8rnene kan klatre op ad, sikrer sikkerheden. Tilslut en haveslange til rutsjebanen, og du har den perfekte vandlegeplads til varme dage. Produktet er lavet af holdbart og modstandsdygtigt plast d\u00e6kket med en ANTI-UV-bel\u00e6gning, der beskytter mod falmning. <\/p>\n<p>Funktioner: <\/p>\n<p>* &#8211; rutsjebanen er udstyret med en 190 cm lang rutsjebane,<br \/>\n* &#8211; en haveslange kan tilsluttes rutsjebanen,* &#8211; den har h\u00f8je sidev\u00e6gge og afrundede kanter for behagelig og sikker leg,<br \/>\n* &#8211; den har ogs\u00e5 moderne formede trin, indbyggede h\u00e5ndtag, en specielt formet rygl\u00e6n og en bred, stabil base,<br \/>\n* &#8211; plasten er d\u00e6kket med en UV-bel\u00e6gning, som bevarer farvernes kvalitet i lang tid,<br \/>\n* &#8211; maksimal belastning op til 30 kg.<\/p>\n<p>FEBER blev grundlagt i 1956 i Ibi, Spanien. Det er det f\u00f8rende m\u00e6rke inden for haveleget\u00f8j i Spanien, hvilket ogs\u00e5 g\u00e6lder for hele Europa. Kerneaspekterne i virksomheden er innovation, sikkerhed og komfort, hvilket er tydeligt i alle Feber-produkter. Det skaber mange muligheder for kreativt leg. Alt leget\u00f8j er fremstillet i overensstemmelse med europ\u00e6iske sikkerhedsstandarder. Advarsel: Kun til brug i hjemmet.<\/p>\n","protected":false},"excerpt":{"rendered":"<p>En farverig glider fra det spanske m\u00e6rke Feber til b\u00f8rn fra 3 \u00e5r og opefter. Den 190 cm lange glider og den komfortable stige med h\u00e5ndtag, som b\u00f8rnene kan klatre op ad, sikrer sikkerheden. Tilslut en haveslange til rutsjebanen, og du har den perfekte vandlegeplads til varme dage. Produktet er lavet af holdbart og modstandsdygtigt [&hellip;]<\/p>\n","protected":false},"featured_media":0,"comment_status":"open","ping_status":"closed","template":"","meta":[],"product_brand":[],"product_cat":[31],"product_tag":[],"class_list":{"0":"post-26918","1":"product","2":"type-product","3":"status-publish","5":"product_cat-uncategorized-da","7":"first","8":"instock","9":"shipping-taxable","10":"purchasable","11":"product-type-simple"},"_links":{"self":[{"href":"https:\/\/nordicmart.andreevmaster.com\/da\/wp-json\/wp\/v2\/product\/26918","targetHints":{"allow":["GET"]}}],"collection":[{"href":"https:\/\/nordicmart.andreevmaster.com\/da\/wp-json\/wp\/v2\/product"}],"about":[{"href":"https:\/\/nordicmart.andreevmaster.com\/da\/wp-json\/wp\/v2\/types\/product"}],"replies":[{"embeddable":true,"href":"https:\/\/nordicmart.andreevmaster.com\/da\/wp-json\/wp\/v2\/comments?post=26918"}],"wp:attachment":[{"href":"https:\/\/nordicmart.andreevmaster.com\/da\/wp-json\/wp\/v2\/media?parent=26918"}],"wp:term":[{"taxonomy":"product_brand","embeddable":true,"href":"https:\/\/nordicmart.andreevmaster.com\/da\/wp-json\/wp\/v2\/product_brand?post=26918"},{"taxonomy":"product_cat","embeddable":true,"href":"https:\/\/nordicmart.andreevmaster.com\/da\/wp-json\/wp\/v2\/product_cat?post=26918"},{"taxonomy":"product_tag","embeddable":true,"href":"https:\/\/nordicmart.andreevmaster.com\/da\/wp-json\/wp\/v2\/product_tag?post=26918"}],"curies":[{"name":"wp","href":"https:\/\/api.w.org\/{rel}","templated":true}]}}