{"id":26917,"date":"2026-02-27T00:34:39","date_gmt":"2026-02-27T00:34:39","guid":{"rendered":"https:\/\/nordicmart.andreevmaster.com\/product\/feber-legeplads-med-rutsjebane-og-bord-traehus\/"},"modified":"2026-02-27T09:13:44","modified_gmt":"2026-02-27T09:13:44","slug":"feber-legeplads-med-rutsjebane-og-bord-traehus","status":"publish","type":"product","link":"https:\/\/nordicmart.andreevmaster.com\/da\/vare\/feber-legeplads-med-rutsjebane-og-bord-traehus\/","title":{"rendered":"FEBER Legeplads med rutsjebane og bord Tr\u00e6hus"},"content":{"rendered":"<p>Feber Legeplads med rutsjebane og bord er en farverig, stabil legeplads fuld af overraskelser, der giver dine sm\u00e5 mulighed for at opleve sp\u00e6ndingen ved sport. Den giver dem den n\u00f8dvendige m\u00e6ngde motion og udvikler deres fysiske kondition, samtidig med at sikkerhedsstandarderne overholdes. Fremstillet ved hj\u00e6lp af den nyeste teknologi og de h\u00f8jeste sikkerhedsstandarder. Sjov garanteret!<br \/>\nFunktioner:<br \/>\n* &#8211; det store tr\u00e6hus-s\u00e6t til b\u00f8rn er en fantastisk tilf\u00f8jelse til din legeplads derhjemme,<br \/>\n* &#8211; legepladsen er udstyret med en b\u00f8lget rutsjebane med en l\u00e6ngde p\u00e5 161 cm,<br \/>\n* &#8211; en ekstra attraktion er et bord og en b\u00e6nk, der kan indstilles i to positioner,<br \/>\n* &#8211; to v\u00e6gstiger f\u00f8rer op til den \u00f8verste platform,<br \/>\n* &#8211; Anti-UV-bel\u00e6gning &#8211; \u00e6ndrer ikke farve, n\u00e5r den uds\u00e6ttes for sollys.<br \/>\n* &#8211; DIY-samles\u00e6t.<\/p>\n<p>Feber er et kendt spansk firma, der har eksisteret i flere \u00e5rtier, og hvis produkter tilbyder mange muligheder for kreativ leg. Kreativitet, innovation og sikkerhed er Feber&#8217;s vigtigste principper. Virksomheden tilbyder ogs\u00e5 leget\u00f8j med licens. Fokus p\u00e5 h\u00f8j kvalitet og holdbarhed af leget\u00f8jet er grundlaget for produktionen. Alt leget\u00f8j er fremstillet i overensstemmelse med europ\u00e6iske sikkerhedsstandarder. Produktet er kun beregnet til brug i hjemmet.<\/p>\n","protected":false},"excerpt":{"rendered":"<p>Feber Legeplads med rutsjebane og bord er en farverig, stabil legeplads fuld af overraskelser, der giver dine sm\u00e5 mulighed for at opleve sp\u00e6ndingen ved sport. Den giver dem den n\u00f8dvendige m\u00e6ngde motion og udvikler deres fysiske kondition, samtidig med at sikkerhedsstandarderne overholdes. Fremstillet ved hj\u00e6lp af den nyeste teknologi og de h\u00f8jeste sikkerhedsstandarder. Sjov garanteret! [&hellip;]<\/p>\n","protected":false},"featured_media":0,"comment_status":"open","ping_status":"closed","template":"","meta":[],"product_brand":[],"product_cat":[31],"product_tag":[],"class_list":{"0":"post-26917","1":"product","2":"type-product","3":"status-publish","5":"product_cat-uncategorized-da","7":"first","8":"instock","9":"shipping-taxable","10":"purchasable","11":"product-type-simple"},"_links":{"self":[{"href":"https:\/\/nordicmart.andreevmaster.com\/da\/wp-json\/wp\/v2\/product\/26917","targetHints":{"allow":["GET"]}}],"collection":[{"href":"https:\/\/nordicmart.andreevmaster.com\/da\/wp-json\/wp\/v2\/product"}],"about":[{"href":"https:\/\/nordicmart.andreevmaster.com\/da\/wp-json\/wp\/v2\/types\/product"}],"replies":[{"embeddable":true,"href":"https:\/\/nordicmart.andreevmaster.com\/da\/wp-json\/wp\/v2\/comments?post=26917"}],"wp:attachment":[{"href":"https:\/\/nordicmart.andreevmaster.com\/da\/wp-json\/wp\/v2\/media?parent=26917"}],"wp:term":[{"taxonomy":"product_brand","embeddable":true,"href":"https:\/\/nordicmart.andreevmaster.com\/da\/wp-json\/wp\/v2\/product_brand?post=26917"},{"taxonomy":"product_cat","embeddable":true,"href":"https:\/\/nordicmart.andreevmaster.com\/da\/wp-json\/wp\/v2\/product_cat?post=26917"},{"taxonomy":"product_tag","embeddable":true,"href":"https:\/\/nordicmart.andreevmaster.com\/da\/wp-json\/wp\/v2\/product_tag?post=26917"}],"curies":[{"name":"wp","href":"https:\/\/api.w.org\/{rel}","templated":true}]}}