{"id":26916,"date":"2026-02-27T00:34:39","date_gmt":"2026-02-27T00:34:39","guid":{"rendered":"https:\/\/nordicmart.andreevmaster.com\/product\/feber-garden-slide-vandrutsjebane-152-cm\/"},"modified":"2026-02-27T09:13:44","modified_gmt":"2026-02-27T09:13:44","slug":"feber-garden-slide-vandrutsjebane-152-cm","status":"publish","type":"product","link":"https:\/\/nordicmart.andreevmaster.com\/da\/vare\/feber-garden-slide-vandrutsjebane-152-cm\/","title":{"rendered":"FEBER Garden Slide vandrutsjebane 152 cm"},"content":{"rendered":"<p>FEBER STOR RUTSJEBANE 152 CM MED VANDRUTSJEBANE er en integreret del af enhver legeplads, b\u00e5de hjemme og p\u00e5 offentlige steder. Feber-rutsjebaner er fremstillet af materialer af h\u00f8j kvalitet med opm\u00e6rksomhed p\u00e5 de mindste detaljer. Rutsjebanerne kan kombineres med andre legepladser eller havehuse for at skabe et unikt sted for b\u00f8rn at lege.<\/p>\n<p>Funktioner:<\/p>\n<p>* &#8211; rutsjebanen er udstyret med en 152 cm lang rutsjebane,<br \/>\n* &#8211; en haveslange kan tilsluttes rutsjebanen,<br \/>\n* &#8211; den har h\u00f8je sidev\u00e6gge og afrundede kanter for behagelig og sikker leg,<br \/>\n* &#8211; den har moderne formede trin,<br \/>\n* &#8211; indbyggede h\u00e5ndtag,* &#8211; specielt formet rygl\u00e6n,<br \/>\n* &#8211; stabil bred base,<br \/>\n* &#8211; plasten er d\u00e6kket med en UV-bel\u00e6gning, som bevarer farvernes kvalitet i lang tid.<\/p>\n<p>FEBER blev grundlagt i 1956 i Ibi, Spanien. Det er det f\u00f8rende m\u00e6rke inden for haveleget\u00f8j i Spanien, hvilket ogs\u00e5 g\u00e6lder for hele Europa. Kernen i virksomheden er innovation, sikkerhed og komfort, hvilket kommer til udtryk i alle Feber-produkter. Det skaber mange muligheder for kreativ leg. Alt leget\u00f8j er fremstillet i overensstemmelse med europ\u00e6iske sikkerhedsstandarder.<\/p>\n","protected":false},"excerpt":{"rendered":"<p>FEBER STOR RUTSJEBANE 152 CM MED VANDRUTSJEBANE er en integreret del af enhver legeplads, b\u00e5de hjemme og p\u00e5 offentlige steder. Feber-rutsjebaner er fremstillet af materialer af h\u00f8j kvalitet med opm\u00e6rksomhed p\u00e5 de mindste detaljer. Rutsjebanerne kan kombineres med andre legepladser eller havehuse for at skabe et unikt sted for b\u00f8rn at lege. Funktioner: * &#8211; [&hellip;]<\/p>\n","protected":false},"featured_media":0,"comment_status":"open","ping_status":"closed","template":"","meta":[],"product_brand":[],"product_cat":[31],"product_tag":[],"class_list":{"0":"post-26916","1":"product","2":"type-product","3":"status-publish","5":"product_cat-uncategorized-da","7":"first","8":"instock","9":"shipping-taxable","10":"purchasable","11":"product-type-simple"},"_links":{"self":[{"href":"https:\/\/nordicmart.andreevmaster.com\/da\/wp-json\/wp\/v2\/product\/26916","targetHints":{"allow":["GET"]}}],"collection":[{"href":"https:\/\/nordicmart.andreevmaster.com\/da\/wp-json\/wp\/v2\/product"}],"about":[{"href":"https:\/\/nordicmart.andreevmaster.com\/da\/wp-json\/wp\/v2\/types\/product"}],"replies":[{"embeddable":true,"href":"https:\/\/nordicmart.andreevmaster.com\/da\/wp-json\/wp\/v2\/comments?post=26916"}],"wp:attachment":[{"href":"https:\/\/nordicmart.andreevmaster.com\/da\/wp-json\/wp\/v2\/media?parent=26916"}],"wp:term":[{"taxonomy":"product_brand","embeddable":true,"href":"https:\/\/nordicmart.andreevmaster.com\/da\/wp-json\/wp\/v2\/product_brand?post=26916"},{"taxonomy":"product_cat","embeddable":true,"href":"https:\/\/nordicmart.andreevmaster.com\/da\/wp-json\/wp\/v2\/product_cat?post=26916"},{"taxonomy":"product_tag","embeddable":true,"href":"https:\/\/nordicmart.andreevmaster.com\/da\/wp-json\/wp\/v2\/product_tag?post=26916"}],"curies":[{"name":"wp","href":"https:\/\/api.w.org\/{rel}","templated":true}]}}