{"id":26915,"date":"2026-02-27T00:34:39","date_gmt":"2026-02-27T00:34:39","guid":{"rendered":"https:\/\/nordicmart.andreevmaster.com\/product\/berg-claas-xxl-bfr-pedal-go-kart-5-op-til-100-kg\/"},"modified":"2026-02-27T09:13:44","modified_gmt":"2026-02-27T09:13:44","slug":"berg-claas-xxl-bfr-pedal-go-kart-5-op-til-100-kg","status":"publish","type":"product","link":"https:\/\/nordicmart.andreevmaster.com\/da\/vare\/berg-claas-xxl-bfr-pedal-go-kart-5-op-til-100-kg\/","title":{"rendered":"BERG Claas XXL-BFR Pedal Go-Kart 5+ op til 100 kg"},"content":{"rendered":"<p>Berg XXL-BFR CLAAS Pedal Go-Kart \u2013 intet eventyr er for stort for denne gokart! Uvejsomme stier og uj\u00e6vnt terr\u00e6n er ikke noget problem for de holdbare offroad-d\u00e6k. Din gokart bliver endnu sjovere med BERG-tilbeh\u00f8r s\u00e5som en overrullingsb\u00f8jle eller blinklys!<\/p>\n<p>Egenskaber:<\/p>\n<p>* &#8211; meget robust stel, hvilket g\u00f8r den velegnet til selv professionel brug.<br \/>\n* &#8211; vokser med dig takket v\u00e6re det justerbare s\u00e6de.<br \/>\n* &#8211; luftd\u00e6k giver ekstra komfort.<br \/>\n* &#8211; Fire hjul og en svingaksel sikrer stabil og sikker vejgreb.* &#8211; BFR XXL-system<\/p>\n","protected":false},"excerpt":{"rendered":"<p>Berg XXL-BFR CLAAS Pedal Go-Kart \u2013 intet eventyr er for stort for denne gokart! Uvejsomme stier og uj\u00e6vnt terr\u00e6n er ikke noget problem for de holdbare offroad-d\u00e6k. Din gokart bliver endnu sjovere med BERG-tilbeh\u00f8r s\u00e5som en overrullingsb\u00f8jle eller blinklys! Egenskaber: * &#8211; meget robust stel, hvilket g\u00f8r den velegnet til selv professionel brug. * &#8211; [&hellip;]<\/p>\n","protected":false},"featured_media":0,"comment_status":"open","ping_status":"closed","template":"","meta":[],"product_brand":[],"product_cat":[31],"product_tag":[],"class_list":{"0":"post-26915","1":"product","2":"type-product","3":"status-publish","5":"product_cat-uncategorized-da","7":"first","8":"instock","9":"shipping-taxable","10":"purchasable","11":"product-type-simple"},"_links":{"self":[{"href":"https:\/\/nordicmart.andreevmaster.com\/da\/wp-json\/wp\/v2\/product\/26915","targetHints":{"allow":["GET"]}}],"collection":[{"href":"https:\/\/nordicmart.andreevmaster.com\/da\/wp-json\/wp\/v2\/product"}],"about":[{"href":"https:\/\/nordicmart.andreevmaster.com\/da\/wp-json\/wp\/v2\/types\/product"}],"replies":[{"embeddable":true,"href":"https:\/\/nordicmart.andreevmaster.com\/da\/wp-json\/wp\/v2\/comments?post=26915"}],"wp:attachment":[{"href":"https:\/\/nordicmart.andreevmaster.com\/da\/wp-json\/wp\/v2\/media?parent=26915"}],"wp:term":[{"taxonomy":"product_brand","embeddable":true,"href":"https:\/\/nordicmart.andreevmaster.com\/da\/wp-json\/wp\/v2\/product_brand?post=26915"},{"taxonomy":"product_cat","embeddable":true,"href":"https:\/\/nordicmart.andreevmaster.com\/da\/wp-json\/wp\/v2\/product_cat?post=26915"},{"taxonomy":"product_tag","embeddable":true,"href":"https:\/\/nordicmart.andreevmaster.com\/da\/wp-json\/wp\/v2\/product_tag?post=26915"}],"curies":[{"name":"wp","href":"https:\/\/api.w.org\/{rel}","templated":true}]}}