{"id":26914,"date":"2026-02-27T00:34:39","date_gmt":"2026-02-27T00:34:39","guid":{"rendered":"https:\/\/nordicmart.andreevmaster.com\/product\/berg-xl-chopper-bfr-pedal-go-kart-2\/"},"modified":"2026-02-27T09:13:44","modified_gmt":"2026-02-27T09:13:44","slug":"berg-xl-chopper-bfr-pedal-go-kart-2","status":"publish","type":"product","link":"https:\/\/nordicmart.andreevmaster.com\/da\/vare\/berg-xl-chopper-bfr-pedal-go-kart-2\/","title":{"rendered":"BERG XL Chopper BFR Pedal Go-Kart"},"content":{"rendered":"<p>Berg Chopper BFR ens\u00e6det pedal-gokart er et robust k\u00f8ret\u00f8j, der vil give dit barn uforglemmelig sjov! Gokarten er udstyret med et justerbart s\u00e6de, s\u00e5 b\u00f8rn fra 5\/6 \u00e5r og opefter kan bruge den! Det enkle og praktiske design er lavet af materialer af h\u00f8j kvalitet og den h\u00f8jeste tekniske standard. Denne gokart er det perfekte k\u00f8ret\u00f8j til dit barn, som ogs\u00e5 underst\u00f8tter motorisk udvikling.<\/p>\n<p>Egenskaber:<\/p>\n<p>* &#8211; til b\u00f8rn fra 5 \u00e5r,<br \/>\n* &#8211; k\u00f8ret\u00f8jets v\u00e6gt: 40 kg,<br \/>\n* &#8211; maks. belastning: 100 kg,<br \/>\n* &#8211; anbefalet brugerh\u00f8jde: 125-190 cm,<br \/>\n* &#8211; konstruktion: st\u00e5l,<br \/>\n* &#8211; lukket k\u00e6detransmission,<br \/>\n* &#8211; BFR-gearkasse,<br \/>\n* &#8211; justerbart s\u00e6de,<br \/>\n* &#8211; hjuldiameter: 40 cm,<br \/>\n* &#8211; lille venderadius,<br \/>\n* &#8211; dobbeltlejer i rattet sikrer j\u00e6vn h\u00e5ndtering.<\/p>\n<p>BERG er et hollandsk firma med over 30 \u00e5rs erfaring i produktion og salg af leget\u00f8j. Berg-k\u00f8ret\u00f8jer er udelukkende fremstillet af ekstremt holdbare og sikre materialer af h\u00f8jeste kvalitet. Hvert stykke leget\u00f8j testes med b\u00f8rn for at sikre, at det forbliver fejlfrit i mange, mange \u00e5r!<\/p>\n","protected":false},"excerpt":{"rendered":"<p>Berg Chopper BFR ens\u00e6det pedal-gokart er et robust k\u00f8ret\u00f8j, der vil give dit barn uforglemmelig sjov! Gokarten er udstyret med et justerbart s\u00e6de, s\u00e5 b\u00f8rn fra 5\/6 \u00e5r og opefter kan bruge den! Det enkle og praktiske design er lavet af materialer af h\u00f8j kvalitet og den h\u00f8jeste tekniske standard. Denne gokart er det perfekte [&hellip;]<\/p>\n","protected":false},"featured_media":0,"comment_status":"open","ping_status":"closed","template":"","meta":[],"product_brand":[],"product_cat":[31],"product_tag":[],"class_list":{"0":"post-26914","1":"product","2":"type-product","3":"status-publish","5":"product_cat-uncategorized-da","7":"first","8":"instock","9":"shipping-taxable","10":"purchasable","11":"product-type-simple"},"_links":{"self":[{"href":"https:\/\/nordicmart.andreevmaster.com\/da\/wp-json\/wp\/v2\/product\/26914","targetHints":{"allow":["GET"]}}],"collection":[{"href":"https:\/\/nordicmart.andreevmaster.com\/da\/wp-json\/wp\/v2\/product"}],"about":[{"href":"https:\/\/nordicmart.andreevmaster.com\/da\/wp-json\/wp\/v2\/types\/product"}],"replies":[{"embeddable":true,"href":"https:\/\/nordicmart.andreevmaster.com\/da\/wp-json\/wp\/v2\/comments?post=26914"}],"wp:attachment":[{"href":"https:\/\/nordicmart.andreevmaster.com\/da\/wp-json\/wp\/v2\/media?parent=26914"}],"wp:term":[{"taxonomy":"product_brand","embeddable":true,"href":"https:\/\/nordicmart.andreevmaster.com\/da\/wp-json\/wp\/v2\/product_brand?post=26914"},{"taxonomy":"product_cat","embeddable":true,"href":"https:\/\/nordicmart.andreevmaster.com\/da\/wp-json\/wp\/v2\/product_cat?post=26914"},{"taxonomy":"product_tag","embeddable":true,"href":"https:\/\/nordicmart.andreevmaster.com\/da\/wp-json\/wp\/v2\/product_tag?post=26914"}],"curies":[{"name":"wp","href":"https:\/\/api.w.org\/{rel}","templated":true}]}}