{"id":26913,"date":"2026-02-27T00:34:38","date_gmt":"2026-02-27T00:34:38","guid":{"rendered":"https:\/\/nordicmart.andreevmaster.com\/product\/berg-xl-new-holland-bfr-pedal-go-kart-2\/"},"modified":"2026-02-27T09:13:44","modified_gmt":"2026-02-27T09:13:44","slug":"berg-xl-new-holland-bfr-pedal-go-kart-2","status":"publish","type":"product","link":"https:\/\/nordicmart.andreevmaster.com\/da\/vare\/berg-xl-new-holland-bfr-pedal-go-kart-2\/","title":{"rendered":"BERG XL New Holland BFR Pedal Go-Kart"},"content":{"rendered":"<p>BERG XL pedal-gokart, licenseret af New Holland, er en ekstraordin\u00e6r kombination af en gokart og en traktor! D\u00e6kkene og udst\u00f8dningssystemet giver den det ultimative traktorlook. De imponerende d\u00e6k med dybt m\u00f8nster og svingaksel sikrer den bedst mulige tr\u00e6kkraft i mudder og holder dig stabil p\u00e5 uj\u00e6vnt terr\u00e6n! Is\u00e6r udend\u00f8rs kan du finde friheden og pladsen til at nyde udend\u00f8rs eventyr. Det er et officielt licenseret produkt, og farverne, klisterm\u00e6rkerne og udst\u00f8dningsr\u00f8ret g\u00f8r denne gokart til en \u00e6gte New Holland for den unge landmand. <\/p>\n<p>Funktioner:<\/p>\n<p>* &#8211; efterligning af en \u00e6gte traktor,<br \/>\n* &#8211; har et justerbart s\u00e6de &#8211; forskelligt for dig,<br \/>\n* &#8211; ekstra tr\u00e6kkraft og komfort takket v\u00e6re d\u00e6k med dybt m\u00f8nster,* &#8211; har en solid konstruktion og en svingaksel for ekstra sikkerhed,<br \/>\n* &#8211; har et BFR-system &#8211; et unikt k\u00e6detransmissionssystem, der giver dig mulighed for at k\u00f8re fremad og bagud uden at skifte gear, og mekanismen er ogs\u00e5 udstyret med et fril\u00f8b og en bremse,<br \/>\n* &#8211; til b\u00f8rn og voksne,<br \/>\n* &#8211; inkluderer en nummerplade.<\/p>\n","protected":false},"excerpt":{"rendered":"<p>BERG XL pedal-gokart, licenseret af New Holland, er en ekstraordin\u00e6r kombination af en gokart og en traktor! D\u00e6kkene og udst\u00f8dningssystemet giver den det ultimative traktorlook. De imponerende d\u00e6k med dybt m\u00f8nster og svingaksel sikrer den bedst mulige tr\u00e6kkraft i mudder og holder dig stabil p\u00e5 uj\u00e6vnt terr\u00e6n! Is\u00e6r udend\u00f8rs kan du finde friheden og pladsen [&hellip;]<\/p>\n","protected":false},"featured_media":0,"comment_status":"open","ping_status":"closed","template":"","meta":[],"product_brand":[],"product_cat":[31],"product_tag":[],"class_list":{"0":"post-26913","1":"product","2":"type-product","3":"status-publish","5":"product_cat-uncategorized-da","7":"first","8":"instock","9":"shipping-taxable","10":"purchasable","11":"product-type-simple"},"_links":{"self":[{"href":"https:\/\/nordicmart.andreevmaster.com\/da\/wp-json\/wp\/v2\/product\/26913","targetHints":{"allow":["GET"]}}],"collection":[{"href":"https:\/\/nordicmart.andreevmaster.com\/da\/wp-json\/wp\/v2\/product"}],"about":[{"href":"https:\/\/nordicmart.andreevmaster.com\/da\/wp-json\/wp\/v2\/types\/product"}],"replies":[{"embeddable":true,"href":"https:\/\/nordicmart.andreevmaster.com\/da\/wp-json\/wp\/v2\/comments?post=26913"}],"wp:attachment":[{"href":"https:\/\/nordicmart.andreevmaster.com\/da\/wp-json\/wp\/v2\/media?parent=26913"}],"wp:term":[{"taxonomy":"product_brand","embeddable":true,"href":"https:\/\/nordicmart.andreevmaster.com\/da\/wp-json\/wp\/v2\/product_brand?post=26913"},{"taxonomy":"product_cat","embeddable":true,"href":"https:\/\/nordicmart.andreevmaster.com\/da\/wp-json\/wp\/v2\/product_cat?post=26913"},{"taxonomy":"product_tag","embeddable":true,"href":"https:\/\/nordicmart.andreevmaster.com\/da\/wp-json\/wp\/v2\/product_tag?post=26913"}],"curies":[{"name":"wp","href":"https:\/\/api.w.org\/{rel}","templated":true}]}}