{"id":26911,"date":"2026-02-27T00:34:38","date_gmt":"2026-02-27T00:34:38","guid":{"rendered":"https:\/\/nordicmart.andreevmaster.com\/product\/magnetisk-dart-dartspil-1066874\/"},"modified":"2026-02-27T09:13:43","modified_gmt":"2026-02-27T09:13:43","slug":"magnetisk-dart-dartspil-1066874","status":"publish","type":"product","link":"https:\/\/nordicmart.andreevmaster.com\/da\/vare\/magnetisk-dart-dartspil-1066874\/","title":{"rendered":"Magnetisk dart &#8211; Dartspil \u2013 1066874"},"content":{"rendered":"<p>Magnetisk dart &#8211; Dartspil \u2013 1066874Leder du efter underholdning til dig selv og dine venner? Magnetiske dartpile er den perfekte m\u00e5de at tilbringe din fritid med dine k\u00e6re p\u00e5. Pilene har en magnet, der g\u00f8r, at de kan kl\u00e6be sig fast til overfladen af m\u00e5let. At spille dart er ikke kun sjovt, men ogs\u00e5 en god m\u00e5de at forbedre h\u00e5nd-\u00f8je-koordinationen og koncentrationen p\u00e5.&nbsp;Magnetiske dartpile er den perfekte gave til mennesker i alle aldre. De er en god gave til b\u00e5de b\u00f8rn og voksne. Det er en fantastisk m\u00e5de at tilbringe tid sammen og styrke familieb\u00e5ndene p\u00e5. Takket v\u00e6re denne type produkt kan du tr\u00e6ne dine egne f\u00e6rdigheder og arrangere en mini-dartturnering.&nbsp;Produktinformation:&nbsp;Diameter: 33 cmInkluderer 3 dartpileFremstillet af materialer af h\u00f8j kvalitetLet at opbevare&nbsp;Dart er et stadig mere popul\u00e6rt spil, der vinder flere og flere tilh\u00e6ngere. Der arrangeres talrige turneringer og konkurrencer, b\u00e5de p\u00e5 amat\u00f8r- og professionelt niveau. Regler for dart: Dartspillet g\u00e5r ud p\u00e5 at kaste dartpile mod en dartskive, der er opdelt i firkanter med forskellige pointv\u00e6rdier. M\u00e5let med spillet er at score s\u00e5 mange point som muligt. Der findes mange forskellige variationer af spillet, hvilket g\u00f8r det meget underholdende og konkurrencepr\u00e6get. Spil: Spillerne kaster tre dartpile efter hinanden. Point t\u00e6lles bagl\u00e6ns og tr\u00e6kkes fra den oprindelige score. Rammer man bullseye (midten af m\u00e5let), giver det 50 point. Rammer man double bullseye (den lille cirkel i midten af m\u00e5let), giver det 100 point.Rammer man en talfelt, ganges det tal med to (f.eks. fordobler et hit p\u00e5 tallet 20 scoren til 40). Rammer man talfeltet, ganges det tal med tre (f.eks. tredobler et hit p\u00e5 tallet 20 scoren til 60). Dartpile, der rammer forbi eller springer tilbage fra m\u00e5let, t\u00e6ller ikke.Den f\u00f8rste spiller, der reducerer sin score til nul, vinder. Popul\u00e6re spilvarianter: 301: En klassisk variant af spillet, hvor spillerne starter med 301 point. 501: En mere udfordrende variant af spillet, hvor spillerne starter med 501 point. Cricket: En variant af spillet, hvor spillerne fors\u00f8ger at &#8220;lukke&#8221; firkanterne med tal fra 15 til 20.Killer: En variant af spillet, hvor spillerne eliminerer hinanden ved at ramme deres &#8220;tal&#8221;. Til b\u00f8rn: Spillet er kun til b\u00f8rn over 6 \u00e5r under opsyn af en voksen. For b\u00f8rn er der risiko for, at spillet bruges til andre form\u00e5l! Ikke til b\u00f8rn under 3 \u00e5r! Sm\u00e5 dele af spillet kan udg\u00f8re en kv\u00e6lningsfare.<\/p>\n","protected":false},"excerpt":{"rendered":"<p>Magnetisk dart &#8211; Dartspil \u2013 1066874Leder du efter underholdning til dig selv og dine venner? Magnetiske dartpile er den perfekte m\u00e5de at tilbringe din fritid med dine k\u00e6re p\u00e5. Pilene har en magnet, der g\u00f8r, at de kan kl\u00e6be sig fast til overfladen af m\u00e5let. At spille dart er ikke kun sjovt, men ogs\u00e5 en [&hellip;]<\/p>\n","protected":false},"featured_media":44760,"comment_status":"open","ping_status":"closed","template":"","meta":[],"product_brand":[],"product_cat":[31],"product_tag":[],"class_list":{"0":"post-26911","1":"product","2":"type-product","3":"status-publish","4":"has-post-thumbnail","6":"product_cat-uncategorized-da","8":"first","9":"instock","10":"shipping-taxable","11":"purchasable","12":"product-type-simple"},"_links":{"self":[{"href":"https:\/\/nordicmart.andreevmaster.com\/da\/wp-json\/wp\/v2\/product\/26911","targetHints":{"allow":["GET"]}}],"collection":[{"href":"https:\/\/nordicmart.andreevmaster.com\/da\/wp-json\/wp\/v2\/product"}],"about":[{"href":"https:\/\/nordicmart.andreevmaster.com\/da\/wp-json\/wp\/v2\/types\/product"}],"replies":[{"embeddable":true,"href":"https:\/\/nordicmart.andreevmaster.com\/da\/wp-json\/wp\/v2\/comments?post=26911"}],"wp:featuredmedia":[{"embeddable":true,"href":"https:\/\/nordicmart.andreevmaster.com\/da\/wp-json\/wp\/v2\/media\/44760"}],"wp:attachment":[{"href":"https:\/\/nordicmart.andreevmaster.com\/da\/wp-json\/wp\/v2\/media?parent=26911"}],"wp:term":[{"taxonomy":"product_brand","embeddable":true,"href":"https:\/\/nordicmart.andreevmaster.com\/da\/wp-json\/wp\/v2\/product_brand?post=26911"},{"taxonomy":"product_cat","embeddable":true,"href":"https:\/\/nordicmart.andreevmaster.com\/da\/wp-json\/wp\/v2\/product_cat?post=26911"},{"taxonomy":"product_tag","embeddable":true,"href":"https:\/\/nordicmart.andreevmaster.com\/da\/wp-json\/wp\/v2\/product_tag?post=26911"}],"curies":[{"name":"wp","href":"https:\/\/api.w.org\/{rel}","templated":true}]}}