{"id":26910,"date":"2026-02-27T00:34:38","date_gmt":"2026-02-27T00:34:38","guid":{"rendered":"https:\/\/nordicmart.andreevmaster.com\/product\/mini-dekorative-trommer-gave-til-en-musiker-bmd-012\/"},"modified":"2026-02-27T09:13:43","modified_gmt":"2026-02-27T09:13:43","slug":"mini-dekorative-trommer-gave-til-en-musiker-bmd-012","status":"publish","type":"product","link":"https:\/\/nordicmart.andreevmaster.com\/da\/vare\/mini-dekorative-trommer-gave-til-en-musiker-bmd-012\/","title":{"rendered":"Mini Dekorative Trommer &#8211; Gave til en Musiker &#8211; BMD-012"},"content":{"rendered":"<p>Mini Dekorative Trommer &#8211; Gave til en Musiker &#8211; BMD-012&nbsp;&nbsp;BMD-012 minitrommer er den perfekte gave til enhver musikfan eller trommeslager. Perfekt til at placere p\u00e5 et skrivebord, en hylde eller ethvert andet sted, hvor den kan minde dig om din passion for rytme og musik. En fantastisk gaveid\u00e9, der vil begejstre enhver trommeentusiast!&nbsp;&nbsp;Produktinformation:&nbsp;M\u00e5l: h\u00f8jde 10 cmFarve: r\u00f8d, hvid, sortSkala 1:10Samlerobjekt&nbsp;Bem\u00e6rk venligst, at trommesettet &ldquo;ikke spiller&rdquo; &#8211; det er kun en dekorativ genstandMateriale: plastik, metalGave til en musikfan.Gave til en trommeslager&nbsp;Perfekt som gave:&nbsp;til en trommeslagerfor en rock-, jazz- eller metalfantil f\u00f8dselsdage, helligdage eller som en lille gavetil kontoret, studiet, musikrummet&nbsp;<\/p>\n","protected":false},"excerpt":{"rendered":"<p>Mini Dekorative Trommer &#8211; Gave til en Musiker &#8211; BMD-012&nbsp;&nbsp;BMD-012 minitrommer er den perfekte gave til enhver musikfan eller trommeslager. Perfekt til at placere p\u00e5 et skrivebord, en hylde eller ethvert andet sted, hvor den kan minde dig om din passion for rytme og musik. En fantastisk gaveid\u00e9, der vil begejstre enhver trommeentusiast!&nbsp;&nbsp;Produktinformation:&nbsp;M\u00e5l: h\u00f8jde 10 [&hellip;]<\/p>\n","protected":false},"featured_media":44759,"comment_status":"open","ping_status":"closed","template":"","meta":[],"product_brand":[],"product_cat":[31],"product_tag":[],"class_list":{"0":"post-26910","1":"product","2":"type-product","3":"status-publish","4":"has-post-thumbnail","6":"product_cat-uncategorized-da","8":"first","9":"instock","10":"shipping-taxable","11":"purchasable","12":"product-type-simple"},"_links":{"self":[{"href":"https:\/\/nordicmart.andreevmaster.com\/da\/wp-json\/wp\/v2\/product\/26910","targetHints":{"allow":["GET"]}}],"collection":[{"href":"https:\/\/nordicmart.andreevmaster.com\/da\/wp-json\/wp\/v2\/product"}],"about":[{"href":"https:\/\/nordicmart.andreevmaster.com\/da\/wp-json\/wp\/v2\/types\/product"}],"replies":[{"embeddable":true,"href":"https:\/\/nordicmart.andreevmaster.com\/da\/wp-json\/wp\/v2\/comments?post=26910"}],"wp:featuredmedia":[{"embeddable":true,"href":"https:\/\/nordicmart.andreevmaster.com\/da\/wp-json\/wp\/v2\/media\/44759"}],"wp:attachment":[{"href":"https:\/\/nordicmart.andreevmaster.com\/da\/wp-json\/wp\/v2\/media?parent=26910"}],"wp:term":[{"taxonomy":"product_brand","embeddable":true,"href":"https:\/\/nordicmart.andreevmaster.com\/da\/wp-json\/wp\/v2\/product_brand?post=26910"},{"taxonomy":"product_cat","embeddable":true,"href":"https:\/\/nordicmart.andreevmaster.com\/da\/wp-json\/wp\/v2\/product_cat?post=26910"},{"taxonomy":"product_tag","embeddable":true,"href":"https:\/\/nordicmart.andreevmaster.com\/da\/wp-json\/wp\/v2\/product_tag?post=26910"}],"curies":[{"name":"wp","href":"https:\/\/api.w.org\/{rel}","templated":true}]}}