{"id":26909,"date":"2026-02-27T00:34:37","date_gmt":"2026-02-27T00:34:37","guid":{"rendered":"https:\/\/nordicmart.andreevmaster.com\/product\/mini-dekorative-trommer-gave-til-en-musiker-bmd-003\/"},"modified":"2026-02-27T09:13:43","modified_gmt":"2026-02-27T09:13:43","slug":"mini-dekorative-trommer-gave-til-en-musiker-bmd-003","status":"publish","type":"product","link":"https:\/\/nordicmart.andreevmaster.com\/da\/vare\/mini-dekorative-trommer-gave-til-en-musiker-bmd-003\/","title":{"rendered":"Mini dekorative trommer &#8211; gave til en musiker &#8211; BMD-003"},"content":{"rendered":"<p>Mini dekorative trommer &#8211; gave til en musiker &#8211; BMD-003&nbsp;&nbsp;BMD-003 mini-trommer er den perfekte gave til enhver musikfan eller trommeslager. Perfekt til at placere p\u00e5 et skrivebord, en hylde eller ethvert andet sted, hvor den kan minde dig om din passion for rytme og musik. Det er en fantastisk gaveid\u00e9, der vil gl\u00e6de enhver trommeentusiast!&nbsp;&nbsp;Produktinformation:&nbsp;&nbsp;M\u00e5l: H\u00f8jde 10 cmFarve: s\u00f8lv, sortSkala 1:10SamlerobjektBem\u00e6rk, at slagt\u00f8jet &ldquo;ikke kan spilles&rdquo; &#8211; det er kun et dekorativt objektMateriale: plast, metalGave til en musikfan.Gave til en trommeslager&nbsp;<\/p>\n","protected":false},"excerpt":{"rendered":"<p>Mini dekorative trommer &#8211; gave til en musiker &#8211; BMD-003&nbsp;&nbsp;BMD-003 mini-trommer er den perfekte gave til enhver musikfan eller trommeslager. Perfekt til at placere p\u00e5 et skrivebord, en hylde eller ethvert andet sted, hvor den kan minde dig om din passion for rytme og musik. Det er en fantastisk gaveid\u00e9, der vil gl\u00e6de enhver trommeentusiast!&nbsp;&nbsp;Produktinformation:&nbsp;&nbsp;M\u00e5l: [&hellip;]<\/p>\n","protected":false},"featured_media":44758,"comment_status":"open","ping_status":"closed","template":"","meta":[],"product_brand":[],"product_cat":[31],"product_tag":[],"class_list":{"0":"post-26909","1":"product","2":"type-product","3":"status-publish","4":"has-post-thumbnail","6":"product_cat-uncategorized-da","8":"first","9":"instock","10":"shipping-taxable","11":"purchasable","12":"product-type-simple"},"_links":{"self":[{"href":"https:\/\/nordicmart.andreevmaster.com\/da\/wp-json\/wp\/v2\/product\/26909","targetHints":{"allow":["GET"]}}],"collection":[{"href":"https:\/\/nordicmart.andreevmaster.com\/da\/wp-json\/wp\/v2\/product"}],"about":[{"href":"https:\/\/nordicmart.andreevmaster.com\/da\/wp-json\/wp\/v2\/types\/product"}],"replies":[{"embeddable":true,"href":"https:\/\/nordicmart.andreevmaster.com\/da\/wp-json\/wp\/v2\/comments?post=26909"}],"wp:featuredmedia":[{"embeddable":true,"href":"https:\/\/nordicmart.andreevmaster.com\/da\/wp-json\/wp\/v2\/media\/44758"}],"wp:attachment":[{"href":"https:\/\/nordicmart.andreevmaster.com\/da\/wp-json\/wp\/v2\/media?parent=26909"}],"wp:term":[{"taxonomy":"product_brand","embeddable":true,"href":"https:\/\/nordicmart.andreevmaster.com\/da\/wp-json\/wp\/v2\/product_brand?post=26909"},{"taxonomy":"product_cat","embeddable":true,"href":"https:\/\/nordicmart.andreevmaster.com\/da\/wp-json\/wp\/v2\/product_cat?post=26909"},{"taxonomy":"product_tag","embeddable":true,"href":"https:\/\/nordicmart.andreevmaster.com\/da\/wp-json\/wp\/v2\/product_tag?post=26909"}],"curies":[{"name":"wp","href":"https:\/\/api.w.org\/{rel}","templated":true}]}}