{"id":26908,"date":"2026-02-27T00:34:37","date_gmt":"2026-02-27T00:34:37","guid":{"rendered":"https:\/\/nordicmart.andreevmaster.com\/product\/rolly-toys-rollyunimog-forst-mercedes-benz-winch-pedal-truck-2\/"},"modified":"2026-02-27T09:13:42","modified_gmt":"2026-02-27T09:13:42","slug":"rolly-toys-rollyunimog-forst-mercedes-benz-winch-pedal-truck-2","status":"publish","type":"product","link":"https:\/\/nordicmart.andreevmaster.com\/da\/vare\/rolly-toys-rollyunimog-forst-mercedes-benz-winch-pedal-truck-2\/","title":{"rendered":"Rolly Toys RollyUnimog Forst Mercedes-Benz Winch &#8211; Pedal Truck"},"content":{"rendered":"<p>RollyUnimog Forst terr\u00e6ng\u00e5ende k\u00f8ret\u00f8j med tr\u00e6kline, licenseret af Mercedes-Benz, er et originalt tysk produkt af h\u00f8j kvalitet, som dine b\u00f8rn vil have gl\u00e6de af i mange \u00e5r. Denne store gr\u00f8nne bil med tr\u00e6kline og krog er en fantastisk gave til b\u00f8rn fra 3 \u00e5r og opefter. Bilen er perfekt til unge eventyrere og giver dem sikker sjov i et utal af scenarier! Det gr\u00f8nne Mercedes terr\u00e6ng\u00e5ende k\u00f8ret\u00f8j har et komfortabelt, justerbart s\u00e6de, s\u00e5 bilen vokser med dit barn. Derudover er hele det mekaniske system omhyggeligt lukket, s\u00e5 b\u00f8rn ikke kan f\u00e5 adgang til det, hvilket garanterer fuldst\u00e6ndig sikkerhed under leg. Et af de karakteristiske tr\u00e6k ved RollyUnimog Forest er dens funktionelle spil med en h\u00e5ndsving. Dette giver de sm\u00e5 opdagelsesrejsende mulighed for at lege skovarbejde eller komme dem til unds\u00e6tning, der har brug for hj\u00e6lp. H\u00e5ndsvinget giver b\u00f8rnene mulighed for at tr\u00e6kke i rebet og l\u00f8fte genstande \u2013 en fantastisk m\u00e5de at udvikle finmotorikken p\u00e5. Stille d\u00e6k sikrer, at leget\u00f8jet ikke genererer un\u00f8dvendig st\u00f8j under brug.- Leget\u00f8j til b\u00f8rn fra 3 \u00e5r &#8211; Justerbart s\u00e6de, der g\u00f8r det muligt at tilpasse k\u00f8ret\u00f8jet til barnets alder &#8211; Leveres med en funktionel spil &#8211; Hjul med en speciel d\u00e6kning, der g\u00f8r k\u00f8rslen mere st\u00f8jsvag &#8211; Optimeret venderadius takket v\u00e6re det roterende styresystem &#8211; Justerbar k\u00e6desp\u00e6nding &#8211; Indbygget, fuldt sikker k\u00e6dedrev &#8211; Holdbart styr &#8211; Ekstra tilbeh\u00f8r kan monteres<\/p>\n","protected":false},"excerpt":{"rendered":"<p>RollyUnimog Forst terr\u00e6ng\u00e5ende k\u00f8ret\u00f8j med tr\u00e6kline, licenseret af Mercedes-Benz, er et originalt tysk produkt af h\u00f8j kvalitet, som dine b\u00f8rn vil have gl\u00e6de af i mange \u00e5r. Denne store gr\u00f8nne bil med tr\u00e6kline og krog er en fantastisk gave til b\u00f8rn fra 3 \u00e5r og opefter. Bilen er perfekt til unge eventyrere og giver dem [&hellip;]<\/p>\n","protected":false},"featured_media":0,"comment_status":"open","ping_status":"closed","template":"","meta":[],"product_brand":[],"product_cat":[31],"product_tag":[],"class_list":{"0":"post-26908","1":"product","2":"type-product","3":"status-publish","5":"product_cat-uncategorized-da","7":"first","8":"instock","9":"shipping-taxable","10":"purchasable","11":"product-type-simple"},"_links":{"self":[{"href":"https:\/\/nordicmart.andreevmaster.com\/da\/wp-json\/wp\/v2\/product\/26908","targetHints":{"allow":["GET"]}}],"collection":[{"href":"https:\/\/nordicmart.andreevmaster.com\/da\/wp-json\/wp\/v2\/product"}],"about":[{"href":"https:\/\/nordicmart.andreevmaster.com\/da\/wp-json\/wp\/v2\/types\/product"}],"replies":[{"embeddable":true,"href":"https:\/\/nordicmart.andreevmaster.com\/da\/wp-json\/wp\/v2\/comments?post=26908"}],"wp:attachment":[{"href":"https:\/\/nordicmart.andreevmaster.com\/da\/wp-json\/wp\/v2\/media?parent=26908"}],"wp:term":[{"taxonomy":"product_brand","embeddable":true,"href":"https:\/\/nordicmart.andreevmaster.com\/da\/wp-json\/wp\/v2\/product_brand?post=26908"},{"taxonomy":"product_cat","embeddable":true,"href":"https:\/\/nordicmart.andreevmaster.com\/da\/wp-json\/wp\/v2\/product_cat?post=26908"},{"taxonomy":"product_tag","embeddable":true,"href":"https:\/\/nordicmart.andreevmaster.com\/da\/wp-json\/wp\/v2\/product_tag?post=26908"}],"curies":[{"name":"wp","href":"https:\/\/api.w.org\/{rel}","templated":true}]}}